{"id":12814,"date":"2020-07-23T21:12:31","date_gmt":"2020-07-23T21:12:31","guid":{"rendered":"https:\/\/basakcilastik.com.tr\/?post_type=product&#038;p=12814"},"modified":"2020-07-23T21:12:32","modified_gmt":"2020-07-23T21:12:32","slug":"dg-645-havali-kalipci-taslama","status":"publish","type":"product","link":"http:\/\/basakcilastik.com.tr\/?product=dg-645-havali-kalipci-taslama","title":{"rendered":"DG-645&#8221; HAVALI KALIP\u00c7I TA\u015eLAMA"},"content":{"rendered":"<table width=\"700\">\n<tbody>\n<tr>\n<td colspan=\"2\"><strong>DG-645&#8221; HAVALI KALIP\u00c7I TA\u015eLAMA\u00a0<\/strong><\/td>\n<\/tr>\n<tr>\n<td colspan=\"2\">A\u00e7\u0131l\u0131 kal\u0131p\u00e7\u0131 ta\u015flama makinas\u0131<\/p>\n<ul>\n<li><strong>\u00dczeri kompozit kapl\u0131 al\u00fcminyum g\u00f6vde<\/strong><\/li>\n<li><strong>Elde kaymay\u0131 \u00f6nleyen kaplama<\/strong><\/li>\n<li><strong>Zor eri\u015filen yerler i\u00e7in a\u00e7\u0131l\u0131 yap\u0131.<\/strong><\/li>\n<\/ul>\n<p>Kullan\u0131m Alanlar\u0131<br \/>\nK\u00fc\u00e7\u00fck \u00e7apl\u0131 kal\u0131p parlatma ve ta\u015flama i\u015flerinde ara\u00e7lar\u0131n lastik onar\u0131m\u0131nda.<\/p>\n<p>&nbsp;<\/td>\n<\/tr>\n<tr>\n<td width=\"162\">\u00dcr\u00fcn Kodu<\/td>\n<td width=\"155\">DG-645<\/td>\n<\/tr>\n<tr>\n<td>G\u00f6vde Materyali<\/td>\n<td>ALUM\u0130N\u0130UM<\/td>\n<\/tr>\n<tr>\n<td>U\u00e7 kapasitesi<\/td>\n<td>6 mm<\/td>\n<\/tr>\n<tr>\n<td>Max.S\u0131kma Torkum<\/td>\n<td>&#8211;<\/td>\n<\/tr>\n<tr>\n<td>\u00a0Mekanizma<\/td>\n<td>standart<\/td>\n<\/tr>\n<tr>\n<td>Bo\u015fta Devir<\/td>\n<td>18000 rpm<\/td>\n<\/tr>\n<tr>\n<td>G\u00fc\u00e7<\/td>\n<td>0.43 hp<\/td>\n<\/tr>\n<tr>\n<td>Uzunluk<\/td>\n<td>178 mm<\/td>\n<\/tr>\n<tr>\n<td>A\u011f\u0131rl\u0131k<\/td>\n<td>0.75 kg<\/td>\n<\/tr>\n<tr>\n<td>\u00c7al\u0131\u015fma Bas\u0131nc\u0131<\/td>\n<td>6.3 bar<\/td>\n<\/tr>\n<tr>\n<td>Minumum Hortum \u00d6l\u00e7\u00fcs\u00fc<\/td>\n<td>8 mm<\/td>\n<\/tr>\n<tr>\n<td>Hava T\u00fcketimi<\/td>\n<td>85 1\/min<\/td>\n<\/tr>\n<\/tbody>\n<\/table>\n","protected":false},"excerpt":{"rendered":"<p>DG-645&#8221; HAVALI KALIP\u00c7I TA\u015eLAMA\u00a0 A\u00e7\u0131l\u0131 kal\u0131p\u00e7\u0131 ta\u015flama makinas\u0131 \u00dczeri kompozit kapl\u0131 al\u00fcminyum g\u00f6vde Elde kaymay\u0131 \u00f6nleyen kaplama Zor eri\u015filen yerler i\u00e7in a\u00e7\u0131l\u0131 yap\u0131. Kullan\u0131m Alanlar\u0131 K\u00fc\u00e7\u00fck \u00e7apl\u0131 kal\u0131p parlatma ve ta\u015flama i\u015flerinde ara\u00e7lar\u0131n lastik onar\u0131m\u0131nda. &nbsp; \u00dcr\u00fcn Kodu DG-645 G\u00f6vde Materyali ALUM\u0130N\u0130UM U\u00e7 kapasitesi 6 mm Max.S\u0131kma Torkum &#8211; \u00a0Mekanizma standart Bo\u015fta Devir 18000 rpm G\u00fc\u00e7 0.43 hp Uzunluk 178 [&hellip;]<\/p>\n","protected":false},"featured_media":12817,"comment_status":"open","ping_status":"closed","template":"","meta":[],"product_brand":[],"product_cat":[15,90,100],"product_tag":[],"class_list":{"0":"post-12814","1":"product","2":"type-product","3":"status-publish","4":"has-post-thumbnail","6":"product_cat-genel","7":"product_cat-havali-aletler","8":"product_cat-kalipci-taslamalar-havali-aletler","10":"first","11":"instock","12":"shipping-taxable","13":"product-type-simple"},"_links":{"self":[{"href":"http:\/\/basakcilastik.com.tr\/index.php?rest_route=\/wp\/v2\/product\/12814","targetHints":{"allow":["GET"]}}],"collection":[{"href":"http:\/\/basakcilastik.com.tr\/index.php?rest_route=\/wp\/v2\/product"}],"about":[{"href":"http:\/\/basakcilastik.com.tr\/index.php?rest_route=\/wp\/v2\/types\/product"}],"replies":[{"embeddable":true,"href":"http:\/\/basakcilastik.com.tr\/index.php?rest_route=%2Fwp%2Fv2%2Fcomments&post=12814"}],"wp:featuredmedia":[{"embeddable":true,"href":"http:\/\/basakcilastik.com.tr\/index.php?rest_route=\/wp\/v2\/media\/12817"}],"wp:attachment":[{"href":"http:\/\/basakcilastik.com.tr\/index.php?rest_route=%2Fwp%2Fv2%2Fmedia&parent=12814"}],"wp:term":[{"taxonomy":"product_brand","embeddable":true,"href":"http:\/\/basakcilastik.com.tr\/index.php?rest_route=%2Fwp%2Fv2%2Fproduct_brand&post=12814"},{"taxonomy":"product_cat","embeddable":true,"href":"http:\/\/basakcilastik.com.tr\/index.php?rest_route=%2Fwp%2Fv2%2Fproduct_cat&post=12814"},{"taxonomy":"product_tag","embeddable":true,"href":"http:\/\/basakcilastik.com.tr\/index.php?rest_route=%2Fwp%2Fv2%2Fproduct_tag&post=12814"}],"curies":[{"name":"wp","href":"https:\/\/api.w.org\/{rel}","templated":true}]}}