{"id":12812,"date":"2020-07-23T21:11:54","date_gmt":"2020-07-23T21:11:54","guid":{"rendered":"https:\/\/basakcilastik.com.tr\/?post_type=product&#038;p=12812"},"modified":"2020-07-23T21:11:55","modified_gmt":"2020-07-23T21:11:55","slug":"dg-8l-6-mm-sappower-havali-kalipci-taslama-uzun","status":"publish","type":"product","link":"http:\/\/basakcilastik.com.tr\/?product=dg-8l-6-mm-sappower-havali-kalipci-taslama-uzun","title":{"rendered":"DG-8L 6 MM SAPPOWER HAVALI KALIP\u00c7I TA\u015eLAMA UZUN"},"content":{"rendered":"<table width=\"700\">\n<tbody>\n<tr>\n<td colspan=\"2\"><strong>DG-8L 6 MM SAPPOWER HAVALI KALIP\u00c7I TA\u015eLAMA UZUN\u00a0<\/strong><\/td>\n<\/tr>\n<tr>\n<td colspan=\"2\">\u00a0Y\u00fcksek Devirli uzun tip kal\u0131p\u00e7\u0131 Ta\u015flama makinas\u0131<\/p>\n<p>&nbsp;<\/p>\n<ul>\n<li><strong>\u00dczeri \u00a0kompozit g\u00f6vde<\/strong><\/li>\n<li><strong>Elde kaymay\u0131 \u00f6nleyen kaplama<\/strong><\/li>\n<li><strong>Zor eri\u015filen yerlere uygun uzun yap\u0131<\/strong><\/li>\n<\/ul>\n<p>Kullan\u0131m Alanlar\u0131<br \/>\nK\u00fc\u00e7\u00fck \u00e7apl\u0131 kal\u0131p parlatma ve ta\u015flama i\u015flerinde ara\u00e7lar\u0131n lastik onar\u0131m\u0131nda.<\/p>\n<p>&nbsp;<\/td>\n<\/tr>\n<tr>\n<td width=\"162\">\u00dcr\u00fcn Kodu<\/td>\n<td width=\"155\">DG-8L<\/td>\n<\/tr>\n<tr>\n<td>G\u00f6vde Materyali<\/td>\n<td>COMPOS\u0130TE<\/td>\n<\/tr>\n<tr>\n<td>U\u00e7 kapasitesi<\/td>\n<td>6 mm<\/td>\n<\/tr>\n<tr>\n<td>Max.S\u0131kma Torkum<\/td>\n<td>&#8211;<\/td>\n<\/tr>\n<tr>\n<td>\u00a0Mekanizma<\/td>\n<td>standart<\/td>\n<\/tr>\n<tr>\n<td>Bo\u015fta Devir<\/td>\n<td>25000 rpm<\/td>\n<\/tr>\n<tr>\n<td>G\u00fc\u00e7<\/td>\n<td>0.43 hp<\/td>\n<\/tr>\n<tr>\n<td>Uzunluk<\/td>\n<td>256 mm<\/td>\n<\/tr>\n<tr>\n<td>A\u011f\u0131rl\u0131k<\/td>\n<td>0.70 kg<\/td>\n<\/tr>\n<tr>\n<td>\u00c7al\u0131\u015fma Bas\u0131nc\u0131<\/td>\n<td>6.3 bar<\/td>\n<\/tr>\n<tr>\n<td>Minumum Hortum \u00d6l\u00e7\u00fcs\u00fc<\/td>\n<td>8 mm<\/td>\n<\/tr>\n<tr>\n<td>Hava T\u00fcketimi<\/td>\n<td>77 1\/min<\/td>\n<\/tr>\n<\/tbody>\n<\/table>\n","protected":false},"excerpt":{"rendered":"<p>DG-8L 6 MM SAPPOWER HAVALI KALIP\u00c7I TA\u015eLAMA UZUN\u00a0 \u00a0Y\u00fcksek Devirli uzun tip kal\u0131p\u00e7\u0131 Ta\u015flama makinas\u0131 &nbsp; \u00dczeri \u00a0kompozit g\u00f6vde Elde kaymay\u0131 \u00f6nleyen kaplama Zor eri\u015filen yerlere uygun uzun yap\u0131 Kullan\u0131m Alanlar\u0131 K\u00fc\u00e7\u00fck \u00e7apl\u0131 kal\u0131p parlatma ve ta\u015flama i\u015flerinde ara\u00e7lar\u0131n lastik onar\u0131m\u0131nda. &nbsp; \u00dcr\u00fcn Kodu DG-8L G\u00f6vde Materyali COMPOS\u0130TE U\u00e7 kapasitesi 6 mm Max.S\u0131kma Torkum &#8211; \u00a0Mekanizma standart Bo\u015fta Devir 25000 [&hellip;]<\/p>\n","protected":false},"featured_media":12815,"comment_status":"open","ping_status":"closed","template":"","meta":[],"product_brand":[],"product_cat":[15,90,100],"product_tag":[],"class_list":{"0":"post-12812","1":"product","2":"type-product","3":"status-publish","4":"has-post-thumbnail","6":"product_cat-genel","7":"product_cat-havali-aletler","8":"product_cat-kalipci-taslamalar-havali-aletler","10":"first","11":"instock","12":"shipping-taxable","13":"product-type-simple"},"_links":{"self":[{"href":"http:\/\/basakcilastik.com.tr\/index.php?rest_route=\/wp\/v2\/product\/12812","targetHints":{"allow":["GET"]}}],"collection":[{"href":"http:\/\/basakcilastik.com.tr\/index.php?rest_route=\/wp\/v2\/product"}],"about":[{"href":"http:\/\/basakcilastik.com.tr\/index.php?rest_route=\/wp\/v2\/types\/product"}],"replies":[{"embeddable":true,"href":"http:\/\/basakcilastik.com.tr\/index.php?rest_route=%2Fwp%2Fv2%2Fcomments&post=12812"}],"wp:featuredmedia":[{"embeddable":true,"href":"http:\/\/basakcilastik.com.tr\/index.php?rest_route=\/wp\/v2\/media\/12815"}],"wp:attachment":[{"href":"http:\/\/basakcilastik.com.tr\/index.php?rest_route=%2Fwp%2Fv2%2Fmedia&parent=12812"}],"wp:term":[{"taxonomy":"product_brand","embeddable":true,"href":"http:\/\/basakcilastik.com.tr\/index.php?rest_route=%2Fwp%2Fv2%2Fproduct_brand&post=12812"},{"taxonomy":"product_cat","embeddable":true,"href":"http:\/\/basakcilastik.com.tr\/index.php?rest_route=%2Fwp%2Fv2%2Fproduct_cat&post=12812"},{"taxonomy":"product_tag","embeddable":true,"href":"http:\/\/basakcilastik.com.tr\/index.php?rest_route=%2Fwp%2Fv2%2Fproduct_tag&post=12812"}],"curies":[{"name":"wp","href":"https:\/\/api.w.org\/{rel}","templated":true}]}}