{"id":12810,"date":"2020-07-23T21:11:05","date_gmt":"2020-07-23T21:11:05","guid":{"rendered":"https:\/\/basakcilastik.com.tr\/?post_type=product&#038;p=12810"},"modified":"2020-07-23T21:11:06","modified_gmt":"2020-07-23T21:11:06","slug":"dg-7f-6-mm-sappower-havali-kalipci-taslama-onden-egzoz","status":"publish","type":"product","link":"http:\/\/basakcilastik.com.tr\/?product=dg-7f-6-mm-sappower-havali-kalipci-taslama-onden-egzoz","title":{"rendered":"DG-7F 6 MM SAPPOWER HAVALI KALIP\u00c7I TA\u015eLAMA \u00d6NDEN EGZOZ"},"content":{"rendered":"<table width=\"700\">\n<tbody>\n<tr>\n<td colspan=\"2\"><strong>DG-7F 6 MM SAPPOWER HAVALI KALIP\u00c7I TA\u015eLAMA \u00d6NDEN EGSOZ<\/strong><\/td>\n<\/tr>\n<tr>\n<td colspan=\"2\">G\u00fc\u00e7l\u00fc ve y\u00fcksek devirli<\/p>\n<ul>\n<li><strong>\u00dczeri kompozit kapl\u0131 al\u00fcminyum g\u00f6vde<\/strong><\/li>\n<li><strong>Elde kaymay\u0131 \u00f6nleyen kaplama<\/strong><\/li>\n<\/ul>\n<p>Kullan\u0131m Alanlar\u0131<br \/>\nK\u00fc\u00e7\u00fck \u00e7apl\u0131 kal\u0131p parlatma ve ta\u015flama i\u015flerinde ara\u00e7lar\u0131n lastik onar\u0131m\u0131nda.<\/p>\n<p>&nbsp;<\/td>\n<\/tr>\n<tr>\n<td width=\"162\">\u00dcr\u00fcn Kodu<\/td>\n<td width=\"155\">DG-7F<\/td>\n<\/tr>\n<tr>\n<td>G\u00f6vde Materyali<\/td>\n<td>ALUM\u0130N\u0130UM<\/td>\n<\/tr>\n<tr>\n<td>U\u00e7 kapasitesi<\/td>\n<td>6 mm<\/td>\n<\/tr>\n<tr>\n<td>Max.S\u0131kma Torkum<\/td>\n<td>&#8211;<\/td>\n<\/tr>\n<tr>\n<td>\u00a0Mekanizma<\/td>\n<td>standart<\/td>\n<\/tr>\n<tr>\n<td>Bo\u015fta Devir<\/td>\n<td>24000 rpm<\/td>\n<\/tr>\n<tr>\n<td>G\u00fc\u00e7<\/td>\n<td>0.35 hp<\/td>\n<\/tr>\n<tr>\n<td>Uzunluk<\/td>\n<td>173 mm<\/td>\n<\/tr>\n<tr>\n<td>A\u011f\u0131rl\u0131k<\/td>\n<td>0.62 kg<\/td>\n<\/tr>\n<tr>\n<td>\u00c7al\u0131\u015fma Bas\u0131nc\u0131<\/td>\n<td>6.3 bar<\/td>\n<\/tr>\n<tr>\n<td>Minumum Hortum \u00d6l\u00e7\u00fcs\u00fc<\/td>\n<td>8 mm<\/td>\n<\/tr>\n<tr>\n<td>Hava T\u00fcketimi<\/td>\n<td>83 1\/min<\/td>\n<\/tr>\n<\/tbody>\n<\/table>\n","protected":false},"excerpt":{"rendered":"<p>DG-7F 6 MM SAPPOWER HAVALI KALIP\u00c7I TA\u015eLAMA \u00d6NDEN EGSOZ G\u00fc\u00e7l\u00fc ve y\u00fcksek devirli \u00dczeri kompozit kapl\u0131 al\u00fcminyum g\u00f6vde Elde kaymay\u0131 \u00f6nleyen kaplama Kullan\u0131m Alanlar\u0131 K\u00fc\u00e7\u00fck \u00e7apl\u0131 kal\u0131p parlatma ve ta\u015flama i\u015flerinde ara\u00e7lar\u0131n lastik onar\u0131m\u0131nda. &nbsp; \u00dcr\u00fcn Kodu DG-7F G\u00f6vde Materyali ALUM\u0130N\u0130UM U\u00e7 kapasitesi 6 mm Max.S\u0131kma Torkum &#8211; \u00a0Mekanizma standart Bo\u015fta Devir 24000 rpm G\u00fc\u00e7 0.35 hp Uzunluk 173 mm [&hellip;]<\/p>\n","protected":false},"featured_media":12813,"comment_status":"open","ping_status":"closed","template":"","meta":[],"product_brand":[],"product_cat":[15,90,100],"product_tag":[],"class_list":{"0":"post-12810","1":"product","2":"type-product","3":"status-publish","4":"has-post-thumbnail","6":"product_cat-genel","7":"product_cat-havali-aletler","8":"product_cat-kalipci-taslamalar-havali-aletler","10":"first","11":"instock","12":"shipping-taxable","13":"product-type-simple"},"_links":{"self":[{"href":"http:\/\/basakcilastik.com.tr\/index.php?rest_route=\/wp\/v2\/product\/12810","targetHints":{"allow":["GET"]}}],"collection":[{"href":"http:\/\/basakcilastik.com.tr\/index.php?rest_route=\/wp\/v2\/product"}],"about":[{"href":"http:\/\/basakcilastik.com.tr\/index.php?rest_route=\/wp\/v2\/types\/product"}],"replies":[{"embeddable":true,"href":"http:\/\/basakcilastik.com.tr\/index.php?rest_route=%2Fwp%2Fv2%2Fcomments&post=12810"}],"wp:featuredmedia":[{"embeddable":true,"href":"http:\/\/basakcilastik.com.tr\/index.php?rest_route=\/wp\/v2\/media\/12813"}],"wp:attachment":[{"href":"http:\/\/basakcilastik.com.tr\/index.php?rest_route=%2Fwp%2Fv2%2Fmedia&parent=12810"}],"wp:term":[{"taxonomy":"product_brand","embeddable":true,"href":"http:\/\/basakcilastik.com.tr\/index.php?rest_route=%2Fwp%2Fv2%2Fproduct_brand&post=12810"},{"taxonomy":"product_cat","embeddable":true,"href":"http:\/\/basakcilastik.com.tr\/index.php?rest_route=%2Fwp%2Fv2%2Fproduct_cat&post=12810"},{"taxonomy":"product_tag","embeddable":true,"href":"http:\/\/basakcilastik.com.tr\/index.php?rest_route=%2Fwp%2Fv2%2Fproduct_tag&post=12810"}],"curies":[{"name":"wp","href":"https:\/\/api.w.org\/{rel}","templated":true}]}}