{"id":12802,"date":"2020-07-23T21:07:08","date_gmt":"2020-07-23T21:07:08","guid":{"rendered":"https:\/\/basakcilastik.com.tr\/?post_type=product&#038;p=12802"},"modified":"2020-07-23T21:07:10","modified_gmt":"2020-07-23T21:07:10","slug":"dg-3y-sappower-havali-el-aletleri-havali-kalipci-taslama","status":"publish","type":"product","link":"http:\/\/basakcilastik.com.tr\/?product=dg-3y-sappower-havali-el-aletleri-havali-kalipci-taslama","title":{"rendered":"DG-3Y  SAPPOWER HAVALI EL ALETLER\u0130 HAVALI KALIP\u00c7I TA\u015eLAMA"},"content":{"rendered":"<table width=\"700\">\n<tbody>\n<tr>\n<td colspan=\"2\">DG-3Y<strong>\u00a0 SAPPOWER HAVALI EL ALETLER\u0130 HAVALI KALIP\u00c7I TA\u015eLAMA<\/strong><\/td>\n<\/tr>\n<tr>\n<td colspan=\"2\"><strong>G\u00fc\u00e7l\u00fc ve y\u00fcksek devirli.<\/strong><\/p>\n<ul>\n<li>\u00dczeri kompozit kapl\u0131 al\u00fcminyum g\u00f6vde<\/li>\n<li>Elde kaymay\u0131 \u00f6nleyen kaplama<\/li>\n<\/ul>\n<p><strong>Kullan\u0131m Alanlar\u0131 :K\u00fc\u00e7\u00fck \u00e7apl\u0131 kal\u0131p parlatma ve ta\u015flama i\u015flerinde ara\u00e7lar\u0131n lastik onar\u0131mlar\u0131nda.<\/strong><\/td>\n<\/tr>\n<tr>\n<td width=\"162\"><strong>\u00dcr\u00fcn Kodu<\/strong><\/td>\n<td width=\"155\">DG-3Y<\/td>\n<\/tr>\n<tr>\n<td><strong>G\u00f6vde Materyali<\/strong><\/td>\n<td>COMPOS\u0130TE<\/td>\n<\/tr>\n<tr>\n<td><strong>U\u00e7 Kapasitesi<\/strong><\/td>\n<td>6 mm<\/td>\n<\/tr>\n<tr>\n<td><strong>Bo\u015fte Devir<\/strong><\/td>\n<td>2200 rpm<\/td>\n<\/tr>\n<tr>\n<td><strong>\u00a0Mekanizma<\/strong><\/td>\n<td>Standart<\/td>\n<\/tr>\n<tr>\n<td><strong>G\u00fc\u00e7<\/strong><\/td>\n<td>1 hp (0.70 KW)<\/td>\n<\/tr>\n<tr>\n<td><strong>Max s\u0131kma torku<\/strong><\/td>\n<td>&#8211;<\/td>\n<\/tr>\n<tr>\n<td><strong>Uzunluk<\/strong><\/td>\n<td>151 mm<\/td>\n<\/tr>\n<tr>\n<td><strong>A\u011f\u0131rl\u0131k<\/strong><\/td>\n<td>0.32 kg<\/td>\n<\/tr>\n<tr>\n<td><strong>\u00c7al\u0131\u015fma Bas\u0131nc\u0131<\/strong><\/td>\n<td>6.3 bar<\/td>\n<\/tr>\n<tr>\n<td><strong>Minumum Hortum \u00d6l\u00e7\u00fcs\u00fc<\/strong><\/td>\n<td>8 mm<\/td>\n<\/tr>\n<tr>\n<td><strong>Hava T\u00fcketimi<\/strong><\/td>\n<td>86 1 1\/min<\/td>\n<\/tr>\n<\/tbody>\n<\/table>\n","protected":false},"excerpt":{"rendered":"<p>DG-3Y\u00a0 SAPPOWER HAVALI EL ALETLER\u0130 HAVALI KALIP\u00c7I TA\u015eLAMA G\u00fc\u00e7l\u00fc ve y\u00fcksek devirli. \u00dczeri kompozit kapl\u0131 al\u00fcminyum g\u00f6vde Elde kaymay\u0131 \u00f6nleyen kaplama Kullan\u0131m Alanlar\u0131 :K\u00fc\u00e7\u00fck \u00e7apl\u0131 kal\u0131p parlatma ve ta\u015flama i\u015flerinde ara\u00e7lar\u0131n lastik onar\u0131mlar\u0131nda. \u00dcr\u00fcn Kodu DG-3Y G\u00f6vde Materyali COMPOS\u0130TE U\u00e7 Kapasitesi 6 mm Bo\u015fte Devir 2200 rpm \u00a0Mekanizma Standart G\u00fc\u00e7 1 hp (0.70 KW) Max s\u0131kma torku &#8211; Uzunluk 151 [&hellip;]<\/p>\n","protected":false},"featured_media":12803,"comment_status":"open","ping_status":"closed","template":"","meta":[],"product_brand":[],"product_cat":[15,90,100],"product_tag":[],"class_list":{"0":"post-12802","1":"product","2":"type-product","3":"status-publish","4":"has-post-thumbnail","6":"product_cat-genel","7":"product_cat-havali-aletler","8":"product_cat-kalipci-taslamalar-havali-aletler","10":"first","11":"instock","12":"shipping-taxable","13":"product-type-simple"},"_links":{"self":[{"href":"http:\/\/basakcilastik.com.tr\/index.php?rest_route=\/wp\/v2\/product\/12802","targetHints":{"allow":["GET"]}}],"collection":[{"href":"http:\/\/basakcilastik.com.tr\/index.php?rest_route=\/wp\/v2\/product"}],"about":[{"href":"http:\/\/basakcilastik.com.tr\/index.php?rest_route=\/wp\/v2\/types\/product"}],"replies":[{"embeddable":true,"href":"http:\/\/basakcilastik.com.tr\/index.php?rest_route=%2Fwp%2Fv2%2Fcomments&post=12802"}],"wp:featuredmedia":[{"embeddable":true,"href":"http:\/\/basakcilastik.com.tr\/index.php?rest_route=\/wp\/v2\/media\/12803"}],"wp:attachment":[{"href":"http:\/\/basakcilastik.com.tr\/index.php?rest_route=%2Fwp%2Fv2%2Fmedia&parent=12802"}],"wp:term":[{"taxonomy":"product_brand","embeddable":true,"href":"http:\/\/basakcilastik.com.tr\/index.php?rest_route=%2Fwp%2Fv2%2Fproduct_brand&post=12802"},{"taxonomy":"product_cat","embeddable":true,"href":"http:\/\/basakcilastik.com.tr\/index.php?rest_route=%2Fwp%2Fv2%2Fproduct_cat&post=12802"},{"taxonomy":"product_tag","embeddable":true,"href":"http:\/\/basakcilastik.com.tr\/index.php?rest_route=%2Fwp%2Fv2%2Fproduct_tag&post=12802"}],"curies":[{"name":"wp","href":"https:\/\/api.w.org\/{rel}","templated":true}]}}