{"id":12798,"date":"2020-07-23T21:06:15","date_gmt":"2020-07-23T21:06:15","guid":{"rendered":"https:\/\/basakcilastik.com.tr\/?post_type=product&#038;p=12798"},"modified":"2020-07-23T21:06:16","modified_gmt":"2020-07-23T21:06:16","slug":"da-10-10-mm-mandrenli-sappower-havali-el-aletleri","status":"publish","type":"product","link":"http:\/\/basakcilastik.com.tr\/?product=da-10-10-mm-mandrenli-sappower-havali-el-aletleri","title":{"rendered":"DA-10 10 MM MANDRENL\u0130 SAPPOWER HAVALI EL ALETLER\u0130"},"content":{"rendered":"<table width=\"700\">\n<tbody>\n<tr>\n<td colspan=\"2\"><strong>DA-10\u00a010 MM MANDRENL\u0130 SAPPOWER HAVALI EL ALETLER\u0130\u00a0<\/strong><\/td>\n<\/tr>\n<tr>\n<td colspan=\"2\"><strong>H\u0131zl\u0131 ve g\u00fc\u00e7l\u00fc. Montaj i\u015flerinizdepratik yard\u0131mc\u0131n\u0131z.<\/strong><\/p>\n<ul>\n<li>Saglam g\u00f6vde,<\/li>\n<li>g\u00fcvenli \u00e7al\u0131\u015fmay\u0131 sa\u011flayan ergonomik yap\u0131<\/li>\n<\/ul>\n<p><strong>Kullan\u0131m Alanlar\u0131 Metal ahsap ve plastik i\u015flerinde<\/strong><\/p>\n<p>&nbsp;<\/td>\n<\/tr>\n<tr>\n<td width=\"162\"><strong>\u00dcr\u00fcn Kodu<\/strong><\/td>\n<td width=\"155\">DA-10<\/td>\n<\/tr>\n<tr>\n<td><strong>G\u00f6vde Materyali<\/strong><\/td>\n<td>AL\u00dcM\u0130N\u0130UM<\/td>\n<\/tr>\n<tr>\n<td><strong>Mandren Kapasitesi<\/strong><\/td>\n<td>10 mm<\/td>\n<\/tr>\n<tr>\n<td><strong>Mandren Tipi<\/strong><\/td>\n<td>ANAHTARLI KEYED<\/td>\n<\/tr>\n<tr>\n<td><strong>\u00a0Mekanizma<\/strong><\/td>\n<td>STANDART<\/td>\n<\/tr>\n<tr>\n<td><strong>Di\u015fli Tipi<\/strong><\/td>\n<td>3<\/td>\n<\/tr>\n<tr>\n<td><strong>Standart Civata \u00d6l\u00e7\u00fcs\u00fc<\/strong><\/td>\n<td>&#8211;<\/td>\n<\/tr>\n<tr>\n<td><strong>Uzunluk<\/strong><\/td>\n<td>193 mm<\/td>\n<\/tr>\n<tr>\n<td><strong>A\u011f\u0131rl\u0131k<\/strong><\/td>\n<td>0.90 kg<\/td>\n<\/tr>\n<tr>\n<td><strong>\u00c7al\u0131\u015fma Bas\u0131nc\u0131<\/strong><\/td>\n<td>6.3 bar<\/td>\n<\/tr>\n<tr>\n<td><strong>Minumum Hortum \u00d6l\u00e7\u00fcs\u00fc<\/strong><\/td>\n<td>10 mm<\/td>\n<\/tr>\n<tr>\n<td><strong>Hava T\u00fcketimi<\/strong><\/td>\n<td>113 1 1\/min<\/td>\n<\/tr>\n<\/tbody>\n<\/table>\n","protected":false},"excerpt":{"rendered":"<p>DA-10\u00a010 MM MANDRENL\u0130 SAPPOWER HAVALI EL ALETLER\u0130\u00a0 H\u0131zl\u0131 ve g\u00fc\u00e7l\u00fc. Montaj i\u015flerinizdepratik yard\u0131mc\u0131n\u0131z. Saglam g\u00f6vde, g\u00fcvenli \u00e7al\u0131\u015fmay\u0131 sa\u011flayan ergonomik yap\u0131 Kullan\u0131m Alanlar\u0131 Metal ahsap ve plastik i\u015flerinde &nbsp; \u00dcr\u00fcn Kodu DA-10 G\u00f6vde Materyali AL\u00dcM\u0130N\u0130UM Mandren Kapasitesi 10 mm Mandren Tipi ANAHTARLI KEYED \u00a0Mekanizma STANDART Di\u015fli Tipi 3 Standart Civata \u00d6l\u00e7\u00fcs\u00fc &#8211; Uzunluk 193 mm A\u011f\u0131rl\u0131k 0.90 kg \u00c7al\u0131\u015fma Bas\u0131nc\u0131 6.3 [&hellip;]<\/p>\n","protected":false},"featured_media":12801,"comment_status":"open","ping_status":"closed","template":"","meta":[],"product_brand":[],"product_cat":[15,90,100],"product_tag":[],"class_list":{"0":"post-12798","1":"product","2":"type-product","3":"status-publish","4":"has-post-thumbnail","6":"product_cat-genel","7":"product_cat-havali-aletler","8":"product_cat-kalipci-taslamalar-havali-aletler","10":"first","11":"instock","12":"shipping-taxable","13":"product-type-simple"},"_links":{"self":[{"href":"http:\/\/basakcilastik.com.tr\/index.php?rest_route=\/wp\/v2\/product\/12798","targetHints":{"allow":["GET"]}}],"collection":[{"href":"http:\/\/basakcilastik.com.tr\/index.php?rest_route=\/wp\/v2\/product"}],"about":[{"href":"http:\/\/basakcilastik.com.tr\/index.php?rest_route=\/wp\/v2\/types\/product"}],"replies":[{"embeddable":true,"href":"http:\/\/basakcilastik.com.tr\/index.php?rest_route=%2Fwp%2Fv2%2Fcomments&post=12798"}],"wp:featuredmedia":[{"embeddable":true,"href":"http:\/\/basakcilastik.com.tr\/index.php?rest_route=\/wp\/v2\/media\/12801"}],"wp:attachment":[{"href":"http:\/\/basakcilastik.com.tr\/index.php?rest_route=%2Fwp%2Fv2%2Fmedia&parent=12798"}],"wp:term":[{"taxonomy":"product_brand","embeddable":true,"href":"http:\/\/basakcilastik.com.tr\/index.php?rest_route=%2Fwp%2Fv2%2Fproduct_brand&post=12798"},{"taxonomy":"product_cat","embeddable":true,"href":"http:\/\/basakcilastik.com.tr\/index.php?rest_route=%2Fwp%2Fv2%2Fproduct_cat&post=12798"},{"taxonomy":"product_tag","embeddable":true,"href":"http:\/\/basakcilastik.com.tr\/index.php?rest_route=%2Fwp%2Fv2%2Fproduct_tag&post=12798"}],"curies":[{"name":"wp","href":"https:\/\/api.w.org\/{rel}","templated":true}]}}