{"id":12786,"date":"2020-07-23T21:02:15","date_gmt":"2020-07-23T21:02:15","guid":{"rendered":"https:\/\/basakcilastik.com.tr\/?post_type=product&#038;p=12786"},"modified":"2020-07-23T21:02:16","modified_gmt":"2020-07-23T21:02:16","slug":"at-7033bk-gav-havali-kalipci-taslama","status":"publish","type":"product","link":"http:\/\/basakcilastik.com.tr\/?product=at-7033bk-gav-havali-kalipci-taslama","title":{"rendered":"AT-7033BK GAV HAVALI KALIP\u00c7I TA\u015eLAMA"},"content":{"rendered":"<table width=\"350\">\n<tbody>\n<tr>\n<td>Pens \u00c7ap\u0131<\/td>\n<td>\u00a06 mm(3mm*)<\/td>\n<\/tr>\n<tr>\n<td>Uzunluk<\/td>\n<td>170 mm<\/td>\n<\/tr>\n<tr>\n<td>Set \u0130\u00e7eri\u011fi<\/td>\n<td>10 Ad.Sapl\u0131 Ta\u015f-3 mm.Pens-Rekor\u00bc&#8221;<\/td>\n<\/tr>\n<tr>\n<td>Bo\u015fta Devir<\/td>\n<td>22.000 RPM<\/td>\n<\/tr>\n<tr>\n<td>Hortum \u00d6l\u00e7\u00fcs\u00fc<\/td>\n<td>8 mm<\/td>\n<\/tr>\n<tr>\n<td>Hava T\u00fcketimi<\/td>\n<td>180 LT\/DK<\/td>\n<\/tr>\n<tr>\n<td>\u00c7al\u0131\u015fma Bas\u0131nc\u0131<\/td>\n<td>6,3-8,0 AT\u00dc<\/td>\n<\/tr>\n<tr>\n<td>Hava Giri\u015f Nipeli<\/td>\n<td>1\/4&#8243;<\/td>\n<\/tr>\n<tr>\n<td>A\u011f\u0131rl\u0131k<\/td>\n<td>0,70 Kg<\/td>\n<\/tr>\n<\/tbody>\n<\/table>\n<p>&nbsp;<\/p>\n","protected":false},"excerpt":{"rendered":"<p>Pens \u00c7ap\u0131 \u00a06 mm(3mm*) Uzunluk 170 mm Set \u0130\u00e7eri\u011fi 10 Ad.Sapl\u0131 Ta\u015f-3 mm.Pens-Rekor\u00bc&#8221; Bo\u015fta Devir 22.000 RPM Hortum \u00d6l\u00e7\u00fcs\u00fc 8 mm Hava T\u00fcketimi 180 LT\/DK \u00c7al\u0131\u015fma Bas\u0131nc\u0131 6,3-8,0 AT\u00dc Hava Giri\u015f Nipeli 1\/4&#8243; A\u011f\u0131rl\u0131k 0,70 Kg &nbsp;<\/p>\n","protected":false},"featured_media":12789,"comment_status":"open","ping_status":"closed","template":"","meta":[],"product_brand":[],"product_cat":[15,90,100],"product_tag":[],"class_list":{"0":"post-12786","1":"product","2":"type-product","3":"status-publish","4":"has-post-thumbnail","6":"product_cat-genel","7":"product_cat-havali-aletler","8":"product_cat-kalipci-taslamalar-havali-aletler","10":"first","11":"instock","12":"shipping-taxable","13":"product-type-simple"},"_links":{"self":[{"href":"http:\/\/basakcilastik.com.tr\/index.php?rest_route=\/wp\/v2\/product\/12786","targetHints":{"allow":["GET"]}}],"collection":[{"href":"http:\/\/basakcilastik.com.tr\/index.php?rest_route=\/wp\/v2\/product"}],"about":[{"href":"http:\/\/basakcilastik.com.tr\/index.php?rest_route=\/wp\/v2\/types\/product"}],"replies":[{"embeddable":true,"href":"http:\/\/basakcilastik.com.tr\/index.php?rest_route=%2Fwp%2Fv2%2Fcomments&post=12786"}],"wp:featuredmedia":[{"embeddable":true,"href":"http:\/\/basakcilastik.com.tr\/index.php?rest_route=\/wp\/v2\/media\/12789"}],"wp:attachment":[{"href":"http:\/\/basakcilastik.com.tr\/index.php?rest_route=%2Fwp%2Fv2%2Fmedia&parent=12786"}],"wp:term":[{"taxonomy":"product_brand","embeddable":true,"href":"http:\/\/basakcilastik.com.tr\/index.php?rest_route=%2Fwp%2Fv2%2Fproduct_brand&post=12786"},{"taxonomy":"product_cat","embeddable":true,"href":"http:\/\/basakcilastik.com.tr\/index.php?rest_route=%2Fwp%2Fv2%2Fproduct_cat&post=12786"},{"taxonomy":"product_tag","embeddable":true,"href":"http:\/\/basakcilastik.com.tr\/index.php?rest_route=%2Fwp%2Fv2%2Fproduct_tag&post=12786"}],"curies":[{"name":"wp","href":"https:\/\/api.w.org\/{rel}","templated":true}]}}