{"id":12758,"date":"2020-07-23T20:36:52","date_gmt":"2020-07-23T20:36:52","guid":{"rendered":"https:\/\/basakcilastik.com.tr\/?post_type=product&#038;p=12758"},"modified":"2020-07-23T20:36:53","modified_gmt":"2020-07-23T20:36:53","slug":"yay","status":"publish","type":"product","link":"http:\/\/basakcilastik.com.tr\/?product=yay","title":{"rendered":"YAY"},"content":{"rendered":"<p>YAY<\/p>\n<p><strong>AH16 OPT-150-6K i\u00e7in Yay<\/strong><br \/>\n<strong>AH17 OPT-P 190-4K i\u00e7in Yay<\/strong><\/p>\n<p>Formun \u00dcst\u00fc<\/p>\n<p>Formun Alt\u0131<\/p>\n<p>&nbsp;<\/p>\n","protected":false},"excerpt":{"rendered":"<p>YAY AH16 OPT-150-6K i\u00e7in Yay AH17 OPT-P 190-4K i\u00e7in Yay Formun \u00dcst\u00fc Formun Alt\u0131 &nbsp;<\/p>\n","protected":false},"featured_media":12761,"comment_status":"open","ping_status":"closed","template":"","meta":[],"product_brand":[],"product_cat":[15,90,99],"product_tag":[],"class_list":{"0":"post-12758","1":"product","2":"type-product","3":"status-publish","4":"has-post-thumbnail","6":"product_cat-genel","7":"product_cat-havali-aletler","8":"product_cat-kalafat-cekicleri-raspalar","10":"first","11":"instock","12":"shipping-taxable","13":"product-type-simple"},"_links":{"self":[{"href":"http:\/\/basakcilastik.com.tr\/index.php?rest_route=\/wp\/v2\/product\/12758","targetHints":{"allow":["GET"]}}],"collection":[{"href":"http:\/\/basakcilastik.com.tr\/index.php?rest_route=\/wp\/v2\/product"}],"about":[{"href":"http:\/\/basakcilastik.com.tr\/index.php?rest_route=\/wp\/v2\/types\/product"}],"replies":[{"embeddable":true,"href":"http:\/\/basakcilastik.com.tr\/index.php?rest_route=%2Fwp%2Fv2%2Fcomments&post=12758"}],"wp:featuredmedia":[{"embeddable":true,"href":"http:\/\/basakcilastik.com.tr\/index.php?rest_route=\/wp\/v2\/media\/12761"}],"wp:attachment":[{"href":"http:\/\/basakcilastik.com.tr\/index.php?rest_route=%2Fwp%2Fv2%2Fmedia&parent=12758"}],"wp:term":[{"taxonomy":"product_brand","embeddable":true,"href":"http:\/\/basakcilastik.com.tr\/index.php?rest_route=%2Fwp%2Fv2%2Fproduct_brand&post=12758"},{"taxonomy":"product_cat","embeddable":true,"href":"http:\/\/basakcilastik.com.tr\/index.php?rest_route=%2Fwp%2Fv2%2Fproduct_cat&post=12758"},{"taxonomy":"product_tag","embeddable":true,"href":"http:\/\/basakcilastik.com.tr\/index.php?rest_route=%2Fwp%2Fv2%2Fproduct_tag&post=12758"}],"curies":[{"name":"wp","href":"https:\/\/api.w.org\/{rel}","templated":true}]}}