{"id":12754,"date":"2020-07-23T20:35:24","date_gmt":"2020-07-23T20:35:24","guid":{"rendered":"https:\/\/basakcilastik.com.tr\/?post_type=product&#038;p=12754"},"modified":"2020-07-23T20:35:24","modified_gmt":"2020-07-23T20:35:24","slug":"yama-havali-keskikalafat-tabancasi-150-mm","status":"publish","type":"product","link":"http:\/\/basakcilastik.com.tr\/?product=yama-havali-keskikalafat-tabancasi-150-mm","title":{"rendered":"YAMA Haval\u0131 KeskiKalafat Tabancas\u0131 150 mm"},"content":{"rendered":"<p>YAMA Haval\u0131 KeskiKalafat Tabancas\u0131 150 mm<\/p>\n","protected":false},"excerpt":{"rendered":"<p>YAMA Haval\u0131 KeskiKalafat Tabancas\u0131 150 mm<\/p>\n","protected":false},"featured_media":12757,"comment_status":"open","ping_status":"closed","template":"","meta":[],"product_brand":[],"product_cat":[15,90,99],"product_tag":[],"class_list":{"0":"post-12754","1":"product","2":"type-product","3":"status-publish","4":"has-post-thumbnail","6":"product_cat-genel","7":"product_cat-havali-aletler","8":"product_cat-kalafat-cekicleri-raspalar","10":"first","11":"instock","12":"shipping-taxable","13":"product-type-simple"},"_links":{"self":[{"href":"http:\/\/basakcilastik.com.tr\/index.php?rest_route=\/wp\/v2\/product\/12754","targetHints":{"allow":["GET"]}}],"collection":[{"href":"http:\/\/basakcilastik.com.tr\/index.php?rest_route=\/wp\/v2\/product"}],"about":[{"href":"http:\/\/basakcilastik.com.tr\/index.php?rest_route=\/wp\/v2\/types\/product"}],"replies":[{"embeddable":true,"href":"http:\/\/basakcilastik.com.tr\/index.php?rest_route=%2Fwp%2Fv2%2Fcomments&post=12754"}],"wp:featuredmedia":[{"embeddable":true,"href":"http:\/\/basakcilastik.com.tr\/index.php?rest_route=\/wp\/v2\/media\/12757"}],"wp:attachment":[{"href":"http:\/\/basakcilastik.com.tr\/index.php?rest_route=%2Fwp%2Fv2%2Fmedia&parent=12754"}],"wp:term":[{"taxonomy":"product_brand","embeddable":true,"href":"http:\/\/basakcilastik.com.tr\/index.php?rest_route=%2Fwp%2Fv2%2Fproduct_brand&post=12754"},{"taxonomy":"product_cat","embeddable":true,"href":"http:\/\/basakcilastik.com.tr\/index.php?rest_route=%2Fwp%2Fv2%2Fproduct_cat&post=12754"},{"taxonomy":"product_tag","embeddable":true,"href":"http:\/\/basakcilastik.com.tr\/index.php?rest_route=%2Fwp%2Fv2%2Fproduct_tag&post=12754"}],"curies":[{"name":"wp","href":"https:\/\/api.w.org\/{rel}","templated":true}]}}