{"id":12561,"date":"2020-07-23T16:42:40","date_gmt":"2020-07-23T16:42:40","guid":{"rendered":"https:\/\/basakcilastik.com.tr\/?post_type=product&#038;p=12561"},"modified":"2020-07-23T16:42:41","modified_gmt":"2020-07-23T16:42:41","slug":"yama-havali-lokma-takimi-12-12-parca","status":"publish","type":"product","link":"http:\/\/basakcilastik.com.tr\/?product=yama-havali-lokma-takimi-12-12-parca","title":{"rendered":"YAMA Haval\u0131 Lokma Tak\u0131m\u0131 12 &#8211; 12 Par\u00e7a"},"content":{"rendered":"<p><strong><em><u>SET \u0130\u00c7ER\u0130\u011e\u0130<\/u><\/em><\/strong><\/p>\n<p><strong>*10 ADET 1\/2&#8243; KROM-MOL\u0130BDEN LOKMA<\/strong><\/p>\n<p>&nbsp;<\/p>\n<p><strong>11 &#8211; 12 &#8211; 14 &#8211; 16 &#8211; 17 &#8211; 18 &#8211; 19 &#8211; 21 &#8211; 22 &#8211;\u00a023 MM.<\/strong><\/p>\n<p><strong>LOKMA TESP\u0130T P\u0130M\u0130, O-R\u0130NG<\/strong><\/p>\n<p>&nbsp;<\/p>\n<p><strong>* PLAST\u0130K \u00c7ANTA \u0130\u00c7ER\u0130S\u0130NDE<\/strong><\/p>\n<p>&nbsp;<\/p>\n","protected":false},"excerpt":{"rendered":"<p>SET \u0130\u00c7ER\u0130\u011e\u0130 *10 ADET 1\/2&#8243; KROM-MOL\u0130BDEN LOKMA &nbsp; 11 &#8211; 12 &#8211; 14 &#8211; 16 &#8211; 17 &#8211; 18 &#8211; 19 &#8211; 21 &#8211; 22 &#8211;\u00a023 MM. LOKMA TESP\u0130T P\u0130M\u0130, O-R\u0130NG &nbsp; * PLAST\u0130K \u00c7ANTA \u0130\u00c7ER\u0130S\u0130NDE &nbsp;<\/p>\n","protected":false},"featured_media":12564,"comment_status":"open","ping_status":"closed","template":"","meta":[],"product_brand":[],"product_cat":[15,90,97],"product_tag":[],"class_list":{"0":"post-12561","1":"product","2":"type-product","3":"status-publish","4":"has-post-thumbnail","6":"product_cat-genel","7":"product_cat-havali-aletler","8":"product_cat-havali-lokmalar","10":"first","11":"instock","12":"shipping-taxable","13":"product-type-simple"},"_links":{"self":[{"href":"http:\/\/basakcilastik.com.tr\/index.php?rest_route=\/wp\/v2\/product\/12561","targetHints":{"allow":["GET"]}}],"collection":[{"href":"http:\/\/basakcilastik.com.tr\/index.php?rest_route=\/wp\/v2\/product"}],"about":[{"href":"http:\/\/basakcilastik.com.tr\/index.php?rest_route=\/wp\/v2\/types\/product"}],"replies":[{"embeddable":true,"href":"http:\/\/basakcilastik.com.tr\/index.php?rest_route=%2Fwp%2Fv2%2Fcomments&post=12561"}],"wp:featuredmedia":[{"embeddable":true,"href":"http:\/\/basakcilastik.com.tr\/index.php?rest_route=\/wp\/v2\/media\/12564"}],"wp:attachment":[{"href":"http:\/\/basakcilastik.com.tr\/index.php?rest_route=%2Fwp%2Fv2%2Fmedia&parent=12561"}],"wp:term":[{"taxonomy":"product_brand","embeddable":true,"href":"http:\/\/basakcilastik.com.tr\/index.php?rest_route=%2Fwp%2Fv2%2Fproduct_brand&post=12561"},{"taxonomy":"product_cat","embeddable":true,"href":"http:\/\/basakcilastik.com.tr\/index.php?rest_route=%2Fwp%2Fv2%2Fproduct_cat&post=12561"},{"taxonomy":"product_tag","embeddable":true,"href":"http:\/\/basakcilastik.com.tr\/index.php?rest_route=%2Fwp%2Fv2%2Fproduct_tag&post=12561"}],"curies":[{"name":"wp","href":"https:\/\/api.w.org\/{rel}","templated":true}]}}