{"id":12419,"date":"2020-07-23T15:47:11","date_gmt":"2020-07-23T15:47:11","guid":{"rendered":"https:\/\/basakcilastik.com.tr\/?post_type=product&#038;p=12419"},"modified":"2020-07-23T15:47:12","modified_gmt":"2020-07-23T15:47:12","slug":"1-2-havali-torx-ve-allen-lokmalar-2","status":"publish","type":"product","link":"http:\/\/basakcilastik.com.tr\/?product=1-2-havali-torx-ve-allen-lokmalar-2","title":{"rendered":"1-2  HAVALI  TORX VE  ALLEN LOKMALAR 2"},"content":{"rendered":"<table width=\"408\">\n<tbody>\n<tr>\n<td><strong>GAV Kod<\/strong><\/td>\n<td><strong>\u00a0\u00d6l\u00e7\u00fc \u00a0<\/strong><\/td>\n<td><strong>\u00a0A\u00e7\u0131klama<\/strong><\/td>\n<td><strong>D\u00a0<\/strong><\/td>\n<td><strong>L<\/strong><\/td>\n<\/tr>\n<tr>\n<td>24606020<\/td>\n<td>T20<\/td>\n<td>\u00a0 \u00a01\/2\u201d Haval\u0131 Torx Lokma<\/td>\n<td>25<\/td>\n<td>60<\/td>\n<\/tr>\n<tr>\n<td>24606025<\/td>\n<td>T25<\/td>\n<td>\u00a01\/2\u201d Haval\u0131 Torx Lokma<\/td>\n<td>25<\/td>\n<td>60<\/td>\n<\/tr>\n<tr>\n<td>24606027<\/td>\n<td>T27<\/td>\n<td>1\/2\u201d Haval\u0131 Torx Lokma<\/td>\n<td>25<\/td>\n<td>60<\/td>\n<\/tr>\n<tr>\n<td>24606030<\/td>\n<td>T30<\/td>\n<td>1\/2\u201d Haval\u0131 Torx Lokma<\/td>\n<td>25<\/td>\n<td>60<\/td>\n<\/tr>\n<tr>\n<td>24606040<\/td>\n<td>T40<\/td>\n<td>1\/2\u201d Haval\u0131 Torx Lokma<\/td>\n<td>25<\/td>\n<td>60<\/td>\n<\/tr>\n<tr>\n<td>24606045<\/td>\n<td>T45<\/td>\n<td>1\/2\u201d Haval\u0131 Torx Lokma<\/td>\n<td>25<\/td>\n<td>60<\/td>\n<\/tr>\n<tr>\n<td>24606050<\/td>\n<td>T50<\/td>\n<td>1\/2\u201d Haval\u0131 Torx Lokma<\/td>\n<td>25<\/td>\n<td>60<\/td>\n<\/tr>\n<tr>\n<td>24606055<\/td>\n<td>\u00a0T55<\/td>\n<td>1\/2\u201d Haval\u0131 Torx Lokma<\/td>\n<td>25<\/td>\n<td>60<\/td>\n<\/tr>\n<tr>\n<td>24606060<\/td>\n<td>T60<\/td>\n<td>\u00a01\/2\u201d Haval\u0131 Torx Lokma<\/td>\n<td>25<\/td>\n<td>60<\/td>\n<\/tr>\n<tr>\n<td>\u00a024606070<\/td>\n<td>T70<\/td>\n<td>1\/2\u201d Haval\u0131 Torx Lokma<\/td>\n<td>25<\/td>\n<td>60<\/td>\n<\/tr>\n<\/tbody>\n<\/table>\n","protected":false},"excerpt":{"rendered":"<p>GAV Kod \u00a0\u00d6l\u00e7\u00fc \u00a0 \u00a0A\u00e7\u0131klama D\u00a0 L 24606020 T20 \u00a0 \u00a01\/2\u201d Haval\u0131 Torx Lokma 25 60 24606025 T25 \u00a01\/2\u201d Haval\u0131 Torx Lokma 25 60 24606027 T27 1\/2\u201d Haval\u0131 Torx Lokma 25 60 24606030 T30 1\/2\u201d Haval\u0131 Torx Lokma 25 60 24606040 T40 1\/2\u201d Haval\u0131 Torx Lokma 25 60 24606045 T45 1\/2\u201d Haval\u0131 Torx Lokma 25 60 24606050 T50 1\/2\u201d Haval\u0131 [&hellip;]<\/p>\n","protected":false},"featured_media":12422,"comment_status":"open","ping_status":"closed","template":"","meta":[],"product_brand":[],"product_cat":[15,90,97],"product_tag":[],"class_list":{"0":"post-12419","1":"product","2":"type-product","3":"status-publish","4":"has-post-thumbnail","6":"product_cat-genel","7":"product_cat-havali-aletler","8":"product_cat-havali-lokmalar","10":"first","11":"instock","12":"shipping-taxable","13":"product-type-simple"},"_links":{"self":[{"href":"http:\/\/basakcilastik.com.tr\/index.php?rest_route=\/wp\/v2\/product\/12419","targetHints":{"allow":["GET"]}}],"collection":[{"href":"http:\/\/basakcilastik.com.tr\/index.php?rest_route=\/wp\/v2\/product"}],"about":[{"href":"http:\/\/basakcilastik.com.tr\/index.php?rest_route=\/wp\/v2\/types\/product"}],"replies":[{"embeddable":true,"href":"http:\/\/basakcilastik.com.tr\/index.php?rest_route=%2Fwp%2Fv2%2Fcomments&post=12419"}],"wp:featuredmedia":[{"embeddable":true,"href":"http:\/\/basakcilastik.com.tr\/index.php?rest_route=\/wp\/v2\/media\/12422"}],"wp:attachment":[{"href":"http:\/\/basakcilastik.com.tr\/index.php?rest_route=%2Fwp%2Fv2%2Fmedia&parent=12419"}],"wp:term":[{"taxonomy":"product_brand","embeddable":true,"href":"http:\/\/basakcilastik.com.tr\/index.php?rest_route=%2Fwp%2Fv2%2Fproduct_brand&post=12419"},{"taxonomy":"product_cat","embeddable":true,"href":"http:\/\/basakcilastik.com.tr\/index.php?rest_route=%2Fwp%2Fv2%2Fproduct_cat&post=12419"},{"taxonomy":"product_tag","embeddable":true,"href":"http:\/\/basakcilastik.com.tr\/index.php?rest_route=%2Fwp%2Fv2%2Fproduct_tag&post=12419"}],"curies":[{"name":"wp","href":"https:\/\/api.w.org\/{rel}","templated":true}]}}