{"id":12060,"date":"2020-07-23T09:54:21","date_gmt":"2020-07-23T09:54:21","guid":{"rendered":"https:\/\/basakcilastik.com.tr\/?post_type=product&#038;p=12060"},"modified":"2020-07-23T09:54:21","modified_gmt":"2020-07-23T09:54:21","slug":"013-rc0014-dijital-prf-hava-saati","status":"publish","type":"product","link":"http:\/\/basakcilastik.com.tr\/?product=013-rc0014-dijital-prf-hava-saati","title":{"rendered":"013-RC0014 D\u0130J\u0130TAL PRF. HAVA SAAT\u0130"},"content":{"rendered":"<p>013-RC0014 D\u0130J\u0130TAL PRF. HAVA SAAT\u0130<\/p>\n","protected":false},"excerpt":{"rendered":"<p>013-RC0014 D\u0130J\u0130TAL PRF. HAVA SAAT\u0130<\/p>\n","protected":false},"featured_media":12061,"comment_status":"open","ping_status":"closed","template":"","meta":[],"product_brand":[],"product_cat":[15,96,90],"product_tag":[],"class_list":{"0":"post-12060","1":"product","2":"type-product","3":"status-publish","4":"has-post-thumbnail","6":"product_cat-genel","7":"product_cat-havali-aletler-havali-aletler","8":"product_cat-havali-aletler","10":"first","11":"instock","12":"shipping-taxable","13":"product-type-simple"},"_links":{"self":[{"href":"http:\/\/basakcilastik.com.tr\/index.php?rest_route=\/wp\/v2\/product\/12060","targetHints":{"allow":["GET"]}}],"collection":[{"href":"http:\/\/basakcilastik.com.tr\/index.php?rest_route=\/wp\/v2\/product"}],"about":[{"href":"http:\/\/basakcilastik.com.tr\/index.php?rest_route=\/wp\/v2\/types\/product"}],"replies":[{"embeddable":true,"href":"http:\/\/basakcilastik.com.tr\/index.php?rest_route=%2Fwp%2Fv2%2Fcomments&post=12060"}],"wp:featuredmedia":[{"embeddable":true,"href":"http:\/\/basakcilastik.com.tr\/index.php?rest_route=\/wp\/v2\/media\/12061"}],"wp:attachment":[{"href":"http:\/\/basakcilastik.com.tr\/index.php?rest_route=%2Fwp%2Fv2%2Fmedia&parent=12060"}],"wp:term":[{"taxonomy":"product_brand","embeddable":true,"href":"http:\/\/basakcilastik.com.tr\/index.php?rest_route=%2Fwp%2Fv2%2Fproduct_brand&post=12060"},{"taxonomy":"product_cat","embeddable":true,"href":"http:\/\/basakcilastik.com.tr\/index.php?rest_route=%2Fwp%2Fv2%2Fproduct_cat&post=12060"},{"taxonomy":"product_tag","embeddable":true,"href":"http:\/\/basakcilastik.com.tr\/index.php?rest_route=%2Fwp%2Fv2%2Fproduct_tag&post=12060"}],"curies":[{"name":"wp","href":"https:\/\/api.w.org\/{rel}","templated":true}]}}