{"id":11813,"date":"2020-07-22T22:40:18","date_gmt":"2020-07-22T22:40:18","guid":{"rendered":"https:\/\/basakcilastik.com.tr\/?post_type=product&#038;p=11813"},"modified":"2020-07-22T22:40:19","modified_gmt":"2020-07-22T22:40:19","slug":"endustriyel-pvc-hava-hortumu-seffaf","status":"publish","type":"product","link":"http:\/\/basakcilastik.com.tr\/?product=endustriyel-pvc-hava-hortumu-seffaf","title":{"rendered":"END\u00dcSTR\u0130YEL PVC HAVA HORTUMU \u015eEFFAF"},"content":{"rendered":"<table width=\"870\">\n<tbody>\n<tr>\n<td><strong>KOD<\/strong><\/td>\n<td><strong>\u00d6ZELL\u0130K<\/strong><\/td>\n<td><strong>\u00d6L\u00c7\u00dc<\/strong><\/td>\n<td><strong>\u00c7ALI\u015eMA BASINCI<\/strong><\/td>\n<td><strong>RENK<\/strong><\/td>\n<td><strong>UZUNLUK<\/strong><\/td>\n<\/tr>\n<tr>\n<td><strong>OPC 01812<\/strong><\/td>\n<td><strong>PVC<\/strong><\/td>\n<td><strong>8.0X12.0<\/strong><\/td>\n<td><strong>6-12 BAR<\/strong><\/td>\n<td><strong>\u015eEFFAF<\/strong><\/td>\n<td><strong>100 m<\/strong><\/td>\n<\/tr>\n<tr>\n<td><strong>OPC 01140<\/strong><\/td>\n<td><strong>PVC<\/strong><\/td>\n<td><strong>10.0X14.0<\/strong><\/td>\n<td><strong>6-12 BAR<\/strong><\/td>\n<td><strong>\u015eEFFAF<\/strong><\/td>\n<td><strong>100 m<\/strong><\/td>\n<\/tr>\n<\/tbody>\n<\/table>\n","protected":false},"excerpt":{"rendered":"<p>KOD \u00d6ZELL\u0130K \u00d6L\u00c7\u00dc \u00c7ALI\u015eMA BASINCI RENK UZUNLUK OPC 01812 PVC 8.0X12.0 6-12 BAR \u015eEFFAF 100 m OPC 01140 PVC 10.0X14.0 6-12 BAR \u015eEFFAF 100 m<\/p>\n","protected":false},"featured_media":11815,"comment_status":"open","ping_status":"closed","template":"","meta":[],"product_brand":[],"product_cat":[15,94,90],"product_tag":[],"class_list":{"0":"post-11813","1":"product","2":"type-product","3":"status-publish","4":"has-post-thumbnail","6":"product_cat-genel","7":"product_cat-gres-ve-yag-tabancalari","8":"product_cat-havali-aletler","10":"first","11":"instock","12":"shipping-taxable","13":"product-type-simple"},"_links":{"self":[{"href":"http:\/\/basakcilastik.com.tr\/index.php?rest_route=\/wp\/v2\/product\/11813","targetHints":{"allow":["GET"]}}],"collection":[{"href":"http:\/\/basakcilastik.com.tr\/index.php?rest_route=\/wp\/v2\/product"}],"about":[{"href":"http:\/\/basakcilastik.com.tr\/index.php?rest_route=\/wp\/v2\/types\/product"}],"replies":[{"embeddable":true,"href":"http:\/\/basakcilastik.com.tr\/index.php?rest_route=%2Fwp%2Fv2%2Fcomments&post=11813"}],"wp:featuredmedia":[{"embeddable":true,"href":"http:\/\/basakcilastik.com.tr\/index.php?rest_route=\/wp\/v2\/media\/11815"}],"wp:attachment":[{"href":"http:\/\/basakcilastik.com.tr\/index.php?rest_route=%2Fwp%2Fv2%2Fmedia&parent=11813"}],"wp:term":[{"taxonomy":"product_brand","embeddable":true,"href":"http:\/\/basakcilastik.com.tr\/index.php?rest_route=%2Fwp%2Fv2%2Fproduct_brand&post=11813"},{"taxonomy":"product_cat","embeddable":true,"href":"http:\/\/basakcilastik.com.tr\/index.php?rest_route=%2Fwp%2Fv2%2Fproduct_cat&post=11813"},{"taxonomy":"product_tag","embeddable":true,"href":"http:\/\/basakcilastik.com.tr\/index.php?rest_route=%2Fwp%2Fv2%2Fproduct_tag&post=11813"}],"curies":[{"name":"wp","href":"https:\/\/api.w.org\/{rel}","templated":true}]}}