{"id":11805,"date":"2020-07-22T22:37:43","date_gmt":"2020-07-22T22:37:43","guid":{"rendered":"https:\/\/basakcilastik.com.tr\/?post_type=product&#038;p=11805"},"modified":"2020-07-22T22:37:44","modified_gmt":"2020-07-22T22:37:44","slug":"yama-havali-gres-pompasi-seti-400-cc","status":"publish","type":"product","link":"http:\/\/basakcilastik.com.tr\/?product=yama-havali-gres-pompasi-seti-400-cc","title":{"rendered":"YAMA Haval\u0131 Gres Pompas\u0131 Seti 400 CC"},"content":{"rendered":"<p>YAMA Haval\u0131 Gres Pompas\u0131 Seti 400 CC<\/p>\n","protected":false},"excerpt":{"rendered":"<p>YAMA Haval\u0131 Gres Pompas\u0131 Seti 400 CC<\/p>\n","protected":false},"featured_media":11807,"comment_status":"open","ping_status":"closed","template":"","meta":[],"product_brand":[],"product_cat":[15,94,90],"product_tag":[],"class_list":{"0":"post-11805","1":"product","2":"type-product","3":"status-publish","4":"has-post-thumbnail","6":"product_cat-genel","7":"product_cat-gres-ve-yag-tabancalari","8":"product_cat-havali-aletler","10":"first","11":"instock","12":"shipping-taxable","13":"product-type-simple"},"_links":{"self":[{"href":"http:\/\/basakcilastik.com.tr\/index.php?rest_route=\/wp\/v2\/product\/11805","targetHints":{"allow":["GET"]}}],"collection":[{"href":"http:\/\/basakcilastik.com.tr\/index.php?rest_route=\/wp\/v2\/product"}],"about":[{"href":"http:\/\/basakcilastik.com.tr\/index.php?rest_route=\/wp\/v2\/types\/product"}],"replies":[{"embeddable":true,"href":"http:\/\/basakcilastik.com.tr\/index.php?rest_route=%2Fwp%2Fv2%2Fcomments&post=11805"}],"wp:featuredmedia":[{"embeddable":true,"href":"http:\/\/basakcilastik.com.tr\/index.php?rest_route=\/wp\/v2\/media\/11807"}],"wp:attachment":[{"href":"http:\/\/basakcilastik.com.tr\/index.php?rest_route=%2Fwp%2Fv2%2Fmedia&parent=11805"}],"wp:term":[{"taxonomy":"product_brand","embeddable":true,"href":"http:\/\/basakcilastik.com.tr\/index.php?rest_route=%2Fwp%2Fv2%2Fproduct_brand&post=11805"},{"taxonomy":"product_cat","embeddable":true,"href":"http:\/\/basakcilastik.com.tr\/index.php?rest_route=%2Fwp%2Fv2%2Fproduct_cat&post=11805"},{"taxonomy":"product_tag","embeddable":true,"href":"http:\/\/basakcilastik.com.tr\/index.php?rest_route=%2Fwp%2Fv2%2Fproduct_tag&post=11805"}],"curies":[{"name":"wp","href":"https:\/\/api.w.org\/{rel}","templated":true}]}}