{"id":11802,"date":"2020-07-22T22:36:41","date_gmt":"2020-07-22T22:36:41","guid":{"rendered":"https:\/\/basakcilastik.com.tr\/?post_type=product&#038;p=11802"},"modified":"2020-07-22T22:36:42","modified_gmt":"2020-07-22T22:36:42","slug":"yama-at-6036-400cc-gres-pompasi","status":"publish","type":"product","link":"http:\/\/basakcilastik.com.tr\/?product=yama-at-6036-400cc-gres-pompasi","title":{"rendered":"Yama AT 6036 400cc Gres Pompas\u0131"},"content":{"rendered":"<p>\u00e7elik t\u00fcpl\u00fc depo yayl\u0131 bas\u0131n\u00e7 pistonu<\/p>\n<p>-mekanik olarakta kullan\u0131labilir.<\/p>\n<p>T\u00fcp kapasitesi : 400cc \/ 14 oz. Kartu\u015f<\/p>\n<p>\u00c7al\u0131\u015fma bas\u0131nc\u0131 : 30\u2026120 psi<\/p>\n<p>Hava sarfiyat\u0131 : 2.57 lt\/dk her \u00e7e\u015fit kompres\u00f6rde \u00e7al\u0131\u015f\u0131r<\/p>\n<p>Giri\u015f rekoru : \u00bc\u201d<\/p>\n<p>Hortum i\u00e7 \u00e7ap\u0131: 3\/8\u201d \/ 10 mm<\/p>\n<p>Tabanca uzunlu\u011fu: 200 mm<\/p>\n<p>T\u00fcp uzunlu\u011fu : 400mm<\/p>\n<p>A\u011f\u0131rl\u0131k : 1840 gr<\/p>\n","protected":false},"excerpt":{"rendered":"<p>\u00e7elik t\u00fcpl\u00fc depo yayl\u0131 bas\u0131n\u00e7 pistonu -mekanik olarakta kullan\u0131labilir. T\u00fcp kapasitesi : 400cc \/ 14 oz. Kartu\u015f \u00c7al\u0131\u015fma bas\u0131nc\u0131 : 30\u2026120 psi Hava sarfiyat\u0131 : 2.57 lt\/dk her \u00e7e\u015fit kompres\u00f6rde \u00e7al\u0131\u015f\u0131r Giri\u015f rekoru : \u00bc\u201d Hortum i\u00e7 \u00e7ap\u0131: 3\/8\u201d \/ 10 mm Tabanca uzunlu\u011fu: 200 mm T\u00fcp uzunlu\u011fu : 400mm A\u011f\u0131rl\u0131k : 1840 gr<\/p>\n","protected":false},"featured_media":11803,"comment_status":"open","ping_status":"closed","template":"","meta":[],"product_brand":[],"product_cat":[15,94,90],"product_tag":[],"class_list":{"0":"post-11802","1":"product","2":"type-product","3":"status-publish","4":"has-post-thumbnail","6":"product_cat-genel","7":"product_cat-gres-ve-yag-tabancalari","8":"product_cat-havali-aletler","10":"first","11":"instock","12":"shipping-taxable","13":"product-type-simple"},"_links":{"self":[{"href":"http:\/\/basakcilastik.com.tr\/index.php?rest_route=\/wp\/v2\/product\/11802","targetHints":{"allow":["GET"]}}],"collection":[{"href":"http:\/\/basakcilastik.com.tr\/index.php?rest_route=\/wp\/v2\/product"}],"about":[{"href":"http:\/\/basakcilastik.com.tr\/index.php?rest_route=\/wp\/v2\/types\/product"}],"replies":[{"embeddable":true,"href":"http:\/\/basakcilastik.com.tr\/index.php?rest_route=%2Fwp%2Fv2%2Fcomments&post=11802"}],"wp:featuredmedia":[{"embeddable":true,"href":"http:\/\/basakcilastik.com.tr\/index.php?rest_route=\/wp\/v2\/media\/11803"}],"wp:attachment":[{"href":"http:\/\/basakcilastik.com.tr\/index.php?rest_route=%2Fwp%2Fv2%2Fmedia&parent=11802"}],"wp:term":[{"taxonomy":"product_brand","embeddable":true,"href":"http:\/\/basakcilastik.com.tr\/index.php?rest_route=%2Fwp%2Fv2%2Fproduct_brand&post=11802"},{"taxonomy":"product_cat","embeddable":true,"href":"http:\/\/basakcilastik.com.tr\/index.php?rest_route=%2Fwp%2Fv2%2Fproduct_cat&post=11802"},{"taxonomy":"product_tag","embeddable":true,"href":"http:\/\/basakcilastik.com.tr\/index.php?rest_route=%2Fwp%2Fv2%2Fproduct_tag&post=11802"}],"curies":[{"name":"wp","href":"https:\/\/api.w.org\/{rel}","templated":true}]}}