{"id":11796,"date":"2020-07-22T22:35:54","date_gmt":"2020-07-22T22:35:54","guid":{"rendered":"https:\/\/basakcilastik.com.tr\/?post_type=product&#038;p=11796"},"modified":"2020-07-22T22:35:54","modified_gmt":"2020-07-22T22:35:54","slug":"troy-18611-havali-gres-tabancasi","status":"publish","type":"product","link":"http:\/\/basakcilastik.com.tr\/?product=troy-18611-havali-gres-tabancasi","title":{"rendered":"TROY 18611 Haval\u0131 Gres Tabancas\u0131"},"content":{"rendered":"<p>TROY 18611 Haval\u0131 Gres Tabancas\u0131<\/p>\n<p>&nbsp;<\/p>\n<ul>\n<li>\nHaval\u0131 gres tabancas\u0131<br \/>\n\u25cf S\u00fcrekli ak\u0131m ile otomotiv uygulamalar\u0131 i\u00e7in ideal<br \/>\n\u25cf Standart 400gr.l\u0131k kartu\u015flarla kullanmak i\u00e7in<br \/>\n\u25cf Sa\u011flam kartu\u015f haznesi ile birlikte<br \/>\n\u25cf Karton kutulu<br \/>\n\u25cf \u00c7al\u0131\u015fma bas\u0131nc\u0131: 5 Bar<br \/>\n\u25cf Hava giri\u015fi: 1\/4&#8242;(N)PT<\/li>\n<\/ul>\n<p><strong>A\u011f\u0131rl\u0131k(Kg)<\/strong><\/p>\n<p><strong>:<\/strong><\/p>\n<p>2.1<\/p>\n","protected":false},"excerpt":{"rendered":"<p>TROY 18611 Haval\u0131 Gres Tabancas\u0131 &nbsp; Haval\u0131 gres tabancas\u0131 \u25cf S\u00fcrekli ak\u0131m ile otomotiv uygulamalar\u0131 i\u00e7in ideal \u25cf Standart 400gr.l\u0131k kartu\u015flarla kullanmak i\u00e7in \u25cf Sa\u011flam kartu\u015f haznesi ile birlikte \u25cf Karton kutulu \u25cf \u00c7al\u0131\u015fma bas\u0131nc\u0131: 5 Bar \u25cf Hava giri\u015fi: 1\/4&#8242;(N)PT A\u011f\u0131rl\u0131k(Kg) : 2.1<\/p>\n","protected":false},"featured_media":11799,"comment_status":"open","ping_status":"closed","template":"","meta":[],"product_brand":[],"product_cat":[15,94,90],"product_tag":[],"class_list":{"0":"post-11796","1":"product","2":"type-product","3":"status-publish","4":"has-post-thumbnail","6":"product_cat-genel","7":"product_cat-gres-ve-yag-tabancalari","8":"product_cat-havali-aletler","10":"first","11":"instock","12":"shipping-taxable","13":"product-type-simple"},"_links":{"self":[{"href":"http:\/\/basakcilastik.com.tr\/index.php?rest_route=\/wp\/v2\/product\/11796","targetHints":{"allow":["GET"]}}],"collection":[{"href":"http:\/\/basakcilastik.com.tr\/index.php?rest_route=\/wp\/v2\/product"}],"about":[{"href":"http:\/\/basakcilastik.com.tr\/index.php?rest_route=\/wp\/v2\/types\/product"}],"replies":[{"embeddable":true,"href":"http:\/\/basakcilastik.com.tr\/index.php?rest_route=%2Fwp%2Fv2%2Fcomments&post=11796"}],"wp:featuredmedia":[{"embeddable":true,"href":"http:\/\/basakcilastik.com.tr\/index.php?rest_route=\/wp\/v2\/media\/11799"}],"wp:attachment":[{"href":"http:\/\/basakcilastik.com.tr\/index.php?rest_route=%2Fwp%2Fv2%2Fmedia&parent=11796"}],"wp:term":[{"taxonomy":"product_brand","embeddable":true,"href":"http:\/\/basakcilastik.com.tr\/index.php?rest_route=%2Fwp%2Fv2%2Fproduct_brand&post=11796"},{"taxonomy":"product_cat","embeddable":true,"href":"http:\/\/basakcilastik.com.tr\/index.php?rest_route=%2Fwp%2Fv2%2Fproduct_cat&post=11796"},{"taxonomy":"product_tag","embeddable":true,"href":"http:\/\/basakcilastik.com.tr\/index.php?rest_route=%2Fwp%2Fv2%2Fproduct_tag&post=11796"}],"curies":[{"name":"wp","href":"https:\/\/api.w.org\/{rel}","templated":true}]}}