{"id":11786,"date":"2020-07-22T22:32:22","date_gmt":"2020-07-22T22:32:22","guid":{"rendered":"https:\/\/basakcilastik.com.tr\/?post_type=product&#038;p=11786"},"modified":"2020-07-22T22:32:22","modified_gmt":"2020-07-22T22:32:22","slug":"pressol-12363-gres-ve-yag-tabancasi-150ml","status":"publish","type":"product","link":"http:\/\/basakcilastik.com.tr\/?product=pressol-12363-gres-ve-yag-tabancasi-150ml","title":{"rendered":"PRESSOL 12363 Gres ve Ya\u011f Tabancas\u0131, 150ml"},"content":{"rendered":"<p>PRESSOL 12363 Gres ve Ya\u011f Tabancas\u0131<\/p>\n<p>150ml, H,K, D noz\u00fcller i\u00e7in<\/p>\n<p>&nbsp;<\/p>\n<ul>\n<li>Kapasite: 150ml<br \/>\n\u25cf Max. bas\u0131n\u00e7: 60-80bar<br \/>\n\u25cf \u00c7ap: 42mm<br \/>\n\u25cf Uzunluk: 210mm<br \/>\n\u25cf A\u011f\u0131rl\u0131k: 0,42kg<br \/>\n\u25cf Renk: g\u00fcm\u00fc\u015f<\/li>\n<\/ul>\n<p><strong>A\u011f\u0131rl\u0131k(Kg)<\/strong><\/p>\n<p><strong>:<\/strong><\/p>\n<p>1.04<\/p>\n","protected":false},"excerpt":{"rendered":"<p>PRESSOL 12363 Gres ve Ya\u011f Tabancas\u0131 150ml, H,K, D noz\u00fcller i\u00e7in &nbsp; Kapasite: 150ml \u25cf Max. bas\u0131n\u00e7: 60-80bar \u25cf \u00c7ap: 42mm \u25cf Uzunluk: 210mm \u25cf A\u011f\u0131rl\u0131k: 0,42kg \u25cf Renk: g\u00fcm\u00fc\u015f A\u011f\u0131rl\u0131k(Kg) : 1.04<\/p>\n","protected":false},"featured_media":11787,"comment_status":"open","ping_status":"closed","template":"","meta":[],"product_brand":[],"product_cat":[15,94,90],"product_tag":[],"class_list":{"0":"post-11786","1":"product","2":"type-product","3":"status-publish","4":"has-post-thumbnail","6":"product_cat-genel","7":"product_cat-gres-ve-yag-tabancalari","8":"product_cat-havali-aletler","10":"first","11":"instock","12":"shipping-taxable","13":"product-type-simple"},"_links":{"self":[{"href":"http:\/\/basakcilastik.com.tr\/index.php?rest_route=\/wp\/v2\/product\/11786","targetHints":{"allow":["GET"]}}],"collection":[{"href":"http:\/\/basakcilastik.com.tr\/index.php?rest_route=\/wp\/v2\/product"}],"about":[{"href":"http:\/\/basakcilastik.com.tr\/index.php?rest_route=\/wp\/v2\/types\/product"}],"replies":[{"embeddable":true,"href":"http:\/\/basakcilastik.com.tr\/index.php?rest_route=%2Fwp%2Fv2%2Fcomments&post=11786"}],"wp:featuredmedia":[{"embeddable":true,"href":"http:\/\/basakcilastik.com.tr\/index.php?rest_route=\/wp\/v2\/media\/11787"}],"wp:attachment":[{"href":"http:\/\/basakcilastik.com.tr\/index.php?rest_route=%2Fwp%2Fv2%2Fmedia&parent=11786"}],"wp:term":[{"taxonomy":"product_brand","embeddable":true,"href":"http:\/\/basakcilastik.com.tr\/index.php?rest_route=%2Fwp%2Fv2%2Fproduct_brand&post=11786"},{"taxonomy":"product_cat","embeddable":true,"href":"http:\/\/basakcilastik.com.tr\/index.php?rest_route=%2Fwp%2Fv2%2Fproduct_cat&post=11786"},{"taxonomy":"product_tag","embeddable":true,"href":"http:\/\/basakcilastik.com.tr\/index.php?rest_route=%2Fwp%2Fv2%2Fproduct_tag&post=11786"}],"curies":[{"name":"wp","href":"https:\/\/api.w.org\/{rel}","templated":true}]}}