{"id":11784,"date":"2020-07-22T22:31:09","date_gmt":"2020-07-22T22:31:09","guid":{"rendered":"https:\/\/basakcilastik.com.tr\/?post_type=product&#038;p=11784"},"modified":"2020-07-22T22:31:09","modified_gmt":"2020-07-22T22:31:09","slug":"havali-gres-pompasi-pg-36306","status":"publish","type":"product","link":"http:\/\/basakcilastik.com.tr\/?product=havali-gres-pompasi-pg-36306","title":{"rendered":"Haval\u0131 Gres Pompas\u0131 &#8211; PG 36306"},"content":{"rendered":"<p><strong>\u00dcr\u00fcn Teknik Bilgileri<\/strong><\/p>\n<table width=\"100%\">\n<tbody>\n<tr>\n<td width=\"50%\"><strong>Deposu<\/strong><\/td>\n<td width=\"50%\"><strong>400 CC<\/strong><\/td>\n<\/tr>\n<tr>\n<td><strong>Gres Debisi\u00a0\/ Her Bas\u0131\u015fta<\/strong><\/td>\n<td><strong>30 GR<\/strong><\/td>\n<\/tr>\n<tr>\n<td><strong>Verebilece\u011fi Bas\u0131n\u00e7<\/strong><\/td>\n<td><strong>1200-6000 PSI<\/strong><\/td>\n<\/tr>\n<tr>\n<td><strong>Hava Bas\u0131nc\u0131 kg\/cm2<\/strong><\/td>\n<td><strong>6,5<\/strong><\/td>\n<\/tr>\n<tr>\n<td><strong>A\u011f\u0131rl\u0131\u011f\u0131 kg<\/strong><\/td>\n<td><strong>1,80<\/strong><\/td>\n<\/tr>\n<\/tbody>\n<\/table>\n","protected":false},"excerpt":{"rendered":"<p>\u00dcr\u00fcn Teknik Bilgileri Deposu 400 CC Gres Debisi\u00a0\/ Her Bas\u0131\u015fta 30 GR Verebilece\u011fi Bas\u0131n\u00e7 1200-6000 PSI Hava Bas\u0131nc\u0131 kg\/cm2 6,5 A\u011f\u0131rl\u0131\u011f\u0131 kg 1,80<\/p>\n","protected":false},"featured_media":11785,"comment_status":"open","ping_status":"closed","template":"","meta":[],"product_brand":[],"product_cat":[15,94,90],"product_tag":[],"class_list":{"0":"post-11784","1":"product","2":"type-product","3":"status-publish","4":"has-post-thumbnail","6":"product_cat-genel","7":"product_cat-gres-ve-yag-tabancalari","8":"product_cat-havali-aletler","10":"first","11":"instock","12":"shipping-taxable","13":"product-type-simple"},"_links":{"self":[{"href":"http:\/\/basakcilastik.com.tr\/index.php?rest_route=\/wp\/v2\/product\/11784","targetHints":{"allow":["GET"]}}],"collection":[{"href":"http:\/\/basakcilastik.com.tr\/index.php?rest_route=\/wp\/v2\/product"}],"about":[{"href":"http:\/\/basakcilastik.com.tr\/index.php?rest_route=\/wp\/v2\/types\/product"}],"replies":[{"embeddable":true,"href":"http:\/\/basakcilastik.com.tr\/index.php?rest_route=%2Fwp%2Fv2%2Fcomments&post=11784"}],"wp:featuredmedia":[{"embeddable":true,"href":"http:\/\/basakcilastik.com.tr\/index.php?rest_route=\/wp\/v2\/media\/11785"}],"wp:attachment":[{"href":"http:\/\/basakcilastik.com.tr\/index.php?rest_route=%2Fwp%2Fv2%2Fmedia&parent=11784"}],"wp:term":[{"taxonomy":"product_brand","embeddable":true,"href":"http:\/\/basakcilastik.com.tr\/index.php?rest_route=%2Fwp%2Fv2%2Fproduct_brand&post=11784"},{"taxonomy":"product_cat","embeddable":true,"href":"http:\/\/basakcilastik.com.tr\/index.php?rest_route=%2Fwp%2Fv2%2Fproduct_cat&post=11784"},{"taxonomy":"product_tag","embeddable":true,"href":"http:\/\/basakcilastik.com.tr\/index.php?rest_route=%2Fwp%2Fv2%2Fproduct_tag&post=11784"}],"curies":[{"name":"wp","href":"https:\/\/api.w.org\/{rel}","templated":true}]}}