{"id":11775,"date":"2020-07-22T22:17:34","date_gmt":"2020-07-22T22:17:34","guid":{"rendered":"https:\/\/basakcilastik.com.tr\/?post_type=product&#038;p=11775"},"modified":"2020-07-22T22:17:34","modified_gmt":"2020-07-22T22:17:34","slug":"soket-makina-disi-70-9549x24mm-genis-smd90241","status":"publish","type":"product","link":"http:\/\/basakcilastik.com.tr\/?product=soket-makina-disi-70-9549x24mm-genis-smd90241","title":{"rendered":"Soket Makina Di\u015fi 70-9549x24mm Geni\u015f SMD90241"},"content":{"rendered":"<p>Soket Makina Di\u015fi 70-9549x24mm Geni\u015f SMD90241<\/p>\n","protected":false},"excerpt":{"rendered":"<p>Soket Makina Di\u015fi 70-9549x24mm Geni\u015f SMD90241<\/p>\n","protected":false},"featured_media":11777,"comment_status":"open","ping_status":"closed","template":"","meta":[],"product_brand":[],"product_cat":[15,131,139],"product_tag":[],"class_list":{"0":"post-11775","1":"product","2":"type-product","3":"status-publish","4":"has-post-thumbnail","6":"product_cat-genel","7":"product_cat-gaz-armaturleri-basinc-dusuruculer","8":"product_cat-torclar-ve-sarf-malzemeleri","10":"first","11":"instock","12":"shipping-taxable","13":"product-type-simple"},"_links":{"self":[{"href":"http:\/\/basakcilastik.com.tr\/index.php?rest_route=\/wp\/v2\/product\/11775","targetHints":{"allow":["GET"]}}],"collection":[{"href":"http:\/\/basakcilastik.com.tr\/index.php?rest_route=\/wp\/v2\/product"}],"about":[{"href":"http:\/\/basakcilastik.com.tr\/index.php?rest_route=\/wp\/v2\/types\/product"}],"replies":[{"embeddable":true,"href":"http:\/\/basakcilastik.com.tr\/index.php?rest_route=%2Fwp%2Fv2%2Fcomments&post=11775"}],"wp:featuredmedia":[{"embeddable":true,"href":"http:\/\/basakcilastik.com.tr\/index.php?rest_route=\/wp\/v2\/media\/11777"}],"wp:attachment":[{"href":"http:\/\/basakcilastik.com.tr\/index.php?rest_route=%2Fwp%2Fv2%2Fmedia&parent=11775"}],"wp:term":[{"taxonomy":"product_brand","embeddable":true,"href":"http:\/\/basakcilastik.com.tr\/index.php?rest_route=%2Fwp%2Fv2%2Fproduct_brand&post=11775"},{"taxonomy":"product_cat","embeddable":true,"href":"http:\/\/basakcilastik.com.tr\/index.php?rest_route=%2Fwp%2Fv2%2Fproduct_cat&post=11775"},{"taxonomy":"product_tag","embeddable":true,"href":"http:\/\/basakcilastik.com.tr\/index.php?rest_route=%2Fwp%2Fv2%2Fproduct_tag&post=11775"}],"curies":[{"name":"wp","href":"https:\/\/api.w.org\/{rel}","templated":true}]}}