{"id":11774,"date":"2020-07-22T22:17:13","date_gmt":"2020-07-22T22:17:13","guid":{"rendered":"https:\/\/basakcilastik.com.tr\/?post_type=product&#038;p=11774"},"modified":"2020-07-22T22:17:14","modified_gmt":"2020-07-22T22:17:14","slug":"tls-03-07-12-sag-sol-egeleme","status":"publish","type":"product","link":"http:\/\/basakcilastik.com.tr\/?product=tls-03-07-12-sag-sol-egeleme","title":{"rendered":"TLS-03-07-12 SA\u011e-SOL E\u011eELEME"},"content":{"rendered":"<p>TLS-03-07-12 SA\u011e-SOL E\u011eELEME<\/p>\n","protected":false},"excerpt":{"rendered":"<p>TLS-03-07-12 SA\u011e-SOL E\u011eELEME<\/p>\n","protected":false},"featured_media":11776,"comment_status":"open","ping_status":"closed","template":"","meta":[],"product_brand":[],"product_cat":[15,93,90],"product_tag":[],"class_list":{"0":"post-11774","1":"product","2":"type-product","3":"status-publish","4":"has-post-thumbnail","6":"product_cat-genel","7":"product_cat-ege-motorlari","8":"product_cat-havali-aletler","10":"first","11":"instock","12":"shipping-taxable","13":"product-type-simple"},"_links":{"self":[{"href":"http:\/\/basakcilastik.com.tr\/index.php?rest_route=\/wp\/v2\/product\/11774","targetHints":{"allow":["GET"]}}],"collection":[{"href":"http:\/\/basakcilastik.com.tr\/index.php?rest_route=\/wp\/v2\/product"}],"about":[{"href":"http:\/\/basakcilastik.com.tr\/index.php?rest_route=\/wp\/v2\/types\/product"}],"replies":[{"embeddable":true,"href":"http:\/\/basakcilastik.com.tr\/index.php?rest_route=%2Fwp%2Fv2%2Fcomments&post=11774"}],"wp:featuredmedia":[{"embeddable":true,"href":"http:\/\/basakcilastik.com.tr\/index.php?rest_route=\/wp\/v2\/media\/11776"}],"wp:attachment":[{"href":"http:\/\/basakcilastik.com.tr\/index.php?rest_route=%2Fwp%2Fv2%2Fmedia&parent=11774"}],"wp:term":[{"taxonomy":"product_brand","embeddable":true,"href":"http:\/\/basakcilastik.com.tr\/index.php?rest_route=%2Fwp%2Fv2%2Fproduct_brand&post=11774"},{"taxonomy":"product_cat","embeddable":true,"href":"http:\/\/basakcilastik.com.tr\/index.php?rest_route=%2Fwp%2Fv2%2Fproduct_cat&post=11774"},{"taxonomy":"product_tag","embeddable":true,"href":"http:\/\/basakcilastik.com.tr\/index.php?rest_route=%2Fwp%2Fv2%2Fproduct_tag&post=11774"}],"curies":[{"name":"wp","href":"https:\/\/api.w.org\/{rel}","templated":true}]}}