{"id":11726,"date":"2020-07-22T22:04:45","date_gmt":"2020-07-22T22:04:45","guid":{"rendered":"https:\/\/basakcilastik.com.tr\/?post_type=product&#038;p=11726"},"modified":"2020-07-22T22:04:45","modified_gmt":"2020-07-22T22:04:45","slug":"opc-70203-endustriyel-ege-motoru","status":"publish","type":"product","link":"http:\/\/basakcilastik.com.tr\/?product=opc-70203-endustriyel-ege-motoru","title":{"rendered":"OPC 70203 END\u00dcSTR\u0130YEL E\u011eE MOTORU"},"content":{"rendered":"<p>OPC 70203<\/p>\n<p><strong>Stroke: 0.2 mm<\/strong><br \/>\n<strong>Bo\u015fta Devir: 60.000 RPM<\/strong><br \/>\n<strong>Hortum \u00c7ap\u0131: 6.50 mm<\/strong><br \/>\n<strong>Hava Giri\u015f Nipeli: 1\/4&#8243;<\/strong><br \/>\n<strong>Hava T\u00fcketimi: 120 lt\/dk<\/strong><br \/>\n<strong>Ses \u015eiddeti: 84 dB(A)<\/strong><br \/>\n<strong>\u00c7al\u0131\u015fma Bas\u0131nc\u0131: 6.3 bar<\/strong><br \/>\n<strong>A\u011f\u0131rl\u0131k: 0.20 kg<\/strong><\/p>\n","protected":false},"excerpt":{"rendered":"<p>OPC 70203 Stroke: 0.2 mm Bo\u015fta Devir: 60.000 RPM Hortum \u00c7ap\u0131: 6.50 mm Hava Giri\u015f Nipeli: 1\/4&#8243; Hava T\u00fcketimi: 120 lt\/dk Ses \u015eiddeti: 84 dB(A) \u00c7al\u0131\u015fma Bas\u0131nc\u0131: 6.3 bar A\u011f\u0131rl\u0131k: 0.20 kg<\/p>\n","protected":false},"featured_media":11728,"comment_status":"open","ping_status":"closed","template":"","meta":[],"product_brand":[],"product_cat":[15,93,90],"product_tag":[],"class_list":{"0":"post-11726","1":"product","2":"type-product","3":"status-publish","4":"has-post-thumbnail","6":"product_cat-genel","7":"product_cat-ege-motorlari","8":"product_cat-havali-aletler","10":"first","11":"instock","12":"shipping-taxable","13":"product-type-simple"},"_links":{"self":[{"href":"http:\/\/basakcilastik.com.tr\/index.php?rest_route=\/wp\/v2\/product\/11726","targetHints":{"allow":["GET"]}}],"collection":[{"href":"http:\/\/basakcilastik.com.tr\/index.php?rest_route=\/wp\/v2\/product"}],"about":[{"href":"http:\/\/basakcilastik.com.tr\/index.php?rest_route=\/wp\/v2\/types\/product"}],"replies":[{"embeddable":true,"href":"http:\/\/basakcilastik.com.tr\/index.php?rest_route=%2Fwp%2Fv2%2Fcomments&post=11726"}],"wp:featuredmedia":[{"embeddable":true,"href":"http:\/\/basakcilastik.com.tr\/index.php?rest_route=\/wp\/v2\/media\/11728"}],"wp:attachment":[{"href":"http:\/\/basakcilastik.com.tr\/index.php?rest_route=%2Fwp%2Fv2%2Fmedia&parent=11726"}],"wp:term":[{"taxonomy":"product_brand","embeddable":true,"href":"http:\/\/basakcilastik.com.tr\/index.php?rest_route=%2Fwp%2Fv2%2Fproduct_brand&post=11726"},{"taxonomy":"product_cat","embeddable":true,"href":"http:\/\/basakcilastik.com.tr\/index.php?rest_route=%2Fwp%2Fv2%2Fproduct_cat&post=11726"},{"taxonomy":"product_tag","embeddable":true,"href":"http:\/\/basakcilastik.com.tr\/index.php?rest_route=%2Fwp%2Fv2%2Fproduct_tag&post=11726"}],"curies":[{"name":"wp","href":"https:\/\/api.w.org\/{rel}","templated":true}]}}