{"id":11714,"date":"2020-07-22T22:01:39","date_gmt":"2020-07-22T22:01:39","guid":{"rendered":"https:\/\/basakcilastik.com.tr\/?post_type=product&#038;p=11714"},"modified":"2020-07-22T22:01:40","modified_gmt":"2020-07-22T22:01:40","slug":"pxa-dis-meme-100-150-a-802885","status":"publish","type":"product","link":"http:\/\/basakcilastik.com.tr\/?product=pxa-dis-meme-100-150-a-802885","title":{"rendered":"Pxa D\u0131\u015f Meme 100-150 A 802885"},"content":{"rendered":"<p>Pxa D\u0131\u015f Meme 100-150 A 802885<\/p>\n","protected":false},"excerpt":{"rendered":"<p>Pxa D\u0131\u015f Meme 100-150 A 802885<\/p>\n","protected":false},"featured_media":11716,"comment_status":"open","ping_status":"closed","template":"","meta":[],"product_brand":[],"product_cat":[15,131,139],"product_tag":[],"class_list":{"0":"post-11714","1":"product","2":"type-product","3":"status-publish","4":"has-post-thumbnail","6":"product_cat-genel","7":"product_cat-gaz-armaturleri-basinc-dusuruculer","8":"product_cat-torclar-ve-sarf-malzemeleri","10":"first","11":"instock","12":"shipping-taxable","13":"product-type-simple"},"_links":{"self":[{"href":"http:\/\/basakcilastik.com.tr\/index.php?rest_route=\/wp\/v2\/product\/11714","targetHints":{"allow":["GET"]}}],"collection":[{"href":"http:\/\/basakcilastik.com.tr\/index.php?rest_route=\/wp\/v2\/product"}],"about":[{"href":"http:\/\/basakcilastik.com.tr\/index.php?rest_route=\/wp\/v2\/types\/product"}],"replies":[{"embeddable":true,"href":"http:\/\/basakcilastik.com.tr\/index.php?rest_route=%2Fwp%2Fv2%2Fcomments&post=11714"}],"wp:featuredmedia":[{"embeddable":true,"href":"http:\/\/basakcilastik.com.tr\/index.php?rest_route=\/wp\/v2\/media\/11716"}],"wp:attachment":[{"href":"http:\/\/basakcilastik.com.tr\/index.php?rest_route=%2Fwp%2Fv2%2Fmedia&parent=11714"}],"wp:term":[{"taxonomy":"product_brand","embeddable":true,"href":"http:\/\/basakcilastik.com.tr\/index.php?rest_route=%2Fwp%2Fv2%2Fproduct_brand&post=11714"},{"taxonomy":"product_cat","embeddable":true,"href":"http:\/\/basakcilastik.com.tr\/index.php?rest_route=%2Fwp%2Fv2%2Fproduct_cat&post=11714"},{"taxonomy":"product_tag","embeddable":true,"href":"http:\/\/basakcilastik.com.tr\/index.php?rest_route=%2Fwp%2Fv2%2Fproduct_tag&post=11714"}],"curies":[{"name":"wp","href":"https:\/\/api.w.org\/{rel}","templated":true}]}}