{"id":11686,"date":"2020-07-22T21:52:22","date_gmt":"2020-07-22T21:52:22","guid":{"rendered":"https:\/\/basakcilastik.com.tr\/?post_type=product&#038;p=11686"},"modified":"2020-07-22T21:52:22","modified_gmt":"2020-07-22T21:52:22","slug":"yama-at-5053-12-circir-kol","status":"publish","type":"product","link":"http:\/\/basakcilastik.com.tr\/?product=yama-at-5053-12-circir-kol","title":{"rendered":"Yama AT 5053 12&#8221; C\u0131rc\u0131r Kol"},"content":{"rendered":"<p><strong><u>YAMA AT-5053 C\u0131rc\u0131r Kol<\/u><\/strong><\/p>\n<table>\n<tbody>\n<tr>\n<td><strong>TORK G\u00dcC\u00dc<\/strong><\/td>\n<td>6,9\u00a0KG\/M\u00b2<\/td>\n<\/tr>\n<tr>\n<td><strong>C\u0130VATA KAPAS\u0130TES\u0130<\/strong><\/td>\n<td>10 MM.<\/td>\n<\/tr>\n<tr>\n<td><strong>BO\u015eTAK\u0130 DEV\u0130R SAYISI<\/strong><\/td>\n<td>160 D\/DK.<\/td>\n<\/tr>\n<tr>\n<td><strong>G\u0130R\u0130\u015e REKOR \u00d6L\u00c7\u00dcS\u00dc<\/strong><\/td>\n<td>1\/4&#8243;<\/td>\n<\/tr>\n<tr>\n<td><strong>BA\u011eLANACAK HAVA HORTUM \u00c7API<\/strong><\/td>\n<td>3\/8&#8243; (9,5 MM.)<\/td>\n<\/tr>\n<tr>\n<td><strong>\u00c7ALI\u015eMA BASINCI<\/strong><\/td>\n<td>7 BAR (100 PSI) EN FAZLA<\/td>\n<\/tr>\n<tr>\n<td><strong>HAVA SARF\u0130YATI<\/strong><\/td>\n<td>110\u00a0LT\/DK.<\/td>\n<\/tr>\n<tr>\n<td><strong>\u00d6NER\u0130LEN HAVA KOMPRES\u00d6R\u00dc<\/strong><\/td>\n<td>2\u00a0HP &#8211; 200 LT. (EN AZ)<\/td>\n<\/tr>\n<tr>\n<td><strong>BOYU VE A\u011eIRLI\u011eI<\/strong><\/td>\n<td>250\u00a0MM. &#8211; 2.100 GRAM<\/td>\n<\/tr>\n<\/tbody>\n<\/table>\n","protected":false},"excerpt":{"rendered":"<p>YAMA AT-5053 C\u0131rc\u0131r Kol TORK G\u00dcC\u00dc 6,9\u00a0KG\/M\u00b2 C\u0130VATA KAPAS\u0130TES\u0130 10 MM. BO\u015eTAK\u0130 DEV\u0130R SAYISI 160 D\/DK. G\u0130R\u0130\u015e REKOR \u00d6L\u00c7\u00dcS\u00dc 1\/4&#8243; BA\u011eLANACAK HAVA HORTUM \u00c7API 3\/8&#8243; (9,5 MM.) \u00c7ALI\u015eMA BASINCI 7 BAR (100 PSI) EN FAZLA HAVA SARF\u0130YATI 110\u00a0LT\/DK. \u00d6NER\u0130LEN HAVA KOMPRES\u00d6R\u00dc 2\u00a0HP &#8211; 200 LT. (EN AZ) BOYU VE A\u011eIRLI\u011eI 250\u00a0MM. &#8211; 2.100 GRAM<\/p>\n","protected":false},"featured_media":11688,"comment_status":"open","ping_status":"closed","template":"","meta":[],"product_brand":[],"product_cat":[15,92,90],"product_tag":[],"class_list":{"0":"post-11686","1":"product","2":"type-product","3":"status-publish","4":"has-post-thumbnail","6":"product_cat-genel","7":"product_cat-circir-motorlari","8":"product_cat-havali-aletler","10":"first","11":"instock","12":"shipping-taxable","13":"product-type-simple"},"_links":{"self":[{"href":"http:\/\/basakcilastik.com.tr\/index.php?rest_route=\/wp\/v2\/product\/11686","targetHints":{"allow":["GET"]}}],"collection":[{"href":"http:\/\/basakcilastik.com.tr\/index.php?rest_route=\/wp\/v2\/product"}],"about":[{"href":"http:\/\/basakcilastik.com.tr\/index.php?rest_route=\/wp\/v2\/types\/product"}],"replies":[{"embeddable":true,"href":"http:\/\/basakcilastik.com.tr\/index.php?rest_route=%2Fwp%2Fv2%2Fcomments&post=11686"}],"wp:featuredmedia":[{"embeddable":true,"href":"http:\/\/basakcilastik.com.tr\/index.php?rest_route=\/wp\/v2\/media\/11688"}],"wp:attachment":[{"href":"http:\/\/basakcilastik.com.tr\/index.php?rest_route=%2Fwp%2Fv2%2Fmedia&parent=11686"}],"wp:term":[{"taxonomy":"product_brand","embeddable":true,"href":"http:\/\/basakcilastik.com.tr\/index.php?rest_route=%2Fwp%2Fv2%2Fproduct_brand&post=11686"},{"taxonomy":"product_cat","embeddable":true,"href":"http:\/\/basakcilastik.com.tr\/index.php?rest_route=%2Fwp%2Fv2%2Fproduct_cat&post=11686"},{"taxonomy":"product_tag","embeddable":true,"href":"http:\/\/basakcilastik.com.tr\/index.php?rest_route=%2Fwp%2Fv2%2Fproduct_tag&post=11686"}],"curies":[{"name":"wp","href":"https:\/\/api.w.org\/{rel}","templated":true}]}}