{"id":11681,"date":"2020-07-22T21:51:39","date_gmt":"2020-07-22T21:51:39","guid":{"rendered":"https:\/\/basakcilastik.com.tr\/?post_type=product&#038;p=11681"},"modified":"2020-07-22T21:51:39","modified_gmt":"2020-07-22T21:51:39","slug":"wert-1856-havali-circir-kolu","status":"publish","type":"product","link":"http:\/\/basakcilastik.com.tr\/?product=wert-1856-havali-circir-kolu","title":{"rendered":"WERT 1856 Haval\u0131 C\u0131rc\u0131r Kolu"},"content":{"rendered":"<p>WERT 1856 Haval\u0131 C\u0131rc\u0131r Kolu (1\/2&#8242;)<\/p>\n<p>&nbsp;<\/p>\n<ul>\n<li>A\u011f\u0131r i\u015fler i\u00e7in ideal haval\u0131 c\u0131rc\u0131r kolu, 1\/2&#8242;<br \/>\n\u25cf Dayan\u0131kl\u0131 \u00e7elikten ba\u015fl\u0131k ve hafif ergonomik al\u00fcminyum g\u00f6vde<br \/>\n\u25cf Radyat\u00f6r, buji, so\u011futma sistemi s\u00f6k\u00fcm\/tak\u0131m i\u015flemlerinde en s\u0131k kullan\u0131lan \u00fcr\u00fcn<br \/>\n\u25cf Karton kutulu<br \/>\n\u25cf Soket Giri\u015fi: 12,8mm<br \/>\n\u25cf Maksimum tork: 69Nm<br \/>\n\u25cf Y\u00fcks\u00fcz devir say\u0131s\u0131: 160d\/dak<br \/>\n\u25cf \u00c7al\u0131\u015fma hava bas\u0131nc\u0131: 6,3bar<br \/>\n\u25cf Ortalama hava t\u00fcketimi: 0,170m3\/dak<br \/>\n\u25cf Hortum \u00f6l\u00e7\u00fcs\u00fc (i\u00e7 \u00e7ap): 9,5mm<br \/>\n\u25cf Hava giri\u015fi: 6,5mm (N) PT<br \/>\n\u25cf A\u011f\u0131rl\u0131k: 1,20kg<\/li>\n<\/ul>\n<p><strong>A\u011f\u0131rl\u0131k(Kg)<\/strong><\/p>\n<p><strong>:<\/strong><\/p>\n<p>1.3<\/p>\n","protected":false},"excerpt":{"rendered":"<p>WERT 1856 Haval\u0131 C\u0131rc\u0131r Kolu (1\/2&#8242;) &nbsp; A\u011f\u0131r i\u015fler i\u00e7in ideal haval\u0131 c\u0131rc\u0131r kolu, 1\/2&#8242; \u25cf Dayan\u0131kl\u0131 \u00e7elikten ba\u015fl\u0131k ve hafif ergonomik al\u00fcminyum g\u00f6vde \u25cf Radyat\u00f6r, buji, so\u011futma sistemi s\u00f6k\u00fcm\/tak\u0131m i\u015flemlerinde en s\u0131k kullan\u0131lan \u00fcr\u00fcn \u25cf Karton kutulu \u25cf Soket Giri\u015fi: 12,8mm \u25cf Maksimum tork: 69Nm \u25cf Y\u00fcks\u00fcz devir say\u0131s\u0131: 160d\/dak \u25cf \u00c7al\u0131\u015fma hava bas\u0131nc\u0131: 6,3bar \u25cf Ortalama hava t\u00fcketimi: [&hellip;]<\/p>\n","protected":false},"featured_media":11684,"comment_status":"open","ping_status":"closed","template":"","meta":[],"product_brand":[],"product_cat":[15,92,90],"product_tag":[],"class_list":{"0":"post-11681","1":"product","2":"type-product","3":"status-publish","4":"has-post-thumbnail","6":"product_cat-genel","7":"product_cat-circir-motorlari","8":"product_cat-havali-aletler","10":"first","11":"instock","12":"shipping-taxable","13":"product-type-simple"},"_links":{"self":[{"href":"http:\/\/basakcilastik.com.tr\/index.php?rest_route=\/wp\/v2\/product\/11681","targetHints":{"allow":["GET"]}}],"collection":[{"href":"http:\/\/basakcilastik.com.tr\/index.php?rest_route=\/wp\/v2\/product"}],"about":[{"href":"http:\/\/basakcilastik.com.tr\/index.php?rest_route=\/wp\/v2\/types\/product"}],"replies":[{"embeddable":true,"href":"http:\/\/basakcilastik.com.tr\/index.php?rest_route=%2Fwp%2Fv2%2Fcomments&post=11681"}],"wp:featuredmedia":[{"embeddable":true,"href":"http:\/\/basakcilastik.com.tr\/index.php?rest_route=\/wp\/v2\/media\/11684"}],"wp:attachment":[{"href":"http:\/\/basakcilastik.com.tr\/index.php?rest_route=%2Fwp%2Fv2%2Fmedia&parent=11681"}],"wp:term":[{"taxonomy":"product_brand","embeddable":true,"href":"http:\/\/basakcilastik.com.tr\/index.php?rest_route=%2Fwp%2Fv2%2Fproduct_brand&post=11681"},{"taxonomy":"product_cat","embeddable":true,"href":"http:\/\/basakcilastik.com.tr\/index.php?rest_route=%2Fwp%2Fv2%2Fproduct_cat&post=11681"},{"taxonomy":"product_tag","embeddable":true,"href":"http:\/\/basakcilastik.com.tr\/index.php?rest_route=%2Fwp%2Fv2%2Fproduct_tag&post=11681"}],"curies":[{"name":"wp","href":"https:\/\/api.w.org\/{rel}","templated":true}]}}