{"id":11601,"date":"2020-07-22T21:15:43","date_gmt":"2020-07-22T21:15:43","guid":{"rendered":"https:\/\/basakcilastik.com.tr\/?post_type=product&#038;p=11601"},"modified":"2020-07-22T21:15:43","modified_gmt":"2020-07-22T21:15:43","slug":"osa-tw3135-dijital-tork-kolu-38","status":"publish","type":"product","link":"http:\/\/basakcilastik.com.tr\/?product=osa-tw3135-dijital-tork-kolu-38","title":{"rendered":"OSA-TW3135 D\u0130J\u0130TAL TORK KOLU 38"},"content":{"rendered":"<p>OSA-TW3135 D\u0130J\u0130TAL TORK KOLU 3\/8&#8243;<\/p>\n<p><strong>3\/8\u2019\u2019 10-135 Nm dijital tork kolu<\/strong><br \/>\n<strong>Uzunluk 400 mm<\/strong><\/p>\n","protected":false},"excerpt":{"rendered":"<p>OSA-TW3135 D\u0130J\u0130TAL TORK KOLU 3\/8&#8243; 3\/8\u2019\u2019 10-135 Nm dijital tork kolu Uzunluk 400 mm<\/p>\n","protected":false},"featured_media":11603,"comment_status":"open","ping_status":"closed","template":"","meta":[],"product_brand":[],"product_cat":[15,92,90],"product_tag":[],"class_list":{"0":"post-11601","1":"product","2":"type-product","3":"status-publish","4":"has-post-thumbnail","6":"product_cat-genel","7":"product_cat-circir-motorlari","8":"product_cat-havali-aletler","10":"first","11":"instock","12":"shipping-taxable","13":"product-type-simple"},"_links":{"self":[{"href":"http:\/\/basakcilastik.com.tr\/index.php?rest_route=\/wp\/v2\/product\/11601","targetHints":{"allow":["GET"]}}],"collection":[{"href":"http:\/\/basakcilastik.com.tr\/index.php?rest_route=\/wp\/v2\/product"}],"about":[{"href":"http:\/\/basakcilastik.com.tr\/index.php?rest_route=\/wp\/v2\/types\/product"}],"replies":[{"embeddable":true,"href":"http:\/\/basakcilastik.com.tr\/index.php?rest_route=%2Fwp%2Fv2%2Fcomments&post=11601"}],"wp:featuredmedia":[{"embeddable":true,"href":"http:\/\/basakcilastik.com.tr\/index.php?rest_route=\/wp\/v2\/media\/11603"}],"wp:attachment":[{"href":"http:\/\/basakcilastik.com.tr\/index.php?rest_route=%2Fwp%2Fv2%2Fmedia&parent=11601"}],"wp:term":[{"taxonomy":"product_brand","embeddable":true,"href":"http:\/\/basakcilastik.com.tr\/index.php?rest_route=%2Fwp%2Fv2%2Fproduct_brand&post=11601"},{"taxonomy":"product_cat","embeddable":true,"href":"http:\/\/basakcilastik.com.tr\/index.php?rest_route=%2Fwp%2Fv2%2Fproduct_cat&post=11601"},{"taxonomy":"product_tag","embeddable":true,"href":"http:\/\/basakcilastik.com.tr\/index.php?rest_route=%2Fwp%2Fv2%2Fproduct_tag&post=11601"}],"curies":[{"name":"wp","href":"https:\/\/api.w.org\/{rel}","templated":true}]}}