{"id":11566,"date":"2020-07-22T21:04:15","date_gmt":"2020-07-22T21:04:15","guid":{"rendered":"https:\/\/basakcilastik.com.tr\/?post_type=product&#038;p=11566"},"modified":"2020-07-22T21:04:16","modified_gmt":"2020-07-22T21:04:16","slug":"opt-p-450c-12-somun-sokme-90","status":"publish","type":"product","link":"http:\/\/basakcilastik.com.tr\/?product=opt-p-450c-12-somun-sokme-90","title":{"rendered":"OPT-P 450C 12 SOMUN S\u00d6KME 90\u00b0"},"content":{"rendered":"<p>OPT-P 450C 1\/2&#8243; SOMUN S\u00d6KME 90\u00b0<\/p>\n<p><strong>Uzunluk: 335\u00a0mm<\/strong><br \/>\n<strong>Civata \u00c7ap\u0131:\u00a016 mm<br \/>\nSoket Karesi: 1\/2&#8243;<\/strong><br \/>\n<strong>Max. Tork: 280 Nm<\/strong><br \/>\n<strong>Bo\u015fta Devir: 6.000 RPM<\/strong><br \/>\n<strong>Hava T\u00fcketimi: 175\u00a0lt\/dk<\/strong><br \/>\n<strong>Hava Giri\u015f Nipeli: 1\/4&#8243;<\/strong><br \/>\n<strong>Hortum \u00c7ap\u0131: 10.00 mm<\/strong><br \/>\n<strong>\u00c7al\u0131\u015fma Bas\u0131nc\u0131: 6.3-8.0 at\u00fc<\/strong><br \/>\n<strong>A\u011f\u0131rl\u0131k: 2.0 kg<\/strong><\/p>\n","protected":false},"excerpt":{"rendered":"<p>OPT-P 450C 1\/2&#8243; SOMUN S\u00d6KME 90\u00b0 Uzunluk: 335\u00a0mm Civata \u00c7ap\u0131:\u00a016 mm Soket Karesi: 1\/2&#8243; Max. Tork: 280 Nm Bo\u015fta Devir: 6.000 RPM Hava T\u00fcketimi: 175\u00a0lt\/dk Hava Giri\u015f Nipeli: 1\/4&#8243; Hortum \u00c7ap\u0131: 10.00 mm \u00c7al\u0131\u015fma Bas\u0131nc\u0131: 6.3-8.0 at\u00fc A\u011f\u0131rl\u0131k: 2.0 kg<\/p>\n","protected":false},"featured_media":11568,"comment_status":"open","ping_status":"closed","template":"","meta":[],"product_brand":[],"product_cat":[15,92,90],"product_tag":[],"class_list":{"0":"post-11566","1":"product","2":"type-product","3":"status-publish","4":"has-post-thumbnail","6":"product_cat-genel","7":"product_cat-circir-motorlari","8":"product_cat-havali-aletler","10":"first","11":"instock","12":"shipping-taxable","13":"product-type-simple"},"_links":{"self":[{"href":"http:\/\/basakcilastik.com.tr\/index.php?rest_route=\/wp\/v2\/product\/11566","targetHints":{"allow":["GET"]}}],"collection":[{"href":"http:\/\/basakcilastik.com.tr\/index.php?rest_route=\/wp\/v2\/product"}],"about":[{"href":"http:\/\/basakcilastik.com.tr\/index.php?rest_route=\/wp\/v2\/types\/product"}],"replies":[{"embeddable":true,"href":"http:\/\/basakcilastik.com.tr\/index.php?rest_route=%2Fwp%2Fv2%2Fcomments&post=11566"}],"wp:featuredmedia":[{"embeddable":true,"href":"http:\/\/basakcilastik.com.tr\/index.php?rest_route=\/wp\/v2\/media\/11568"}],"wp:attachment":[{"href":"http:\/\/basakcilastik.com.tr\/index.php?rest_route=%2Fwp%2Fv2%2Fmedia&parent=11566"}],"wp:term":[{"taxonomy":"product_brand","embeddable":true,"href":"http:\/\/basakcilastik.com.tr\/index.php?rest_route=%2Fwp%2Fv2%2Fproduct_brand&post=11566"},{"taxonomy":"product_cat","embeddable":true,"href":"http:\/\/basakcilastik.com.tr\/index.php?rest_route=%2Fwp%2Fv2%2Fproduct_cat&post=11566"},{"taxonomy":"product_tag","embeddable":true,"href":"http:\/\/basakcilastik.com.tr\/index.php?rest_route=%2Fwp%2Fv2%2Fproduct_tag&post=11566"}],"curies":[{"name":"wp","href":"https:\/\/api.w.org\/{rel}","templated":true}]}}