{"id":11555,"date":"2020-07-22T21:00:18","date_gmt":"2020-07-22T21:00:18","guid":{"rendered":"https:\/\/basakcilastik.com.tr\/?post_type=product&#038;p=11555"},"modified":"2020-07-22T21:00:19","modified_gmt":"2020-07-22T21:00:19","slug":"opt-p-388-12-circir-motoru","status":"publish","type":"product","link":"http:\/\/basakcilastik.com.tr\/?product=opt-p-388-12-circir-motoru","title":{"rendered":"OPT-P 388 12 CIRCIR MOTORU"},"content":{"rendered":"<p>OPT-P 388 1\/2&#8243; CIRCIR MOTORU<\/p>\n<p><strong>Uzunluk: 360 mm<\/strong><br \/>\n<strong>Civata \u00c7ap\u0131: 12 mm<\/strong><br \/>\n<strong>Soket Karesi: 1\/2&#8243;<\/strong><br \/>\n<strong>Max. Tork: 122 Nm<\/strong><br \/>\n<strong>Bo\u015fta Devir: 150 RPM<\/strong><br \/>\n<strong>Hava T\u00fcketimi: 90 lt\/dk<\/strong><br \/>\n<strong>Hava Giri\u015f Nipeli: 1\/4&#8243;<\/strong><br \/>\n<strong>Hortum \u00c7ap\u0131: 9.50 mm<\/strong><br \/>\n<strong>\u00c7al\u0131\u015fma Bas\u0131nc\u0131: 90 psi (6.2 at\u00fc)<\/strong><br \/>\n<strong>A\u011f\u0131rl\u0131k: 1.50 kg<\/strong><\/p>\n","protected":false},"excerpt":{"rendered":"<p>OPT-P 388 1\/2&#8243; CIRCIR MOTORU Uzunluk: 360 mm Civata \u00c7ap\u0131: 12 mm Soket Karesi: 1\/2&#8243; Max. Tork: 122 Nm Bo\u015fta Devir: 150 RPM Hava T\u00fcketimi: 90 lt\/dk Hava Giri\u015f Nipeli: 1\/4&#8243; Hortum \u00c7ap\u0131: 9.50 mm \u00c7al\u0131\u015fma Bas\u0131nc\u0131: 90 psi (6.2 at\u00fc) A\u011f\u0131rl\u0131k: 1.50 kg<\/p>\n","protected":false},"featured_media":11557,"comment_status":"open","ping_status":"closed","template":"","meta":[],"product_brand":[],"product_cat":[15,92,90],"product_tag":[],"class_list":{"0":"post-11555","1":"product","2":"type-product","3":"status-publish","4":"has-post-thumbnail","6":"product_cat-genel","7":"product_cat-circir-motorlari","8":"product_cat-havali-aletler","10":"first","11":"instock","12":"shipping-taxable","13":"product-type-simple"},"_links":{"self":[{"href":"http:\/\/basakcilastik.com.tr\/index.php?rest_route=\/wp\/v2\/product\/11555","targetHints":{"allow":["GET"]}}],"collection":[{"href":"http:\/\/basakcilastik.com.tr\/index.php?rest_route=\/wp\/v2\/product"}],"about":[{"href":"http:\/\/basakcilastik.com.tr\/index.php?rest_route=\/wp\/v2\/types\/product"}],"replies":[{"embeddable":true,"href":"http:\/\/basakcilastik.com.tr\/index.php?rest_route=%2Fwp%2Fv2%2Fcomments&post=11555"}],"wp:featuredmedia":[{"embeddable":true,"href":"http:\/\/basakcilastik.com.tr\/index.php?rest_route=\/wp\/v2\/media\/11557"}],"wp:attachment":[{"href":"http:\/\/basakcilastik.com.tr\/index.php?rest_route=%2Fwp%2Fv2%2Fmedia&parent=11555"}],"wp:term":[{"taxonomy":"product_brand","embeddable":true,"href":"http:\/\/basakcilastik.com.tr\/index.php?rest_route=%2Fwp%2Fv2%2Fproduct_brand&post=11555"},{"taxonomy":"product_cat","embeddable":true,"href":"http:\/\/basakcilastik.com.tr\/index.php?rest_route=%2Fwp%2Fv2%2Fproduct_cat&post=11555"},{"taxonomy":"product_tag","embeddable":true,"href":"http:\/\/basakcilastik.com.tr\/index.php?rest_route=%2Fwp%2Fv2%2Fproduct_tag&post=11555"}],"curies":[{"name":"wp","href":"https:\/\/api.w.org\/{rel}","templated":true}]}}