{"id":11514,"date":"2020-07-22T20:50:16","date_gmt":"2020-07-22T20:50:16","guid":{"rendered":"https:\/\/basakcilastik.com.tr\/?post_type=product&#038;p=11514"},"modified":"2020-07-22T20:50:16","modified_gmt":"2020-07-22T20:50:16","slug":"kpt-20tr-kpt25tr-disi-circir","status":"publish","type":"product","link":"http:\/\/basakcilastik.com.tr\/?product=kpt-20tr-kpt25tr-disi-circir","title":{"rendered":"KPT-20TR-KPT25TR D\u0130\u015e\u0130 CIRCIR"},"content":{"rendered":"<p>KPT-20TR-KPT25TR D\u0130\u015e\u0130 CIRCIR<\/p>\n","protected":false},"excerpt":{"rendered":"<p>KPT-20TR-KPT25TR D\u0130\u015e\u0130 CIRCIR<\/p>\n","protected":false},"featured_media":11517,"comment_status":"open","ping_status":"closed","template":"","meta":[],"product_brand":[],"product_cat":[15,92,90],"product_tag":[],"class_list":{"0":"post-11514","1":"product","2":"type-product","3":"status-publish","4":"has-post-thumbnail","6":"product_cat-genel","7":"product_cat-circir-motorlari","8":"product_cat-havali-aletler","10":"first","11":"instock","12":"shipping-taxable","13":"product-type-simple"},"_links":{"self":[{"href":"http:\/\/basakcilastik.com.tr\/index.php?rest_route=\/wp\/v2\/product\/11514","targetHints":{"allow":["GET"]}}],"collection":[{"href":"http:\/\/basakcilastik.com.tr\/index.php?rest_route=\/wp\/v2\/product"}],"about":[{"href":"http:\/\/basakcilastik.com.tr\/index.php?rest_route=\/wp\/v2\/types\/product"}],"replies":[{"embeddable":true,"href":"http:\/\/basakcilastik.com.tr\/index.php?rest_route=%2Fwp%2Fv2%2Fcomments&post=11514"}],"wp:featuredmedia":[{"embeddable":true,"href":"http:\/\/basakcilastik.com.tr\/index.php?rest_route=\/wp\/v2\/media\/11517"}],"wp:attachment":[{"href":"http:\/\/basakcilastik.com.tr\/index.php?rest_route=%2Fwp%2Fv2%2Fmedia&parent=11514"}],"wp:term":[{"taxonomy":"product_brand","embeddable":true,"href":"http:\/\/basakcilastik.com.tr\/index.php?rest_route=%2Fwp%2Fv2%2Fproduct_brand&post=11514"},{"taxonomy":"product_cat","embeddable":true,"href":"http:\/\/basakcilastik.com.tr\/index.php?rest_route=%2Fwp%2Fv2%2Fproduct_cat&post=11514"},{"taxonomy":"product_tag","embeddable":true,"href":"http:\/\/basakcilastik.com.tr\/index.php?rest_route=%2Fwp%2Fv2%2Fproduct_tag&post=11514"}],"curies":[{"name":"wp","href":"https:\/\/api.w.org\/{rel}","templated":true}]}}