{"id":11504,"date":"2020-07-22T20:46:35","date_gmt":"2020-07-22T20:46:35","guid":{"rendered":"https:\/\/basakcilastik.com.tr\/?post_type=product&#038;p=11504"},"modified":"2020-07-22T20:46:36","modified_gmt":"2020-07-22T20:46:36","slug":"plazma-difuzor-ycb150100-ya141101-pd150000","status":"publish","type":"product","link":"http:\/\/basakcilastik.com.tr\/?product=plazma-difuzor-ycb150100-ya141101-pd150000","title":{"rendered":"Plazma Dif\u00fcz\u00f6r Ycb150100 &#8211; Ya141101 PD150000"},"content":{"rendered":"<p>Plazma Dif\u00fcz\u00f6r Ycb150100 &#8211; Ya141101 PD150000<\/p>\n","protected":false},"excerpt":{"rendered":"<p>Plazma Dif\u00fcz\u00f6r Ycb150100 &#8211; Ya141101 PD150000<\/p>\n","protected":false},"featured_media":11506,"comment_status":"open","ping_status":"closed","template":"","meta":[],"product_brand":[],"product_cat":[15,131,139],"product_tag":[],"class_list":{"0":"post-11504","1":"product","2":"type-product","3":"status-publish","4":"has-post-thumbnail","6":"product_cat-genel","7":"product_cat-gaz-armaturleri-basinc-dusuruculer","8":"product_cat-torclar-ve-sarf-malzemeleri","10":"first","11":"instock","12":"shipping-taxable","13":"product-type-simple"},"_links":{"self":[{"href":"http:\/\/basakcilastik.com.tr\/index.php?rest_route=\/wp\/v2\/product\/11504","targetHints":{"allow":["GET"]}}],"collection":[{"href":"http:\/\/basakcilastik.com.tr\/index.php?rest_route=\/wp\/v2\/product"}],"about":[{"href":"http:\/\/basakcilastik.com.tr\/index.php?rest_route=\/wp\/v2\/types\/product"}],"replies":[{"embeddable":true,"href":"http:\/\/basakcilastik.com.tr\/index.php?rest_route=%2Fwp%2Fv2%2Fcomments&post=11504"}],"wp:featuredmedia":[{"embeddable":true,"href":"http:\/\/basakcilastik.com.tr\/index.php?rest_route=\/wp\/v2\/media\/11506"}],"wp:attachment":[{"href":"http:\/\/basakcilastik.com.tr\/index.php?rest_route=%2Fwp%2Fv2%2Fmedia&parent=11504"}],"wp:term":[{"taxonomy":"product_brand","embeddable":true,"href":"http:\/\/basakcilastik.com.tr\/index.php?rest_route=%2Fwp%2Fv2%2Fproduct_brand&post=11504"},{"taxonomy":"product_cat","embeddable":true,"href":"http:\/\/basakcilastik.com.tr\/index.php?rest_route=%2Fwp%2Fv2%2Fproduct_cat&post=11504"},{"taxonomy":"product_tag","embeddable":true,"href":"http:\/\/basakcilastik.com.tr\/index.php?rest_route=%2Fwp%2Fv2%2Fproduct_tag&post=11504"}],"curies":[{"name":"wp","href":"https:\/\/api.w.org\/{rel}","templated":true}]}}