{"id":11333,"date":"2020-07-22T19:52:02","date_gmt":"2020-07-22T19:52:02","guid":{"rendered":"https:\/\/basakcilastik.com.tr\/?post_type=product&#038;p=11333"},"modified":"2020-07-22T19:52:02","modified_gmt":"2020-07-22T19:52:02","slug":"boya-tabancasi-alttan-depo-g70","status":"publish","type":"product","link":"http:\/\/basakcilastik.com.tr\/?product=boya-tabancasi-alttan-depo-g70","title":{"rendered":"Boya Tabancas\u0131 Alttan Depo G70"},"content":{"rendered":"<p><strong>\u00dcr\u00fcn Teknik Bilgileri<\/strong><\/p>\n<table width=\"100%\">\n<tbody>\n<tr>\n<td width=\"403\"><strong>Deposu<\/strong><\/td>\n<td width=\"403\"><strong>1000 ml Al\u00fcminyum<\/strong><\/td>\n<\/tr>\n<tr>\n<td><strong>\u00c7al\u0131\u015fma Bas\u0131nc\u0131<\/strong><\/td>\n<td><strong>3,5-5 BAR<\/strong><\/td>\n<\/tr>\n<tr>\n<td><strong>Hava Giri\u015f\u00a0 Rakoru<\/strong><\/td>\n<td><strong>1\/4&#8243;<\/strong><\/td>\n<\/tr>\n<tr>\n<td><strong>Hava T\u00fcketimi<\/strong><\/td>\n<td><strong>8\/15 CMF<\/strong><\/td>\n<\/tr>\n<tr>\n<td><strong>Meme \u00c7e\u015fitleri<\/strong><\/td>\n<td><strong>1,8 mm &#8211; 2,00 mm &#8211; 2,5 mm<\/strong><\/td>\n<\/tr>\n<tr>\n<td><strong>Tamir Tak\u0131m\u0131<\/strong><\/td>\n<td><strong>1,8 mm &#8211; 2,00 mm &#8211; 2,5 mm<\/strong><\/td>\n<\/tr>\n<\/tbody>\n<\/table>\n","protected":false},"excerpt":{"rendered":"<p>\u00dcr\u00fcn Teknik Bilgileri Deposu 1000 ml Al\u00fcminyum \u00c7al\u0131\u015fma Bas\u0131nc\u0131 3,5-5 BAR Hava Giri\u015f\u00a0 Rakoru 1\/4&#8243; Hava T\u00fcketimi 8\/15 CMF Meme \u00c7e\u015fitleri 1,8 mm &#8211; 2,00 mm &#8211; 2,5 mm Tamir Tak\u0131m\u0131 1,8 mm &#8211; 2,00 mm &#8211; 2,5 mm<\/p>\n","protected":false},"featured_media":11335,"comment_status":"open","ping_status":"closed","template":"","meta":[],"product_brand":[],"product_cat":[15,91,90],"product_tag":[],"class_list":{"0":"post-11333","1":"product","2":"type-product","3":"status-publish","4":"has-post-thumbnail","6":"product_cat-genel","7":"product_cat-boya-tabancalari","8":"product_cat-havali-aletler","10":"first","11":"instock","12":"shipping-taxable","13":"product-type-simple"},"_links":{"self":[{"href":"http:\/\/basakcilastik.com.tr\/index.php?rest_route=\/wp\/v2\/product\/11333","targetHints":{"allow":["GET"]}}],"collection":[{"href":"http:\/\/basakcilastik.com.tr\/index.php?rest_route=\/wp\/v2\/product"}],"about":[{"href":"http:\/\/basakcilastik.com.tr\/index.php?rest_route=\/wp\/v2\/types\/product"}],"replies":[{"embeddable":true,"href":"http:\/\/basakcilastik.com.tr\/index.php?rest_route=%2Fwp%2Fv2%2Fcomments&post=11333"}],"wp:featuredmedia":[{"embeddable":true,"href":"http:\/\/basakcilastik.com.tr\/index.php?rest_route=\/wp\/v2\/media\/11335"}],"wp:attachment":[{"href":"http:\/\/basakcilastik.com.tr\/index.php?rest_route=%2Fwp%2Fv2%2Fmedia&parent=11333"}],"wp:term":[{"taxonomy":"product_brand","embeddable":true,"href":"http:\/\/basakcilastik.com.tr\/index.php?rest_route=%2Fwp%2Fv2%2Fproduct_brand&post=11333"},{"taxonomy":"product_cat","embeddable":true,"href":"http:\/\/basakcilastik.com.tr\/index.php?rest_route=%2Fwp%2Fv2%2Fproduct_cat&post=11333"},{"taxonomy":"product_tag","embeddable":true,"href":"http:\/\/basakcilastik.com.tr\/index.php?rest_route=%2Fwp%2Fv2%2Fproduct_tag&post=11333"}],"curies":[{"name":"wp","href":"https:\/\/api.w.org\/{rel}","templated":true}]}}