{"id":11328,"date":"2020-07-22T19:51:17","date_gmt":"2020-07-22T19:51:17","guid":{"rendered":"https:\/\/basakcilastik.com.tr\/?post_type=product&#038;p=11328"},"modified":"2020-07-22T19:51:17","modified_gmt":"2020-07-22T19:51:17","slug":"boya-tabancasi-alttan-depo-ab-17s","status":"publish","type":"product","link":"http:\/\/basakcilastik.com.tr\/?product=boya-tabancasi-alttan-depo-ab-17s","title":{"rendered":"Boya Tabancas\u0131 Alttan Depo AB-17S"},"content":{"rendered":"<p><strong>\u00dcr\u00fcn Teknik Bilgileri<\/strong><\/p>\n<table width=\"100%\">\n<tbody>\n<tr>\n<td width=\"403\"><strong>Deposu<\/strong><\/td>\n<td width=\"403\"><strong>1000 ml Al\u00fcminyum<\/strong><\/td>\n<\/tr>\n<tr>\n<td><strong>\u00c7al\u0131\u015fma Bas\u0131nc\u0131<\/strong><\/td>\n<td><strong>3 BAR<\/strong><\/td>\n<\/tr>\n<tr>\n<td><strong>Hava Giri\u015f\u00a0 Rakoru<\/strong><\/td>\n<td><strong>1\/4&#8243;<\/strong><\/td>\n<\/tr>\n<tr>\n<td><strong>Hava T\u00fcketimi<\/strong><\/td>\n<td><strong>16 CMF<\/strong><\/td>\n<\/tr>\n<tr>\n<td><strong>Meme \u00c7e\u015fitleri<\/strong><\/td>\n<td><strong>1,7 mm<\/strong><\/td>\n<\/tr>\n<\/tbody>\n<\/table>\n","protected":false},"excerpt":{"rendered":"<p>\u00dcr\u00fcn Teknik Bilgileri Deposu 1000 ml Al\u00fcminyum \u00c7al\u0131\u015fma Bas\u0131nc\u0131 3 BAR Hava Giri\u015f\u00a0 Rakoru 1\/4&#8243; Hava T\u00fcketimi 16 CMF Meme \u00c7e\u015fitleri 1,7 mm<\/p>\n","protected":false},"featured_media":11331,"comment_status":"open","ping_status":"closed","template":"","meta":[],"product_brand":[],"product_cat":[15,91,90],"product_tag":[],"class_list":{"0":"post-11328","1":"product","2":"type-product","3":"status-publish","4":"has-post-thumbnail","6":"product_cat-genel","7":"product_cat-boya-tabancalari","8":"product_cat-havali-aletler","10":"first","11":"instock","12":"shipping-taxable","13":"product-type-simple"},"_links":{"self":[{"href":"http:\/\/basakcilastik.com.tr\/index.php?rest_route=\/wp\/v2\/product\/11328","targetHints":{"allow":["GET"]}}],"collection":[{"href":"http:\/\/basakcilastik.com.tr\/index.php?rest_route=\/wp\/v2\/product"}],"about":[{"href":"http:\/\/basakcilastik.com.tr\/index.php?rest_route=\/wp\/v2\/types\/product"}],"replies":[{"embeddable":true,"href":"http:\/\/basakcilastik.com.tr\/index.php?rest_route=%2Fwp%2Fv2%2Fcomments&post=11328"}],"wp:featuredmedia":[{"embeddable":true,"href":"http:\/\/basakcilastik.com.tr\/index.php?rest_route=\/wp\/v2\/media\/11331"}],"wp:attachment":[{"href":"http:\/\/basakcilastik.com.tr\/index.php?rest_route=%2Fwp%2Fv2%2Fmedia&parent=11328"}],"wp:term":[{"taxonomy":"product_brand","embeddable":true,"href":"http:\/\/basakcilastik.com.tr\/index.php?rest_route=%2Fwp%2Fv2%2Fproduct_brand&post=11328"},{"taxonomy":"product_cat","embeddable":true,"href":"http:\/\/basakcilastik.com.tr\/index.php?rest_route=%2Fwp%2Fv2%2Fproduct_cat&post=11328"},{"taxonomy":"product_tag","embeddable":true,"href":"http:\/\/basakcilastik.com.tr\/index.php?rest_route=%2Fwp%2Fv2%2Fproduct_tag&post=11328"}],"curies":[{"name":"wp","href":"https:\/\/api.w.org\/{rel}","templated":true}]}}