{"id":11320,"date":"2020-07-22T19:49:42","date_gmt":"2020-07-22T19:49:42","guid":{"rendered":"https:\/\/basakcilastik.com.tr\/?post_type=product&#038;p=11320"},"modified":"2020-07-22T19:49:43","modified_gmt":"2020-07-22T19:49:43","slug":"boya-tabancasi-airless-j90","status":"publish","type":"product","link":"http:\/\/basakcilastik.com.tr\/?product=boya-tabancasi-airless-j90","title":{"rendered":"Boya Tabancas\u0131 Airless J90"},"content":{"rendered":"<p><strong>\u00dcr\u00fcn A\u00e7\u0131klamas\u0131<\/strong><\/p>\n<p>* Y\u00fcksek Bas\u0131n\u00e7l\u0131 Airless Boya Tabancas\u0131<br \/>\n* Kolay Temizlenebilir Meme Sistemi<br \/>\n* B\u00fcy\u00fck Alanlarda H\u0131zl\u0131 ve Kaliteli Sonu\u00e7<br \/>\n* Ergonomik Dizayn<\/p>\n","protected":false},"excerpt":{"rendered":"<p>\u00dcr\u00fcn A\u00e7\u0131klamas\u0131 * Y\u00fcksek Bas\u0131n\u00e7l\u0131 Airless Boya Tabancas\u0131 * Kolay Temizlenebilir Meme Sistemi * B\u00fcy\u00fck Alanlarda H\u0131zl\u0131 ve Kaliteli Sonu\u00e7 * Ergonomik Dizayn<\/p>\n","protected":false},"featured_media":11323,"comment_status":"open","ping_status":"closed","template":"","meta":[],"product_brand":[],"product_cat":[15,91,90],"product_tag":[],"class_list":{"0":"post-11320","1":"product","2":"type-product","3":"status-publish","4":"has-post-thumbnail","6":"product_cat-genel","7":"product_cat-boya-tabancalari","8":"product_cat-havali-aletler","10":"first","11":"instock","12":"shipping-taxable","13":"product-type-simple"},"_links":{"self":[{"href":"http:\/\/basakcilastik.com.tr\/index.php?rest_route=\/wp\/v2\/product\/11320","targetHints":{"allow":["GET"]}}],"collection":[{"href":"http:\/\/basakcilastik.com.tr\/index.php?rest_route=\/wp\/v2\/product"}],"about":[{"href":"http:\/\/basakcilastik.com.tr\/index.php?rest_route=\/wp\/v2\/types\/product"}],"replies":[{"embeddable":true,"href":"http:\/\/basakcilastik.com.tr\/index.php?rest_route=%2Fwp%2Fv2%2Fcomments&post=11320"}],"wp:featuredmedia":[{"embeddable":true,"href":"http:\/\/basakcilastik.com.tr\/index.php?rest_route=\/wp\/v2\/media\/11323"}],"wp:attachment":[{"href":"http:\/\/basakcilastik.com.tr\/index.php?rest_route=%2Fwp%2Fv2%2Fmedia&parent=11320"}],"wp:term":[{"taxonomy":"product_brand","embeddable":true,"href":"http:\/\/basakcilastik.com.tr\/index.php?rest_route=%2Fwp%2Fv2%2Fproduct_brand&post=11320"},{"taxonomy":"product_cat","embeddable":true,"href":"http:\/\/basakcilastik.com.tr\/index.php?rest_route=%2Fwp%2Fv2%2Fproduct_cat&post=11320"},{"taxonomy":"product_tag","embeddable":true,"href":"http:\/\/basakcilastik.com.tr\/index.php?rest_route=%2Fwp%2Fv2%2Fproduct_tag&post=11320"}],"curies":[{"name":"wp","href":"https:\/\/api.w.org\/{rel}","templated":true}]}}