{"id":11279,"date":"2020-07-22T15:34:12","date_gmt":"2020-07-22T15:34:12","guid":{"rendered":"https:\/\/basakcilastik.com.tr\/?post_type=product&#038;p=11279"},"modified":"2020-07-22T15:34:13","modified_gmt":"2020-07-22T15:34:13","slug":"rayli-otomatik-kesme-makinasi-rok-104-plasma-kesim-icin-4603","status":"publish","type":"product","link":"http:\/\/basakcilastik.com.tr\/?product=rayli-otomatik-kesme-makinasi-rok-104-plasma-kesim-icin-4603","title":{"rendered":"Rayl\u0131 Otomatik Kesme Makinas\u0131 Rok 104 (Plasma Kesim \u0130\u00e7in) 4603"},"content":{"rendered":"<p>Rayl\u0131 Otomatik Kesme Makinas\u0131 Rok 104 (Plasma Kesim \u0130\u00e7in)<\/p>\n<table width=\"310\">\n<tbody>\n<tr>\n<td width=\"50%\"><strong>A\u011f\u0131rl\u0131k<\/strong><\/td>\n<td>:15 kg<\/td>\n<\/tr>\n<tr>\n<td width=\"50%\"><strong>En x Boy x Y\u00fckseklik<\/strong><\/td>\n<td>:180 x 380 x 160 mm<\/td>\n<\/tr>\n<tr>\n<td width=\"50%\"><strong>Kullan\u0131lacak Gazlar<\/strong><\/td>\n<td>:Plasma<\/td>\n<\/tr>\n<tr>\n<td width=\"50%\"><strong>Kesme H\u0131z\u0131<\/strong><\/td>\n<td>:1700 mm\/min<\/td>\n<\/tr>\n<tr>\n<td width=\"50%\"><strong>Daire Kesim \u00d6l\u00e7\u00fcleri<\/strong><\/td>\n<td>:100 &#8211; 1680 mm<\/td>\n<\/tr>\n<tr>\n<td width=\"50%\"><strong>Kesme Hamla\u00e7 A\u00e7\u0131s\u0131<\/strong><\/td>\n<td>:45 Derece<\/td>\n<\/tr>\n<tr>\n<td width=\"50%\"><strong>Motor<\/strong><\/td>\n<td>:24 V DC<\/td>\n<\/tr>\n<tr>\n<td width=\"50%\"><strong>Voltaj<\/strong><\/td>\n<td>:220 V<\/td>\n<\/tr>\n<tr>\n<td width=\"50%\"><strong>Aksesuar<\/strong><\/td>\n<td>:2 m Ray,Daire Kesim Aparat\u0131<\/td>\n<\/tr>\n<\/tbody>\n<\/table>\n<p>Teknik \u00d6zellikler<\/p>\n<ul>\n<li>\u015eerit Kesme, D\u00fcz Kesim, Daire Kesme, Kaynak A\u011fz\u0131 A\u00e7ma<\/li>\n<li>Makine emniyet y\u00f6netmeli\u011fine uygunluk (CE)<\/li>\n<li>Al\u00e7ak gerilim y\u00f6netmeli\u011fine uygunluk (LVD)<\/li>\n<li>Rahat kullan\u0131ma uygun ayar ve kumanda \u00fcniteleri.<\/li>\n<li>Manuel olarak kullan\u0131labilme<\/li>\n<li>Raylar\u0131n birbirine eklenmesi ile farkl\u0131 uzunluklarda<\/li>\n<li>Kesim imkan\u0131 (Min. 0-2 metre)<\/li>\n<li>Plazma kesim i\u00e7in \u00d6zel tasar\u0131m<\/li>\n<\/ul>\n","protected":false},"excerpt":{"rendered":"<p>Rayl\u0131 Otomatik Kesme Makinas\u0131 Rok 104 (Plasma Kesim \u0130\u00e7in) A\u011f\u0131rl\u0131k :15 kg En x Boy x Y\u00fckseklik :180 x 380 x 160 mm Kullan\u0131lacak Gazlar :Plasma Kesme H\u0131z\u0131 :1700 mm\/min Daire Kesim \u00d6l\u00e7\u00fcleri :100 &#8211; 1680 mm Kesme Hamla\u00e7 A\u00e7\u0131s\u0131 :45 Derece Motor :24 V DC Voltaj :220 V Aksesuar :2 m Ray,Daire Kesim Aparat\u0131 Teknik \u00d6zellikler \u015eerit Kesme, D\u00fcz [&hellip;]<\/p>\n","protected":false},"featured_media":11280,"comment_status":"open","ping_status":"closed","template":"","meta":[],"product_brand":[],"product_cat":[15,131,138],"product_tag":[],"class_list":{"0":"post-11279","1":"product","2":"type-product","3":"status-publish","4":"has-post-thumbnail","6":"product_cat-genel","7":"product_cat-gaz-armaturleri-basinc-dusuruculer","8":"product_cat-oksijen-kesme-makinalari","10":"first","11":"instock","12":"shipping-taxable","13":"product-type-simple"},"_links":{"self":[{"href":"http:\/\/basakcilastik.com.tr\/index.php?rest_route=\/wp\/v2\/product\/11279","targetHints":{"allow":["GET"]}}],"collection":[{"href":"http:\/\/basakcilastik.com.tr\/index.php?rest_route=\/wp\/v2\/product"}],"about":[{"href":"http:\/\/basakcilastik.com.tr\/index.php?rest_route=\/wp\/v2\/types\/product"}],"replies":[{"embeddable":true,"href":"http:\/\/basakcilastik.com.tr\/index.php?rest_route=%2Fwp%2Fv2%2Fcomments&post=11279"}],"wp:featuredmedia":[{"embeddable":true,"href":"http:\/\/basakcilastik.com.tr\/index.php?rest_route=\/wp\/v2\/media\/11280"}],"wp:attachment":[{"href":"http:\/\/basakcilastik.com.tr\/index.php?rest_route=%2Fwp%2Fv2%2Fmedia&parent=11279"}],"wp:term":[{"taxonomy":"product_brand","embeddable":true,"href":"http:\/\/basakcilastik.com.tr\/index.php?rest_route=%2Fwp%2Fv2%2Fproduct_brand&post=11279"},{"taxonomy":"product_cat","embeddable":true,"href":"http:\/\/basakcilastik.com.tr\/index.php?rest_route=%2Fwp%2Fv2%2Fproduct_cat&post=11279"},{"taxonomy":"product_tag","embeddable":true,"href":"http:\/\/basakcilastik.com.tr\/index.php?rest_route=%2Fwp%2Fv2%2Fproduct_tag&post=11279"}],"curies":[{"name":"wp","href":"https:\/\/api.w.org\/{rel}","templated":true}]}}