{"id":11270,"date":"2020-07-22T15:28:04","date_gmt":"2020-07-22T15:28:04","guid":{"rendered":"https:\/\/basakcilastik.com.tr\/?post_type=product&#038;p=11270"},"modified":"2020-07-22T15:28:04","modified_gmt":"2020-07-22T15:28:04","slug":"miknatisli-rayli-kesme-makinasi-cok-yonlu-sk10m","status":"publish","type":"product","link":"http:\/\/basakcilastik.com.tr\/?product=miknatisli-rayli-kesme-makinasi-cok-yonlu-sk10m","title":{"rendered":"M\u0131knat\u0131sl\u0131 Rayl\u0131 Kesme Makinas\u0131 \u00c7ok Y\u00f6nl\u00fc SK10M"},"content":{"rendered":"<p>M\u0131knat\u0131sl\u0131 Rayl\u0131 Kesme Makinas\u0131 \u00c7ok Y\u00f6nl\u00fc<\/p>\n<table width=\"310\">\n<tbody>\n<tr>\n<td width=\"50%\"><strong>A\u011f\u0131rl\u0131\u011f\u0131<\/strong><\/td>\n<td>:15,5 kg<\/td>\n<\/tr>\n<tr>\n<td width=\"50%\"><strong>EnxBoyxY\u00fckseklik<\/strong><\/td>\n<td>:230x200x230<\/td>\n<\/tr>\n<tr>\n<td width=\"50%\"><strong>Kullan\u0131lacak Gazlar<\/strong><\/td>\n<td>:Oksijen-Asetilen veya Oksijen-Propan<\/td>\n<\/tr>\n<tr>\n<td width=\"50%\"><strong>Kesme Kal\u0131nl\u0131\u011f\u0131<\/strong><\/td>\n<td>:5-30 mm<\/td>\n<\/tr>\n<tr>\n<td width=\"50%\"><strong>Kesme H\u0131z\u0131<\/strong><\/td>\n<td>:100-750 mm\/dk<\/td>\n<\/tr>\n<tr>\n<td width=\"50%\"><strong>Ray E\u011frisi<\/strong><\/td>\n<td>:R 700 mm<\/td>\n<\/tr>\n<tr>\n<td width=\"50%\"><strong>Kesme \u015eekli<\/strong><\/td>\n<td>:2 D<\/td>\n<\/tr>\n<tr>\n<td width=\"50%\"><strong>Kesme Hamla\u00e7 A\u00e7\u0131s\u0131<\/strong><\/td>\n<td>:+\/- 45 derece<\/td>\n<\/tr>\n<tr>\n<td width=\"50%\"><strong>Voltaj<\/strong><\/td>\n<td>:220 volt<\/td>\n<\/tr>\n<tr>\n<td width=\"50%\"><strong>Ray<\/strong><\/td>\n<td>:13 ad.AUL\u0130CO manyetik bloklu 2D Ray &#8211; 1800 mm<\/td>\n<\/tr>\n<tr>\n<td width=\"50%\"><strong>Aksesuar<\/strong><\/td>\n<td>:3 ad. Kesme L\u00fclesi<\/td>\n<\/tr>\n<\/tbody>\n<\/table>\n<p>Teknik \u00d6zellikler<\/p>\n<ul>\n<li>\u00c7ok y\u00f6nl\u00fc Rayl\u0131 Kesme Makinas\u0131 yap\u0131s\u0131 itibari ile kompak, portatiftir ve \u00e7al\u0131\u015ft\u0131r\u0131lmas\u0131 kolayd\u0131r.<\/li>\n<li>E\u011fimli y\u00fczeler yada d\u00fcz y\u00fczeylere adapte edilebilir 2D esnek manyetik \u00e7elik raya sahiptir.<\/li>\n<li>\u00c7apraz kesim, dikey kesim, a\u015fa\u011f\u0131 yukar\u0131 kesim ve e\u011fimli y\u00fczey kesimi yap\u0131labilir.<\/li>\n<li>\u00d6zellikle gemi ve tank yap\u0131m &#8211; onar\u0131mda kullan\u0131labilir.<\/li>\n<li>13 adet AUL\u0130CO manyetik bloklu 2D raya sahiptir.<\/li>\n<\/ul>\n","protected":false},"excerpt":{"rendered":"<p>M\u0131knat\u0131sl\u0131 Rayl\u0131 Kesme Makinas\u0131 \u00c7ok Y\u00f6nl\u00fc A\u011f\u0131rl\u0131\u011f\u0131 :15,5 kg EnxBoyxY\u00fckseklik :230x200x230 Kullan\u0131lacak Gazlar :Oksijen-Asetilen veya Oksijen-Propan Kesme Kal\u0131nl\u0131\u011f\u0131 :5-30 mm Kesme H\u0131z\u0131 :100-750 mm\/dk Ray E\u011frisi :R 700 mm Kesme \u015eekli :2 D Kesme Hamla\u00e7 A\u00e7\u0131s\u0131 :+\/- 45 derece Voltaj :220 volt Ray :13 ad.AUL\u0130CO manyetik bloklu 2D Ray &#8211; 1800 mm Aksesuar :3 ad. Kesme L\u00fclesi Teknik \u00d6zellikler \u00c7ok [&hellip;]<\/p>\n","protected":false},"featured_media":11272,"comment_status":"open","ping_status":"closed","template":"","meta":[],"product_brand":[],"product_cat":[15,131,138],"product_tag":[],"class_list":{"0":"post-11270","1":"product","2":"type-product","3":"status-publish","4":"has-post-thumbnail","6":"product_cat-genel","7":"product_cat-gaz-armaturleri-basinc-dusuruculer","8":"product_cat-oksijen-kesme-makinalari","10":"first","11":"instock","12":"shipping-taxable","13":"product-type-simple"},"_links":{"self":[{"href":"http:\/\/basakcilastik.com.tr\/index.php?rest_route=\/wp\/v2\/product\/11270","targetHints":{"allow":["GET"]}}],"collection":[{"href":"http:\/\/basakcilastik.com.tr\/index.php?rest_route=\/wp\/v2\/product"}],"about":[{"href":"http:\/\/basakcilastik.com.tr\/index.php?rest_route=\/wp\/v2\/types\/product"}],"replies":[{"embeddable":true,"href":"http:\/\/basakcilastik.com.tr\/index.php?rest_route=%2Fwp%2Fv2%2Fcomments&post=11270"}],"wp:featuredmedia":[{"embeddable":true,"href":"http:\/\/basakcilastik.com.tr\/index.php?rest_route=\/wp\/v2\/media\/11272"}],"wp:attachment":[{"href":"http:\/\/basakcilastik.com.tr\/index.php?rest_route=%2Fwp%2Fv2%2Fmedia&parent=11270"}],"wp:term":[{"taxonomy":"product_brand","embeddable":true,"href":"http:\/\/basakcilastik.com.tr\/index.php?rest_route=%2Fwp%2Fv2%2Fproduct_brand&post=11270"},{"taxonomy":"product_cat","embeddable":true,"href":"http:\/\/basakcilastik.com.tr\/index.php?rest_route=%2Fwp%2Fv2%2Fproduct_cat&post=11270"},{"taxonomy":"product_tag","embeddable":true,"href":"http:\/\/basakcilastik.com.tr\/index.php?rest_route=%2Fwp%2Fv2%2Fproduct_tag&post=11270"}],"curies":[{"name":"wp","href":"https:\/\/api.w.org\/{rel}","templated":true}]}}