{"id":11255,"date":"2020-07-22T15:23:43","date_gmt":"2020-07-22T15:23:43","guid":{"rendered":"https:\/\/basakcilastik.com.tr\/?post_type=product&#038;p=11255"},"modified":"2020-07-22T15:23:44","modified_gmt":"2020-07-22T15:23:44","slug":"ilave-zincir-zc100","status":"publish","type":"product","link":"http:\/\/basakcilastik.com.tr\/?product=ilave-zincir-zc100","title":{"rendered":"\u0130lave Zincir ZC100"},"content":{"rendered":"<p>Teknik \u00d6zellikler<\/p>\n<p>ZK50S ve ZK50M i\u00e7in ilave zincir, 1 mt ve katlar\u0131 olarak kullan\u0131l\u0131r.<\/p>\n<p>\u0130lave Zincir Hesaplamas\u0131<br \/>\nRx1\/10+13 : Bakla Adedi (1 metrede 34 ad. bakla bulunmaktad\u0131r)<br \/>\nBoru \u00c7er\u00e7eve Heseplamas\u0131 : 2 x 3,14 x r+1<\/p>\n","protected":false},"excerpt":{"rendered":"<p>Teknik \u00d6zellikler ZK50S ve ZK50M i\u00e7in ilave zincir, 1 mt ve katlar\u0131 olarak kullan\u0131l\u0131r. \u0130lave Zincir Hesaplamas\u0131 Rx1\/10+13 : Bakla Adedi (1 metrede 34 ad. bakla bulunmaktad\u0131r) Boru \u00c7er\u00e7eve Heseplamas\u0131 : 2 x 3,14 x r+1<\/p>\n","protected":false},"featured_media":11257,"comment_status":"open","ping_status":"closed","template":"","meta":[],"product_brand":[],"product_cat":[15,131,138],"product_tag":[],"class_list":{"0":"post-11255","1":"product","2":"type-product","3":"status-publish","4":"has-post-thumbnail","6":"product_cat-genel","7":"product_cat-gaz-armaturleri-basinc-dusuruculer","8":"product_cat-oksijen-kesme-makinalari","10":"first","11":"instock","12":"shipping-taxable","13":"product-type-simple"},"_links":{"self":[{"href":"http:\/\/basakcilastik.com.tr\/index.php?rest_route=\/wp\/v2\/product\/11255","targetHints":{"allow":["GET"]}}],"collection":[{"href":"http:\/\/basakcilastik.com.tr\/index.php?rest_route=\/wp\/v2\/product"}],"about":[{"href":"http:\/\/basakcilastik.com.tr\/index.php?rest_route=\/wp\/v2\/types\/product"}],"replies":[{"embeddable":true,"href":"http:\/\/basakcilastik.com.tr\/index.php?rest_route=%2Fwp%2Fv2%2Fcomments&post=11255"}],"wp:featuredmedia":[{"embeddable":true,"href":"http:\/\/basakcilastik.com.tr\/index.php?rest_route=\/wp\/v2\/media\/11257"}],"wp:attachment":[{"href":"http:\/\/basakcilastik.com.tr\/index.php?rest_route=%2Fwp%2Fv2%2Fmedia&parent=11255"}],"wp:term":[{"taxonomy":"product_brand","embeddable":true,"href":"http:\/\/basakcilastik.com.tr\/index.php?rest_route=%2Fwp%2Fv2%2Fproduct_brand&post=11255"},{"taxonomy":"product_cat","embeddable":true,"href":"http:\/\/basakcilastik.com.tr\/index.php?rest_route=%2Fwp%2Fv2%2Fproduct_cat&post=11255"},{"taxonomy":"product_tag","embeddable":true,"href":"http:\/\/basakcilastik.com.tr\/index.php?rest_route=%2Fwp%2Fv2%2Fproduct_tag&post=11255"}],"curies":[{"name":"wp","href":"https:\/\/api.w.org\/{rel}","templated":true}]}}