{"id":11246,"date":"2020-07-22T15:21:20","date_gmt":"2020-07-22T15:21:20","guid":{"rendered":"https:\/\/basakcilastik.com.tr\/?post_type=product&#038;p=11246"},"modified":"2020-07-22T15:21:20","modified_gmt":"2020-07-22T15:21:20","slug":"hat-sigortasi-hs-05","status":"publish","type":"product","link":"http:\/\/basakcilastik.com.tr\/?product=hat-sigortasi-hs-05","title":{"rendered":"Hat Sigortas\u0131 HS-05"},"content":{"rendered":"<p><strong>Kod No:<\/strong>\u00a0HS-05<\/p>\n<p>HAT S\u0130GORTASI<\/p>\n<table width=\"310\">\n<tbody>\n<tr>\n<td width=\"50%\"><strong>Gaz Cinsi<\/strong><\/td>\n<td>:O2,D,N2,CO2<\/td>\n<\/tr>\n<tr>\n<td width=\"50%\"><strong>Max. Bas\u0131n\u00e7<\/strong><\/td>\n<td>:45 bar<\/td>\n<\/tr>\n<tr>\n<td width=\"50%\"><strong>Giri\u015f Ba\u011flant\u0131s\u0131<\/strong><\/td>\n<td>:1\/4 NPT<\/td>\n<\/tr>\n<tr>\n<td width=\"50%\"><strong>\u00c7\u0131k\u0131\u015f Ba\u011flant\u0131s\u0131<\/strong><\/td>\n<td>:G 1\/2&#8242;<\/td>\n<\/tr>\n<\/tbody>\n<\/table>\n","protected":false},"excerpt":{"rendered":"<p>Kod No:\u00a0HS-05 HAT S\u0130GORTASI Gaz Cinsi :O2,D,N2,CO2 Max. Bas\u0131n\u00e7 :45 bar Giri\u015f Ba\u011flant\u0131s\u0131 :1\/4 NPT \u00c7\u0131k\u0131\u015f Ba\u011flant\u0131s\u0131 :G 1\/2&#8242;<\/p>\n","protected":false},"featured_media":11247,"comment_status":"open","ping_status":"closed","template":"","meta":[],"product_brand":[],"product_cat":[15,131,137],"product_tag":[],"class_list":{"0":"post-11246","1":"product","2":"type-product","3":"status-publish","4":"has-post-thumbnail","6":"product_cat-genel","7":"product_cat-gaz-armaturleri-basinc-dusuruculer","8":"product_cat-merkezi-sistemler","10":"first","11":"instock","12":"shipping-taxable","13":"product-type-simple"},"_links":{"self":[{"href":"http:\/\/basakcilastik.com.tr\/index.php?rest_route=\/wp\/v2\/product\/11246","targetHints":{"allow":["GET"]}}],"collection":[{"href":"http:\/\/basakcilastik.com.tr\/index.php?rest_route=\/wp\/v2\/product"}],"about":[{"href":"http:\/\/basakcilastik.com.tr\/index.php?rest_route=\/wp\/v2\/types\/product"}],"replies":[{"embeddable":true,"href":"http:\/\/basakcilastik.com.tr\/index.php?rest_route=%2Fwp%2Fv2%2Fcomments&post=11246"}],"wp:featuredmedia":[{"embeddable":true,"href":"http:\/\/basakcilastik.com.tr\/index.php?rest_route=\/wp\/v2\/media\/11247"}],"wp:attachment":[{"href":"http:\/\/basakcilastik.com.tr\/index.php?rest_route=%2Fwp%2Fv2%2Fmedia&parent=11246"}],"wp:term":[{"taxonomy":"product_brand","embeddable":true,"href":"http:\/\/basakcilastik.com.tr\/index.php?rest_route=%2Fwp%2Fv2%2Fproduct_brand&post=11246"},{"taxonomy":"product_cat","embeddable":true,"href":"http:\/\/basakcilastik.com.tr\/index.php?rest_route=%2Fwp%2Fv2%2Fproduct_cat&post=11246"},{"taxonomy":"product_tag","embeddable":true,"href":"http:\/\/basakcilastik.com.tr\/index.php?rest_route=%2Fwp%2Fv2%2Fproduct_tag&post=11246"}],"curies":[{"name":"wp","href":"https:\/\/api.w.org\/{rel}","templated":true}]}}