{"id":11232,"date":"2020-07-22T15:16:08","date_gmt":"2020-07-22T15:16:08","guid":{"rendered":"https:\/\/basakcilastik.com.tr\/?post_type=product&#038;p=11232"},"modified":"2020-07-22T15:16:08","modified_gmt":"2020-07-22T15:16:08","slug":"hat-sigortasi-hat-30","status":"publish","type":"product","link":"http:\/\/basakcilastik.com.tr\/?product=hat-sigortasi-hat-30","title":{"rendered":"Hat Sigortas\u0131 HAT-30"},"content":{"rendered":"<p><strong>Kod No:<\/strong>\u00a0HAT-30<\/p>\n<p>Hat Sigortas\u0131<\/p>\n<table width=\"310\">\n<tbody>\n<tr>\n<td width=\"50%\"><strong>Gaz Cinsi<\/strong><\/td>\n<td>:O2, D, N2, CO2, H<\/td>\n<\/tr>\n<tr>\n<td width=\"50%\"><strong>Sigorta A\u00e7ma De\u011feri<\/strong><\/td>\n<td>:35 bar<\/td>\n<\/tr>\n<tr>\n<td width=\"50%\"><strong>Giri\u015f Baglant\u0131s\u0131<\/strong><\/td>\n<td>:G 1\/2&#8243;<\/td>\n<\/tr>\n<tr>\n<td width=\"50%\"><strong>\u00c7\u0131k\u0131\u015f Baglant\u0131s\u0131<\/strong><\/td>\n<td>:G 3\/8&#8243;<\/td>\n<\/tr>\n<\/tbody>\n<\/table>\n","protected":false},"excerpt":{"rendered":"<p>Kod No:\u00a0HAT-30 Hat Sigortas\u0131 Gaz Cinsi :O2, D, N2, CO2, H Sigorta A\u00e7ma De\u011feri :35 bar Giri\u015f Baglant\u0131s\u0131 :G 1\/2&#8243; \u00c7\u0131k\u0131\u015f Baglant\u0131s\u0131 :G 3\/8&#8243;<\/p>\n","protected":false},"featured_media":11233,"comment_status":"open","ping_status":"closed","template":"","meta":[],"product_brand":[],"product_cat":[15,131,137],"product_tag":[],"class_list":{"0":"post-11232","1":"product","2":"type-product","3":"status-publish","4":"has-post-thumbnail","6":"product_cat-genel","7":"product_cat-gaz-armaturleri-basinc-dusuruculer","8":"product_cat-merkezi-sistemler","10":"first","11":"instock","12":"shipping-taxable","13":"product-type-simple"},"_links":{"self":[{"href":"http:\/\/basakcilastik.com.tr\/index.php?rest_route=\/wp\/v2\/product\/11232","targetHints":{"allow":["GET"]}}],"collection":[{"href":"http:\/\/basakcilastik.com.tr\/index.php?rest_route=\/wp\/v2\/product"}],"about":[{"href":"http:\/\/basakcilastik.com.tr\/index.php?rest_route=\/wp\/v2\/types\/product"}],"replies":[{"embeddable":true,"href":"http:\/\/basakcilastik.com.tr\/index.php?rest_route=%2Fwp%2Fv2%2Fcomments&post=11232"}],"wp:featuredmedia":[{"embeddable":true,"href":"http:\/\/basakcilastik.com.tr\/index.php?rest_route=\/wp\/v2\/media\/11233"}],"wp:attachment":[{"href":"http:\/\/basakcilastik.com.tr\/index.php?rest_route=%2Fwp%2Fv2%2Fmedia&parent=11232"}],"wp:term":[{"taxonomy":"product_brand","embeddable":true,"href":"http:\/\/basakcilastik.com.tr\/index.php?rest_route=%2Fwp%2Fv2%2Fproduct_brand&post=11232"},{"taxonomy":"product_cat","embeddable":true,"href":"http:\/\/basakcilastik.com.tr\/index.php?rest_route=%2Fwp%2Fv2%2Fproduct_cat&post=11232"},{"taxonomy":"product_tag","embeddable":true,"href":"http:\/\/basakcilastik.com.tr\/index.php?rest_route=%2Fwp%2Fv2%2Fproduct_tag&post=11232"}],"curies":[{"name":"wp","href":"https:\/\/api.w.org\/{rel}","templated":true}]}}