{"id":11187,"date":"2020-07-22T14:53:26","date_gmt":"2020-07-22T14:53:26","guid":{"rendered":"https:\/\/basakcilastik.com.tr\/?post_type=product&#038;p=11187"},"modified":"2020-07-22T14:53:26","modified_gmt":"2020-07-22T14:53:26","slug":"tig-torc-17-4m-m12x1xbag-50-tt1704250","status":"publish","type":"product","link":"http:\/\/basakcilastik.com.tr\/?product=tig-torc-17-4m-m12x1xbag-50-tt1704250","title":{"rendered":"Tig Tor\u00e7 17  4M (M12x1xBa\u011f 50) TT1704250"},"content":{"rendered":"<p>Tig Tor\u00e7 17 4M (M12x1xBa\u011f 50) TT1704250<\/p>\n","protected":false},"excerpt":{"rendered":"<p>Tig Tor\u00e7 17 4M (M12x1xBa\u011f 50) TT1704250<\/p>\n","protected":false},"featured_media":11188,"comment_status":"open","ping_status":"closed","template":"","meta":[],"product_brand":[],"product_cat":[15,131,136],"product_tag":[],"class_list":{"0":"post-11187","1":"product","2":"type-product","3":"status-publish","4":"has-post-thumbnail","6":"product_cat-genel","7":"product_cat-gaz-armaturleri-basinc-dusuruculer","8":"product_cat-kaynak-torclari","10":"first","11":"instock","12":"shipping-taxable","13":"product-type-simple"},"_links":{"self":[{"href":"http:\/\/basakcilastik.com.tr\/index.php?rest_route=\/wp\/v2\/product\/11187","targetHints":{"allow":["GET"]}}],"collection":[{"href":"http:\/\/basakcilastik.com.tr\/index.php?rest_route=\/wp\/v2\/product"}],"about":[{"href":"http:\/\/basakcilastik.com.tr\/index.php?rest_route=\/wp\/v2\/types\/product"}],"replies":[{"embeddable":true,"href":"http:\/\/basakcilastik.com.tr\/index.php?rest_route=%2Fwp%2Fv2%2Fcomments&post=11187"}],"wp:featuredmedia":[{"embeddable":true,"href":"http:\/\/basakcilastik.com.tr\/index.php?rest_route=\/wp\/v2\/media\/11188"}],"wp:attachment":[{"href":"http:\/\/basakcilastik.com.tr\/index.php?rest_route=%2Fwp%2Fv2%2Fmedia&parent=11187"}],"wp:term":[{"taxonomy":"product_brand","embeddable":true,"href":"http:\/\/basakcilastik.com.tr\/index.php?rest_route=%2Fwp%2Fv2%2Fproduct_brand&post=11187"},{"taxonomy":"product_cat","embeddable":true,"href":"http:\/\/basakcilastik.com.tr\/index.php?rest_route=%2Fwp%2Fv2%2Fproduct_cat&post=11187"},{"taxonomy":"product_tag","embeddable":true,"href":"http:\/\/basakcilastik.com.tr\/index.php?rest_route=%2Fwp%2Fv2%2Fproduct_tag&post=11187"}],"curies":[{"name":"wp","href":"https:\/\/api.w.org\/{rel}","templated":true}]}}