{"id":11185,"date":"2020-07-22T14:53:00","date_gmt":"2020-07-22T14:53:00","guid":{"rendered":"https:\/\/basakcilastik.com.tr\/?post_type=product&#038;p=11185"},"modified":"2020-07-22T14:53:00","modified_gmt":"2020-07-22T14:53:00","slug":"fleks-hortum-paslanmaz-asetilen-1000-mm-yb111-p-1000","status":"publish","type":"product","link":"http:\/\/basakcilastik.com.tr\/?product=fleks-hortum-paslanmaz-asetilen-1000-mm-yb111-p-1000","title":{"rendered":"Fleks Hortum &#8211; Paslanmaz &#8211; Asetilen 1000 mm YB111-P-1000"},"content":{"rendered":"<p><strong>Kod No:<\/strong>\u00a0YB111-P-1000<\/p>\n<p>FLEKS HORTUM &#8211; PASLANMAZ &#8211; ASET\u0130LEN 1000 mm<\/p>\n<table width=\"310\">\n<tbody>\n<tr>\n<td width=\"50%\"><strong>Gaz Cinsi<\/strong><\/td>\n<td>:Asetilen<\/td>\n<\/tr>\n<tr>\n<td width=\"50%\"><strong>Kullan\u0131m Bas\u0131nc\u0131<\/strong><\/td>\n<td>:230 bar<\/td>\n<\/tr>\n<tr>\n<td width=\"50%\"><strong>Uzunluk<\/strong><\/td>\n<td>:1000 mm<\/td>\n<\/tr>\n<tr>\n<td width=\"50%\"><strong>Giri\u015f Ba\u011flant\u0131s\u0131<\/strong><\/td>\n<td>:W 23&#215;1\/18\u2019\u2019<\/td>\n<\/tr>\n<tr>\n<td width=\"50%\"><strong>\u00c7\u0131k\u0131\u015f Ba\u011flant\u0131s\u0131<\/strong><\/td>\n<td>:W 21,80&#215;1\/14\u2019\u2019<\/td>\n<\/tr>\n<\/tbody>\n<\/table>\n<p>&nbsp;<\/p>\n<p>\u00d6zellikler<\/p>\n<p>A\u00e7\u0131klama<\/p>\n<p>Y\u00fcksek bas\u0131nca dayan\u0131kl\u0131 yap\u0131s\u0131 sayesinde gaz manifoltu ile t\u00fcp veya t\u00fcp demeti aras\u0131nda ba\u011flant\u0131 g\u00f6revi g\u00f6rmektedir<\/p>\n","protected":false},"excerpt":{"rendered":"<p>Kod No:\u00a0YB111-P-1000 FLEKS HORTUM &#8211; PASLANMAZ &#8211; ASET\u0130LEN 1000 mm Gaz Cinsi :Asetilen Kullan\u0131m Bas\u0131nc\u0131 :230 bar Uzunluk :1000 mm Giri\u015f Ba\u011flant\u0131s\u0131 :W 23&#215;1\/18\u2019\u2019 \u00c7\u0131k\u0131\u015f Ba\u011flant\u0131s\u0131 :W 21,80&#215;1\/14\u2019\u2019 &nbsp; \u00d6zellikler A\u00e7\u0131klama Y\u00fcksek bas\u0131nca dayan\u0131kl\u0131 yap\u0131s\u0131 sayesinde gaz manifoltu ile t\u00fcp veya t\u00fcp demeti aras\u0131nda ba\u011flant\u0131 g\u00f6revi g\u00f6rmektedir<\/p>\n","protected":false},"featured_media":11186,"comment_status":"open","ping_status":"closed","template":"","meta":[],"product_brand":[],"product_cat":[15,132,131],"product_tag":[],"class_list":{"0":"post-11185","1":"product","2":"type-product","3":"status-publish","4":"has-post-thumbnail","6":"product_cat-genel","7":"product_cat-gaz-armaturleri","8":"product_cat-gaz-armaturleri-basinc-dusuruculer","10":"first","11":"instock","12":"shipping-taxable","13":"product-type-simple"},"_links":{"self":[{"href":"http:\/\/basakcilastik.com.tr\/index.php?rest_route=\/wp\/v2\/product\/11185","targetHints":{"allow":["GET"]}}],"collection":[{"href":"http:\/\/basakcilastik.com.tr\/index.php?rest_route=\/wp\/v2\/product"}],"about":[{"href":"http:\/\/basakcilastik.com.tr\/index.php?rest_route=\/wp\/v2\/types\/product"}],"replies":[{"embeddable":true,"href":"http:\/\/basakcilastik.com.tr\/index.php?rest_route=%2Fwp%2Fv2%2Fcomments&post=11185"}],"wp:featuredmedia":[{"embeddable":true,"href":"http:\/\/basakcilastik.com.tr\/index.php?rest_route=\/wp\/v2\/media\/11186"}],"wp:attachment":[{"href":"http:\/\/basakcilastik.com.tr\/index.php?rest_route=%2Fwp%2Fv2%2Fmedia&parent=11185"}],"wp:term":[{"taxonomy":"product_brand","embeddable":true,"href":"http:\/\/basakcilastik.com.tr\/index.php?rest_route=%2Fwp%2Fv2%2Fproduct_brand&post=11185"},{"taxonomy":"product_cat","embeddable":true,"href":"http:\/\/basakcilastik.com.tr\/index.php?rest_route=%2Fwp%2Fv2%2Fproduct_cat&post=11185"},{"taxonomy":"product_tag","embeddable":true,"href":"http:\/\/basakcilastik.com.tr\/index.php?rest_route=%2Fwp%2Fv2%2Fproduct_tag&post=11185"}],"curies":[{"name":"wp","href":"https:\/\/api.w.org\/{rel}","templated":true}]}}