{"id":11181,"date":"2020-07-22T14:51:55","date_gmt":"2020-07-22T14:51:55","guid":{"rendered":"https:\/\/basakcilastik.com.tr\/?post_type=product&#038;p=11181"},"modified":"2020-07-22T14:51:56","modified_gmt":"2020-07-22T14:51:56","slug":"tig-torc-17-4m-m12x1xbag-25-tt1704225","status":"publish","type":"product","link":"http:\/\/basakcilastik.com.tr\/?product=tig-torc-17-4m-m12x1xbag-25-tt1704225","title":{"rendered":"Tig Tor\u00e7 17  4M (M12x1xBa\u011f 25) TT1704225"},"content":{"rendered":"<p>Tig Tor\u00e7 17 4M (M12x1xBa\u011f 25) TT1704225<\/p>\n","protected":false},"excerpt":{"rendered":"<p>Tig Tor\u00e7 17 4M (M12x1xBa\u011f 25) TT1704225<\/p>\n","protected":false},"featured_media":11183,"comment_status":"open","ping_status":"closed","template":"","meta":[],"product_brand":[],"product_cat":[15,131,136],"product_tag":[],"class_list":{"0":"post-11181","1":"product","2":"type-product","3":"status-publish","4":"has-post-thumbnail","6":"product_cat-genel","7":"product_cat-gaz-armaturleri-basinc-dusuruculer","8":"product_cat-kaynak-torclari","10":"first","11":"instock","12":"shipping-taxable","13":"product-type-simple"},"_links":{"self":[{"href":"http:\/\/basakcilastik.com.tr\/index.php?rest_route=\/wp\/v2\/product\/11181","targetHints":{"allow":["GET"]}}],"collection":[{"href":"http:\/\/basakcilastik.com.tr\/index.php?rest_route=\/wp\/v2\/product"}],"about":[{"href":"http:\/\/basakcilastik.com.tr\/index.php?rest_route=\/wp\/v2\/types\/product"}],"replies":[{"embeddable":true,"href":"http:\/\/basakcilastik.com.tr\/index.php?rest_route=%2Fwp%2Fv2%2Fcomments&post=11181"}],"wp:featuredmedia":[{"embeddable":true,"href":"http:\/\/basakcilastik.com.tr\/index.php?rest_route=\/wp\/v2\/media\/11183"}],"wp:attachment":[{"href":"http:\/\/basakcilastik.com.tr\/index.php?rest_route=%2Fwp%2Fv2%2Fmedia&parent=11181"}],"wp:term":[{"taxonomy":"product_brand","embeddable":true,"href":"http:\/\/basakcilastik.com.tr\/index.php?rest_route=%2Fwp%2Fv2%2Fproduct_brand&post=11181"},{"taxonomy":"product_cat","embeddable":true,"href":"http:\/\/basakcilastik.com.tr\/index.php?rest_route=%2Fwp%2Fv2%2Fproduct_cat&post=11181"},{"taxonomy":"product_tag","embeddable":true,"href":"http:\/\/basakcilastik.com.tr\/index.php?rest_route=%2Fwp%2Fv2%2Fproduct_tag&post=11181"}],"curies":[{"name":"wp","href":"https:\/\/api.w.org\/{rel}","templated":true}]}}