{"id":11168,"date":"2020-07-22T14:49:05","date_gmt":"2020-07-22T14:49:05","guid":{"rendered":"https:\/\/basakcilastik.com.tr\/?post_type=product&#038;p=11168"},"modified":"2020-07-22T14:49:06","modified_gmt":"2020-07-22T14:49:06","slug":"cek-valf-asetilen-cv-10a","status":"publish","type":"product","link":"http:\/\/basakcilastik.com.tr\/?product=cek-valf-asetilen-cv-10a","title":{"rendered":"\u00c7ek Valf Asetilen CV-10A"},"content":{"rendered":"<p><strong>Kod No:<\/strong>\u00a0CV-10A<\/p>\n<p>\u00c7ek Valf Asetilen<\/p>\n<table width=\"310\">\n<tbody>\n<tr>\n<td width=\"50%\"><strong>Gaz Cinsi<\/strong><\/td>\n<td>:Asetilen<\/td>\n<\/tr>\n<tr>\n<td width=\"50%\"><strong>Max Bas\u0131n\u00e7<\/strong><\/td>\n<td>:25 bar<\/td>\n<\/tr>\n<tr>\n<td width=\"50%\"><strong>Giri\u015f Ba\u011flant\u0131s\u0131<\/strong><\/td>\n<td>:W 21,8&#215;1\/14&#8221; LH<\/td>\n<\/tr>\n<tr>\n<td width=\"50%\"><strong>\u00c7\u0131k\u0131\u015f Ba\u011flant\u0131s\u0131<\/strong><\/td>\n<td>:W 21,8&#215;1\/14&#8221; LH<\/td>\n<\/tr>\n<\/tbody>\n<\/table>\n","protected":false},"excerpt":{"rendered":"<p>Kod No:\u00a0CV-10A \u00c7ek Valf Asetilen Gaz Cinsi :Asetilen Max Bas\u0131n\u00e7 :25 bar Giri\u015f Ba\u011flant\u0131s\u0131 :W 21,8&#215;1\/14&#8221; LH \u00c7\u0131k\u0131\u015f Ba\u011flant\u0131s\u0131 :W 21,8&#215;1\/14&#8221; LH<\/p>\n","protected":false},"featured_media":11171,"comment_status":"open","ping_status":"closed","template":"","meta":[],"product_brand":[],"product_cat":[131,137],"product_tag":[],"class_list":{"0":"post-11168","1":"product","2":"type-product","3":"status-publish","4":"has-post-thumbnail","6":"product_cat-gaz-armaturleri-basinc-dusuruculer","7":"product_cat-merkezi-sistemler","9":"first","10":"instock","11":"shipping-taxable","12":"product-type-simple"},"_links":{"self":[{"href":"http:\/\/basakcilastik.com.tr\/index.php?rest_route=\/wp\/v2\/product\/11168","targetHints":{"allow":["GET"]}}],"collection":[{"href":"http:\/\/basakcilastik.com.tr\/index.php?rest_route=\/wp\/v2\/product"}],"about":[{"href":"http:\/\/basakcilastik.com.tr\/index.php?rest_route=\/wp\/v2\/types\/product"}],"replies":[{"embeddable":true,"href":"http:\/\/basakcilastik.com.tr\/index.php?rest_route=%2Fwp%2Fv2%2Fcomments&post=11168"}],"wp:featuredmedia":[{"embeddable":true,"href":"http:\/\/basakcilastik.com.tr\/index.php?rest_route=\/wp\/v2\/media\/11171"}],"wp:attachment":[{"href":"http:\/\/basakcilastik.com.tr\/index.php?rest_route=%2Fwp%2Fv2%2Fmedia&parent=11168"}],"wp:term":[{"taxonomy":"product_brand","embeddable":true,"href":"http:\/\/basakcilastik.com.tr\/index.php?rest_route=%2Fwp%2Fv2%2Fproduct_brand&post=11168"},{"taxonomy":"product_cat","embeddable":true,"href":"http:\/\/basakcilastik.com.tr\/index.php?rest_route=%2Fwp%2Fv2%2Fproduct_cat&post=11168"},{"taxonomy":"product_tag","embeddable":true,"href":"http:\/\/basakcilastik.com.tr\/index.php?rest_route=%2Fwp%2Fv2%2Fproduct_tag&post=11168"}],"curies":[{"name":"wp","href":"https:\/\/api.w.org\/{rel}","templated":true}]}}