{"id":11092,"date":"2020-07-21T21:59:56","date_gmt":"2020-07-21T21:59:56","guid":{"rendered":"https:\/\/basakcilastik.com.tr\/?post_type=product&#038;p=11092"},"modified":"2020-07-21T21:59:57","modified_gmt":"2020-07-21T21:59:57","slug":"turbo-tav-basligi-18-mme-kadar-boru-tavlama-3518","status":"publish","type":"product","link":"http:\/\/basakcilastik.com.tr\/?product=turbo-tav-basligi-18-mme-kadar-boru-tavlama-3518","title":{"rendered":"TURBO Tav Ba\u015fl\u0131\u011f\u0131 18 mm&#8217;e kadar boru tavlama 3518"},"content":{"rendered":"<p><strong>Kod No:<\/strong>\u00a03518<\/p>\n<p>TURBO Tav Ba\u015fl\u0131\u011f\u0131 18 mm&#8217;e kadar boru tavlama<\/p>\n<table width=\"310\">\n<tbody>\n<tr>\n<td width=\"50%\"><strong>Is\u0131l De\u011feri (1kj=0,2388kcal)<\/strong><\/td>\n<td>:11587kj\/h<\/td>\n<\/tr>\n<tr>\n<td width=\"50%\"><strong>Gaz Sarfiyat\u0131 (p=1,5 bar)<\/strong><\/td>\n<td>:250 g\/h<\/td>\n<\/tr>\n<tr>\n<td width=\"50%\"><strong>Tutamak Ba\u011flant\u0131 \u00d6l\u00e7\u00fcs\u00fc<\/strong><\/td>\n<td>:M 14&#215;1<\/td>\n<\/tr>\n<tr>\n<td width=\"50%\"><strong>Tavlanabilir Boru \u00c7ap\u0131<\/strong><\/td>\n<td>:18 mm<\/td>\n<\/tr>\n<tr>\n<td width=\"50%\"><strong>Ba\u015fl\u0131k \u00d6l\u00e7\u00fcs\u00fc<\/strong><\/td>\n<td>:14 mm<\/td>\n<\/tr>\n<\/tbody>\n<\/table>\n","protected":false},"excerpt":{"rendered":"<p>Kod No:\u00a03518 TURBO Tav Ba\u015fl\u0131\u011f\u0131 18 mm&#8217;e kadar boru tavlama Is\u0131l De\u011feri (1kj=0,2388kcal) :11587kj\/h Gaz Sarfiyat\u0131 (p=1,5 bar) :250 g\/h Tutamak Ba\u011flant\u0131 \u00d6l\u00e7\u00fcs\u00fc :M 14&#215;1 Tavlanabilir Boru \u00c7ap\u0131 :18 mm Ba\u015fl\u0131k \u00d6l\u00e7\u00fcs\u00fc :14 mm<\/p>\n","protected":false},"featured_media":11093,"comment_status":"open","ping_status":"closed","template":"","meta":[],"product_brand":[],"product_cat":[15,132,131],"product_tag":[],"class_list":{"0":"post-11092","1":"product","2":"type-product","3":"status-publish","4":"has-post-thumbnail","6":"product_cat-genel","7":"product_cat-gaz-armaturleri","8":"product_cat-gaz-armaturleri-basinc-dusuruculer","10":"first","11":"instock","12":"shipping-taxable","13":"product-type-simple"},"_links":{"self":[{"href":"http:\/\/basakcilastik.com.tr\/index.php?rest_route=\/wp\/v2\/product\/11092","targetHints":{"allow":["GET"]}}],"collection":[{"href":"http:\/\/basakcilastik.com.tr\/index.php?rest_route=\/wp\/v2\/product"}],"about":[{"href":"http:\/\/basakcilastik.com.tr\/index.php?rest_route=\/wp\/v2\/types\/product"}],"replies":[{"embeddable":true,"href":"http:\/\/basakcilastik.com.tr\/index.php?rest_route=%2Fwp%2Fv2%2Fcomments&post=11092"}],"wp:featuredmedia":[{"embeddable":true,"href":"http:\/\/basakcilastik.com.tr\/index.php?rest_route=\/wp\/v2\/media\/11093"}],"wp:attachment":[{"href":"http:\/\/basakcilastik.com.tr\/index.php?rest_route=%2Fwp%2Fv2%2Fmedia&parent=11092"}],"wp:term":[{"taxonomy":"product_brand","embeddable":true,"href":"http:\/\/basakcilastik.com.tr\/index.php?rest_route=%2Fwp%2Fv2%2Fproduct_brand&post=11092"},{"taxonomy":"product_cat","embeddable":true,"href":"http:\/\/basakcilastik.com.tr\/index.php?rest_route=%2Fwp%2Fv2%2Fproduct_cat&post=11092"},{"taxonomy":"product_tag","embeddable":true,"href":"http:\/\/basakcilastik.com.tr\/index.php?rest_route=%2Fwp%2Fv2%2Fproduct_tag&post=11092"}],"curies":[{"name":"wp","href":"https:\/\/api.w.org\/{rel}","templated":true}]}}