{"id":11070,"date":"2020-07-21T21:49:46","date_gmt":"2020-07-21T21:49:46","guid":{"rendered":"https:\/\/basakcilastik.com.tr\/?post_type=product&#038;p=11070"},"modified":"2020-07-21T21:49:47","modified_gmt":"2020-07-21T21:49:47","slug":"tavlama-kolu-no1-oksijen-propanlpg-3701","status":"publish","type":"product","link":"http:\/\/basakcilastik.com.tr\/?product=tavlama-kolu-no1-oksijen-propanlpg-3701","title":{"rendered":"Tavlama Kolu No1 Oksijen-Propan(Lpg) 3701"},"content":{"rendered":"<p><strong>Kod No:<\/strong>\u00a03701<\/p>\n<p>Tavlama Kolu No:1 Oksijen-Propan(Lpg)<\/p>\n<table width=\"310\">\n<tbody>\n<tr>\n<td width=\"50%\"><strong>Kol Boyu<\/strong><\/td>\n<td>:420 mm<\/td>\n<\/tr>\n<tr>\n<td width=\"50%\"><strong>Is\u0131l De\u011feri (1kj=0,2388kca)<\/strong><\/td>\n<td>:93700-197395 kj\/h<\/td>\n<\/tr>\n<tr>\n<td width=\"50%\"><strong>Propan Gaz Sarfiyat\u0131<\/strong><\/td>\n<td>:550 &#8211; 740 l\/h<\/td>\n<\/tr>\n<tr>\n<td width=\"50%\"><strong>Propan Gaz Bas\u0131nc\u0131<\/strong><\/td>\n<td>:0,5 bar<\/td>\n<\/tr>\n<tr>\n<td width=\"50%\"><strong>Oksijen Gaz Sarfiyat\u0131<\/strong><\/td>\n<td>:300 &#8211; 420 l\/h<\/td>\n<\/tr>\n<tr>\n<td width=\"50%\"><strong>Oksijen Gaz Bas\u0131nc\u0131<\/strong><\/td>\n<td>:1-2 bar<\/td>\n<\/tr>\n<\/tbody>\n<\/table>\n","protected":false},"excerpt":{"rendered":"<p>Kod No:\u00a03701 Tavlama Kolu No:1 Oksijen-Propan(Lpg) Kol Boyu :420 mm Is\u0131l De\u011feri (1kj=0,2388kca) :93700-197395 kj\/h Propan Gaz Sarfiyat\u0131 :550 &#8211; 740 l\/h Propan Gaz Bas\u0131nc\u0131 :0,5 bar Oksijen Gaz Sarfiyat\u0131 :300 &#8211; 420 l\/h Oksijen Gaz Bas\u0131nc\u0131 :1-2 bar<\/p>\n","protected":false},"featured_media":11071,"comment_status":"open","ping_status":"closed","template":"","meta":[],"product_brand":[],"product_cat":[15,132,131],"product_tag":[],"class_list":{"0":"post-11070","1":"product","2":"type-product","3":"status-publish","4":"has-post-thumbnail","6":"product_cat-genel","7":"product_cat-gaz-armaturleri","8":"product_cat-gaz-armaturleri-basinc-dusuruculer","10":"first","11":"instock","12":"shipping-taxable","13":"product-type-simple"},"_links":{"self":[{"href":"http:\/\/basakcilastik.com.tr\/index.php?rest_route=\/wp\/v2\/product\/11070","targetHints":{"allow":["GET"]}}],"collection":[{"href":"http:\/\/basakcilastik.com.tr\/index.php?rest_route=\/wp\/v2\/product"}],"about":[{"href":"http:\/\/basakcilastik.com.tr\/index.php?rest_route=\/wp\/v2\/types\/product"}],"replies":[{"embeddable":true,"href":"http:\/\/basakcilastik.com.tr\/index.php?rest_route=%2Fwp%2Fv2%2Fcomments&post=11070"}],"wp:featuredmedia":[{"embeddable":true,"href":"http:\/\/basakcilastik.com.tr\/index.php?rest_route=\/wp\/v2\/media\/11071"}],"wp:attachment":[{"href":"http:\/\/basakcilastik.com.tr\/index.php?rest_route=%2Fwp%2Fv2%2Fmedia&parent=11070"}],"wp:term":[{"taxonomy":"product_brand","embeddable":true,"href":"http:\/\/basakcilastik.com.tr\/index.php?rest_route=%2Fwp%2Fv2%2Fproduct_brand&post=11070"},{"taxonomy":"product_cat","embeddable":true,"href":"http:\/\/basakcilastik.com.tr\/index.php?rest_route=%2Fwp%2Fv2%2Fproduct_cat&post=11070"},{"taxonomy":"product_tag","embeddable":true,"href":"http:\/\/basakcilastik.com.tr\/index.php?rest_route=%2Fwp%2Fv2%2Fproduct_tag&post=11070"}],"curies":[{"name":"wp","href":"https:\/\/api.w.org\/{rel}","templated":true}]}}