{"id":10865,"date":"2020-07-21T01:49:55","date_gmt":"2020-07-21T01:49:55","guid":{"rendered":"https:\/\/basakcilastik.com.tr\/?post_type=product&#038;p=10865"},"modified":"2020-07-21T01:49:55","modified_gmt":"2020-07-21T01:49:55","slug":"model-603-gaz-tasarruf-regulatoru","status":"publish","type":"product","link":"http:\/\/basakcilastik.com.tr\/?product=model-603-gaz-tasarruf-regulatoru","title":{"rendered":"Model 603 Gaz Tasarruf Reg\u00fclat\u00f6r\u00fc"},"content":{"rendered":"<p>Kullan\u0131m Alan\u0131<\/p>\n<p>Gazalt\u0131 (MIG\/MAG) ve TIG kayna\u011f\u0131nda her kayna\u011f\u0131n ba\u015f\u0131nda olu\u015fan ani bas\u0131n\u00e7 art\u0131\u015f\u0131n\u0131 ortadan kald\u0131rmak ve sabit bir ak\u0131\u015f ve bas\u0131n\u00e7 sa\u011flamak i\u00e7in tasarlanan gaz tasarruf reg\u00fclat\u00f6r\u00fc %60&#8217;dan fazla gaz tasarrufu sa\u011flar.<\/p>\n<p>Genel \u00d6zellikleri<\/p>\n<ul>\n<li>Harris Gaz Tasarruf Reg\u00fclat\u00f6r\u00fc koruyucu gaz tasarrufunu iki \u015fekilde sa\u011flar:\n<ol>\n<li>Gaz hortumundaki bas\u0131nc\u0131 azaltmak i\u00e7in tasarlanm\u0131\u015f olup, MIG ya da TIG\u00a0torcunun her kullan\u0131l\u0131\u015f\u0131nda olu\u015fan gaz ak\u0131m\u0131n\u0131 engelleyerek gaz kayb\u0131n\u0131 azalt\u0131r.<\/li>\n<li>Kontroll\u00fc bir ak\u0131\u015f debisi sa\u011flayarak gaz kayb\u0131n\u0131 engeller.<\/li>\n<\/ol>\n<\/li>\n<li>Kaynak operat\u00f6rleri genellikle koruyucu gaz debisini gere\u011finden y\u00fcksek bir seviyede ayarlar. Gaz tasarruf reg\u00fclat\u00f6r bir kez istenilen seviyede ayarland\u0131ktan sonra gaz ak\u0131\u015f\u0131n\u0131 sabitleyerek gaz kayb\u0131n\u0131 ortadan kald\u0131r\u0131r.<\/li>\n<\/ul>\n<p>Kullan\u0131m<\/p>\n<ul>\n<li>Model 603\u2019\u00fc normal flowmetreli reg\u00fclat\u00f6r\u00fcn\u00fcz ile gazalt\u0131 kaynak makinenize giden gaz hortumu aras\u0131nda kullan\u0131n\u0131z.<\/li>\n<\/ul>\n<table width=\"630\">\n<tbody>\n<tr>\n<td><\/td>\n<\/tr>\n<tr>\n<td width=\"105\"><strong>\u00dcr\u00fcn Stok Numaras\u0131<\/strong><\/td>\n<td><strong>Gaz<br \/>\nCinsi<\/strong><\/td>\n<td><strong>Maksimum Gaz Giri\u015f Bas\u0131nc\u0131 (bar)<\/strong><\/td>\n<td><strong>Gaz \u00c7\u0131k\u0131\u015f Bas\u0131nc\u0131 (bar)<\/strong><\/td>\n<td><strong>\u00a0Giri\u015f\u00a0 Ba\u011flant\u0131s\u0131<\/strong><\/td>\n<td><strong>\u00c7\u0131k\u0131\u015f<br \/>\nBa\u011flant\u0131s\u0131<\/strong><\/td>\n<\/tr>\n<tr>\n<td>82HC6032001<\/td>\n<td>Argon ve CO2<\/td>\n<td>15<\/td>\n<td>0,6 &#8211; 0,9<\/td>\n<td>G 3\/8&#8243; Sa\u011f<\/td>\n<td>G 3\/8&#8243; Sa\u011f<\/td>\n<\/tr>\n<tr>\n<td>82HC6032002<\/td>\n<td>Argon ve CO2<\/td>\n<td>15<\/td>\n<td>0,6 &#8211; 0,9<\/td>\n<td>9\/16&#8243;-18 UNF-2B Sa\u011f<\/td>\n<td>9\/16&#8243;-18 UNF-2B Sa\u011f<\/td>\n<\/tr>\n<tr>\n<td>82HC6032003<\/td>\n<td>Argon ve CO2<\/td>\n<td>15<\/td>\n<td>0,6 &#8211; 0,9<\/td>\n<td>G 1\/4&#8243; Sa\u011f<\/td>\n<td>G 1\/4&#8243; Sa\u011f<\/td>\n<\/tr>\n<\/tbody>\n<\/table>\n","protected":false},"excerpt":{"rendered":"<p>Kullan\u0131m Alan\u0131 Gazalt\u0131 (MIG\/MAG) ve TIG kayna\u011f\u0131nda her kayna\u011f\u0131n ba\u015f\u0131nda olu\u015fan ani bas\u0131n\u00e7 art\u0131\u015f\u0131n\u0131 ortadan kald\u0131rmak ve sabit bir ak\u0131\u015f ve bas\u0131n\u00e7 sa\u011flamak i\u00e7in tasarlanan gaz tasarruf reg\u00fclat\u00f6r\u00fc %60&#8217;dan fazla gaz tasarrufu sa\u011flar. Genel \u00d6zellikleri Harris Gaz Tasarruf Reg\u00fclat\u00f6r\u00fc koruyucu gaz tasarrufunu iki \u015fekilde sa\u011flar: Gaz hortumundaki bas\u0131nc\u0131 azaltmak i\u00e7in tasarlanm\u0131\u015f olup, MIG ya da TIG\u00a0torcunun her kullan\u0131l\u0131\u015f\u0131nda olu\u015fan gaz [&hellip;]<\/p>\n","protected":false},"featured_media":10867,"comment_status":"open","ping_status":"closed","template":"","meta":[],"product_brand":[],"product_cat":[15,132,131],"product_tag":[],"class_list":{"0":"post-10865","1":"product","2":"type-product","3":"status-publish","4":"has-post-thumbnail","6":"product_cat-genel","7":"product_cat-gaz-armaturleri","8":"product_cat-gaz-armaturleri-basinc-dusuruculer","10":"first","11":"instock","12":"shipping-taxable","13":"product-type-simple"},"_links":{"self":[{"href":"http:\/\/basakcilastik.com.tr\/index.php?rest_route=\/wp\/v2\/product\/10865","targetHints":{"allow":["GET"]}}],"collection":[{"href":"http:\/\/basakcilastik.com.tr\/index.php?rest_route=\/wp\/v2\/product"}],"about":[{"href":"http:\/\/basakcilastik.com.tr\/index.php?rest_route=\/wp\/v2\/types\/product"}],"replies":[{"embeddable":true,"href":"http:\/\/basakcilastik.com.tr\/index.php?rest_route=%2Fwp%2Fv2%2Fcomments&post=10865"}],"wp:featuredmedia":[{"embeddable":true,"href":"http:\/\/basakcilastik.com.tr\/index.php?rest_route=\/wp\/v2\/media\/10867"}],"wp:attachment":[{"href":"http:\/\/basakcilastik.com.tr\/index.php?rest_route=%2Fwp%2Fv2%2Fmedia&parent=10865"}],"wp:term":[{"taxonomy":"product_brand","embeddable":true,"href":"http:\/\/basakcilastik.com.tr\/index.php?rest_route=%2Fwp%2Fv2%2Fproduct_brand&post=10865"},{"taxonomy":"product_cat","embeddable":true,"href":"http:\/\/basakcilastik.com.tr\/index.php?rest_route=%2Fwp%2Fv2%2Fproduct_cat&post=10865"},{"taxonomy":"product_tag","embeddable":true,"href":"http:\/\/basakcilastik.com.tr\/index.php?rest_route=%2Fwp%2Fv2%2Fproduct_tag&post=10865"}],"curies":[{"name":"wp","href":"https:\/\/api.w.org\/{rel}","templated":true}]}}