{"id":10856,"date":"2020-07-21T01:47:57","date_gmt":"2020-07-21T01:47:57","guid":{"rendered":"https:\/\/basakcilastik.com.tr\/?post_type=product&#038;p=10856"},"modified":"2020-07-21T01:47:58","modified_gmt":"2020-07-21T01:47:58","slug":"model-94-yuksek-debili-basinc-dusurucu","status":"publish","type":"product","link":"http:\/\/basakcilastik.com.tr\/?product=model-94-yuksek-debili-basinc-dusurucu","title":{"rendered":"Model 94 Y\u00fcksek Debili Bas\u0131n\u00e7 D\u00fc\u015f\u00fcr\u00fcc\u00fc"},"content":{"rendered":"<p>Kullan\u0131m Alan\u0131<\/p>\n<p>End\u00fcstri ve laboratuvarlardaki a\u011f\u0131r tip uygulamalarla kullan\u0131l\u0131r.<\/p>\n<p>Genel \u00d6zellikleri<\/p>\n<ul>\n<li>TS EN ISO 2503 standard\u0131na uygunluk<\/li>\n<li>D\u00f6vme pirin\u00e7 g\u00f6vde ve ba\u015fl\u0131k<\/li>\n<li>\u00c7al\u0131\u015fma bas\u0131nc\u0131n\u0131 stabilize eden 90 mm&#8217;lik geni\u015f diyafram<\/li>\n<\/ul>\n<table width=\"630\">\n<thead>\n<tr>\n<td width=\"105\"><strong>\u00dcr\u00fcn Stok Numaras\u0131<\/strong><\/td>\n<td><strong>Gaz Cinsi<\/strong><\/td>\n<td><strong>Maksimum Gaz Giri\u015f Bas\u0131nc\u0131 (bar)<\/strong><\/td>\n<td><strong>Gaz \u00c7\u0131k\u0131\u015f Bas\u0131nc\u0131 (bar)<\/strong><\/td>\n<td><strong>Maksimum Gaz \u00c7\u0131k\u0131\u015f Debisi (m3\/h)<\/strong><\/td>\n<td><strong>T\u00fcp Ba\u011flant\u0131s\u0131<\/strong><\/td>\n<td><strong>Gaz \u00c7\u0131k\u0131\u015f Ba\u011flant\u0131s\u0131<\/strong><\/td>\n<\/tr>\n<\/thead>\n<tbody>\n<tr>\n<td>82HC94-1\/5AC<\/td>\n<td>Asetilen<\/td>\n<td>0-25<\/td>\n<td>0-1.4<\/td>\n<td>35<\/td>\n<td>W23.10&#215;1\/18&#8243; Sa\u011f<\/td>\n<td>G 3\/8&#8243;<\/td>\n<\/tr>\n<\/tbody>\n<\/table>\n","protected":false},"excerpt":{"rendered":"<p>Kullan\u0131m Alan\u0131 End\u00fcstri ve laboratuvarlardaki a\u011f\u0131r tip uygulamalarla kullan\u0131l\u0131r. Genel \u00d6zellikleri TS EN ISO 2503 standard\u0131na uygunluk D\u00f6vme pirin\u00e7 g\u00f6vde ve ba\u015fl\u0131k \u00c7al\u0131\u015fma bas\u0131nc\u0131n\u0131 stabilize eden 90 mm&#8217;lik geni\u015f diyafram \u00dcr\u00fcn Stok Numaras\u0131 Gaz Cinsi Maksimum Gaz Giri\u015f Bas\u0131nc\u0131 (bar) Gaz \u00c7\u0131k\u0131\u015f Bas\u0131nc\u0131 (bar) Maksimum Gaz \u00c7\u0131k\u0131\u015f Debisi (m3\/h) T\u00fcp Ba\u011flant\u0131s\u0131 Gaz \u00c7\u0131k\u0131\u015f Ba\u011flant\u0131s\u0131 82HC94-1\/5AC Asetilen 0-25 0-1.4 35 W23.10&#215;1\/18&#8243; [&hellip;]<\/p>\n","protected":false},"featured_media":10858,"comment_status":"open","ping_status":"closed","template":"","meta":[],"product_brand":[],"product_cat":[15,132,131],"product_tag":[],"class_list":{"0":"post-10856","1":"product","2":"type-product","3":"status-publish","4":"has-post-thumbnail","6":"product_cat-genel","7":"product_cat-gaz-armaturleri","8":"product_cat-gaz-armaturleri-basinc-dusuruculer","10":"first","11":"instock","12":"shipping-taxable","13":"product-type-simple"},"_links":{"self":[{"href":"http:\/\/basakcilastik.com.tr\/index.php?rest_route=\/wp\/v2\/product\/10856","targetHints":{"allow":["GET"]}}],"collection":[{"href":"http:\/\/basakcilastik.com.tr\/index.php?rest_route=\/wp\/v2\/product"}],"about":[{"href":"http:\/\/basakcilastik.com.tr\/index.php?rest_route=\/wp\/v2\/types\/product"}],"replies":[{"embeddable":true,"href":"http:\/\/basakcilastik.com.tr\/index.php?rest_route=%2Fwp%2Fv2%2Fcomments&post=10856"}],"wp:featuredmedia":[{"embeddable":true,"href":"http:\/\/basakcilastik.com.tr\/index.php?rest_route=\/wp\/v2\/media\/10858"}],"wp:attachment":[{"href":"http:\/\/basakcilastik.com.tr\/index.php?rest_route=%2Fwp%2Fv2%2Fmedia&parent=10856"}],"wp:term":[{"taxonomy":"product_brand","embeddable":true,"href":"http:\/\/basakcilastik.com.tr\/index.php?rest_route=%2Fwp%2Fv2%2Fproduct_brand&post=10856"},{"taxonomy":"product_cat","embeddable":true,"href":"http:\/\/basakcilastik.com.tr\/index.php?rest_route=%2Fwp%2Fv2%2Fproduct_cat&post=10856"},{"taxonomy":"product_tag","embeddable":true,"href":"http:\/\/basakcilastik.com.tr\/index.php?rest_route=%2Fwp%2Fv2%2Fproduct_tag&post=10856"}],"curies":[{"name":"wp","href":"https:\/\/api.w.org\/{rel}","templated":true}]}}