{"id":10827,"date":"2020-07-21T01:26:33","date_gmt":"2020-07-21T01:26:33","guid":{"rendered":"https:\/\/basakcilastik.com.tr\/?post_type=product&#038;p=10827"},"modified":"2020-07-21T01:32:05","modified_gmt":"2020-07-21T01:32:05","slug":"uz15-rapid-kaynak-agzi-acma-makinesi-nko1932","status":"publish","type":"product","link":"http:\/\/basakcilastik.com.tr\/?product=uz15-rapid-kaynak-agzi-acma-makinesi-nko1932","title":{"rendered":"UZ15-RAPID Kaynak A\u011fz\u0131 A\u00e7ma Makinesi NKO1932"},"content":{"rendered":"<p>Kaynak A\u011fz\u0131 A\u00e7ma Makinesi<\/p>\n<table width=\"310\">\n<tbody>\n<tr>\n<td width=\"50%\"><strong>\u00c7al\u0131\u015fma Voltaj\u0131<\/strong><\/td>\n<td>:400 V \u2013 3 fazl\u0131 50 Hz<\/td>\n<\/tr>\n<tr>\n<td width=\"50%\"><strong>Maksimum Kaynak A\u011fz\u0131 Derinli\u011fi<\/strong><\/td>\n<td>:15 mm<\/td>\n<\/tr>\n<tr>\n<td width=\"50%\"><strong>Kaynak A\u011fz\u0131 A\u00e7\u0131s\u0131<\/strong><\/td>\n<td>:15\u00b0 &#8211; 50\u00b0 aras\u0131nda ayarlanabilir.<\/td>\n<\/tr>\n<tr>\n<td width=\"50%\"><strong>Malzeme Kal\u0131nl\u0131\u011f\u0131<\/strong><\/td>\n<td>:6- 40 mm<\/td>\n<\/tr>\n<tr>\n<td width=\"50%\"><strong>Motor G\u00fcc\u00fc<\/strong><\/td>\n<td>:1500 W<\/td>\n<\/tr>\n<tr>\n<td width=\"50%\"><strong>Besleme<\/strong><\/td>\n<td>:3,5 m\/dk<\/td>\n<\/tr>\n<tr>\n<td width=\"50%\"><strong>Makine A\u011f\u0131rl\u0131\u011f\u0131<\/strong><\/td>\n<td>:94 kg<\/td>\n<\/tr>\n<tr>\n<td width=\"50%\"><strong>Makine \u00d6l\u00e7\u00fcleri<\/strong><\/td>\n<td>:530 x 395 x 860 mm<\/td>\n<\/tr>\n<tr>\n<td width=\"50%\"><strong>Manip\u00fclat\u00f6r ile Beraber Set A\u011f\u0131rl\u0131\u011f\u0131<\/strong><\/td>\n<td>:179 kg<\/td>\n<\/tr>\n<tr>\n<td width=\"50%\"><strong>Set \u00d6l\u00e7\u00fcleri<\/strong><\/td>\n<td>:1010 x 745 x 1326 mm<\/td>\n<\/tr>\n<\/tbody>\n<\/table>\n<p>Teknik \u00d6zellik<\/p>\n<p><strong>\u00a0<\/strong><\/p>\n<p>UZ 15 Rapid en h\u0131zl\u0131 otomatik beslemeli kaynak a\u011fz\u0131 a\u00e7ma makinelerinden biridir. Sadece at\u00f6lye i\u00e7i de\u011fil montaj<br \/>\na\u015famalar\u0131nda da rahatl\u0131kla kullan\u0131labilir. Kaynak a\u011fz\u0131 a\u00e7\u0131lar\u0131 makine \u00fczerinden ayarlanabilir. Otomatik beslemeli olan bu<br \/>\nmodel size konforlu \u00e7al\u0131\u015fma imkan\u0131 sunar.<\/p>\n<ul>\n<li>\u00c7elik (600 MPa\u2019ya kadar olanlar), pirin\u00e7, bak\u0131r ve al\u00fcminyum plakalar \u00fczerinde kullan\u0131labilir.<\/li>\n<li>Malzeme kal\u0131nl\u0131\u011f\u0131 6 \u2013 40 mm aras\u0131nda olabilir.<\/li>\n<li>Kaynak a\u011fz\u0131 a\u00e7\u0131s\u0131 par\u00e7a de\u011fi\u015ftirmeye gerek olmadan 15\u00b0 ile 50 \u00b0 aras\u0131nda kolayl\u0131kla de\u011fi\u015ftirilebilir.<\/li>\n<li>Makineyi daha kolay kavramak ve daha verimli \u00e7al\u0131\u015fmak i\u00e7in manip\u00fclat\u00f6r ile kullan\u0131ld\u0131\u011f\u0131nda, plakay\u0131 d\u00f6nd\u00fcrmeden iki tarafl\u0131 (X) veya (V) kaynak a\u011fz\u0131 a\u00e7ma imkan\u0131 sunar.<\/li>\n<li>Otomatik beslemelidir.<\/li>\n<li>Mobil veya sabit kullan\u0131labilir.<\/li>\n<li>B\u00fcy\u00fck plakalar \u00fczerinde 3,5 m\/dk h\u0131zla \u00e7al\u0131\u015fabilir.<\/li>\n<li>K\u00fc\u00e7\u00fck plakalara makine \u00fczerinde kaynak a\u011fz\u0131 a\u00e7\u0131labilir.<\/li>\n<\/ul>\n","protected":false},"excerpt":{"rendered":"<p>Kaynak A\u011fz\u0131 A\u00e7ma Makinesi \u00c7al\u0131\u015fma Voltaj\u0131 :400 V \u2013 3 fazl\u0131 50 Hz Maksimum Kaynak A\u011fz\u0131 Derinli\u011fi :15 mm Kaynak A\u011fz\u0131 A\u00e7\u0131s\u0131 :15\u00b0 &#8211; 50\u00b0 aras\u0131nda ayarlanabilir. Malzeme Kal\u0131nl\u0131\u011f\u0131 :6- 40 mm Motor G\u00fcc\u00fc :1500 W Besleme :3,5 m\/dk Makine A\u011f\u0131rl\u0131\u011f\u0131 :94 kg Makine \u00d6l\u00e7\u00fcleri :530 x 395 x 860 mm Manip\u00fclat\u00f6r ile Beraber Set A\u011f\u0131rl\u0131\u011f\u0131 :179 kg Set \u00d6l\u00e7\u00fcleri [&hellip;]<\/p>\n","protected":false},"featured_media":10828,"comment_status":"open","ping_status":"closed","template":"","meta":[],"product_brand":[],"product_cat":[15,131,133],"product_tag":[],"class_list":{"0":"post-10827","1":"product","2":"type-product","3":"status-publish","4":"has-post-thumbnail","6":"product_cat-genel","7":"product_cat-gaz-armaturleri-basinc-dusuruculer","8":"product_cat-kaynak-agiz-acma-makine","10":"first","11":"instock","12":"shipping-taxable","13":"product-type-simple"},"_links":{"self":[{"href":"http:\/\/basakcilastik.com.tr\/index.php?rest_route=\/wp\/v2\/product\/10827","targetHints":{"allow":["GET"]}}],"collection":[{"href":"http:\/\/basakcilastik.com.tr\/index.php?rest_route=\/wp\/v2\/product"}],"about":[{"href":"http:\/\/basakcilastik.com.tr\/index.php?rest_route=\/wp\/v2\/types\/product"}],"replies":[{"embeddable":true,"href":"http:\/\/basakcilastik.com.tr\/index.php?rest_route=%2Fwp%2Fv2%2Fcomments&post=10827"}],"wp:featuredmedia":[{"embeddable":true,"href":"http:\/\/basakcilastik.com.tr\/index.php?rest_route=\/wp\/v2\/media\/10828"}],"wp:attachment":[{"href":"http:\/\/basakcilastik.com.tr\/index.php?rest_route=%2Fwp%2Fv2%2Fmedia&parent=10827"}],"wp:term":[{"taxonomy":"product_brand","embeddable":true,"href":"http:\/\/basakcilastik.com.tr\/index.php?rest_route=%2Fwp%2Fv2%2Fproduct_brand&post=10827"},{"taxonomy":"product_cat","embeddable":true,"href":"http:\/\/basakcilastik.com.tr\/index.php?rest_route=%2Fwp%2Fv2%2Fproduct_cat&post=10827"},{"taxonomy":"product_tag","embeddable":true,"href":"http:\/\/basakcilastik.com.tr\/index.php?rest_route=%2Fwp%2Fv2%2Fproduct_tag&post=10827"}],"curies":[{"name":"wp","href":"https:\/\/api.w.org\/{rel}","templated":true}]}}