{"id":10825,"date":"2020-07-21T01:25:36","date_gmt":"2020-07-21T01:25:36","guid":{"rendered":"https:\/\/basakcilastik.com.tr\/?post_type=product&#038;p=10825"},"modified":"2020-07-21T01:25:37","modified_gmt":"2020-07-21T01:25:37","slug":"uz-50-kaynak-agzi-acma-makinesi-3d-manipulator-nko1940","status":"publish","type":"product","link":"http:\/\/basakcilastik.com.tr\/?product=uz-50-kaynak-agzi-acma-makinesi-3d-manipulator-nko1940","title":{"rendered":"UZ 50 Kaynak A\u011fz\u0131 A\u00e7ma Makinesi + 3D Manipulat\u00f6r NKO1940"},"content":{"rendered":"<p>UZ 50 Kaynak A\u011fz\u0131 A\u00e7ma Makinesi + 3D Manipulat\u00f6r<\/p>\n<table width=\"310\">\n<tbody>\n<tr>\n<td width=\"50%\"><strong>\u00c7al\u0131\u015fma Voltaj\u0131<\/strong><\/td>\n<td>:400 V \u2013 3 fazl\u0131 50 Hz<\/td>\n<\/tr>\n<tr>\n<td width=\"50%\"><strong>Maksimum Kaynak A\u011fz\u0131 Derinli\u011fi<\/strong><\/td>\n<td>:62 mm<\/td>\n<\/tr>\n<tr>\n<td width=\"50%\"><strong>Kaynak A\u011fz\u0131 A\u00e7\u0131s\u0131<\/strong><\/td>\n<td>:15\u00b0 &#8211; 60\u00b0 aras\u0131nda ayarlanabilir.<\/td>\n<\/tr>\n<tr>\n<td width=\"50%\"><strong>Malzeme Kal\u0131nl\u0131\u011f\u0131<\/strong><\/td>\n<td>:7- 80 mm<\/td>\n<\/tr>\n<tr>\n<td width=\"50%\"><strong>Motor G\u00fcc\u00fc<\/strong><\/td>\n<td>:4000 W<\/td>\n<\/tr>\n<tr>\n<td width=\"50%\"><strong>Besleme H\u0131z\u0131<\/strong><\/td>\n<td>:1,2 m\/dk<\/td>\n<\/tr>\n<tr>\n<td width=\"50%\"><strong>Makine A\u011f\u0131rl\u0131\u011f\u0131<\/strong><\/td>\n<td>:175 kg<\/td>\n<\/tr>\n<tr>\n<td width=\"50%\"><strong>Makine \u00d6l\u00e7\u00fcleri<\/strong><\/td>\n<td>:1010 x 745 x 1326 mm<\/td>\n<\/tr>\n<tr>\n<td width=\"50%\"><strong>B\u0131\u00e7ak Say\u0131s\u0131<\/strong><\/td>\n<td>:5 Adet<\/td>\n<\/tr>\n<\/tbody>\n<\/table>\n<p>Teknik \u00d6zellik<\/p>\n<p>UZ 50 Triumph kaynak a\u011fz\u0131 a\u00e7ma makinesi 3 farkl\u0131 teknolojiyi bir araya getirerek size tek bir makine ile benzersiz \u00e7\u00f6z\u00fcmler sunar. Bu model 1,2 m\/dk h\u0131z ile 15\u00b0- 50\u00b0 a\u00e7\u0131 ile mobil olarak kaynak a\u011fz\u0131 a\u00e7abilir. Ayn\u0131 zamanda, makine 3D manip\u00fclat\u00f6re ba\u011flanarak ters \u00e7evrilebilir ve size plakay\u0131 d\u00f6nd\u00fcrmeden iki tarafl\u0131 (X) veya (V) kaynak a\u011fz\u0131 a\u00e7ma imkan\u0131 sunar. Ayr\u0131ca bu model, UZP 30 eklentisi ile min. 200 mm uzunlu\u011fundaki k\u00fc\u00e7\u00fck par\u00e7alar\u0131n \u00fczerinde kaynak a\u011fz\u0131 a\u00e7\u0131labilecek sabit tezgaha d\u00f6n\u00fc\u015fmektedir. UZ 50 Triumph makinesi kesme prensibiyle \u00e7al\u0131\u015fmaktad\u0131r ve bu sebeple ideal kaynak a\u011fz\u0131 derinli\u011fi ayar\u0131 yap\u0131labilir. UZ 50 Triumph, standart \u00e7elik plakalar\u0131n yan\u0131 s\u0131ra, paslanmaz \u00e7elik, Hardox, Weldox ve Domex gibi daha sert metallerin \u00fczerinde m\u00fckemmel sonuca ula\u015f\u0131r. Uz 50 Triumph 3D Manip\u00fclat\u00f6r ile beraber sat\u0131lmaktad\u0131r. Manip\u00fclat\u00f6r makinenin dikey olarak 180\u00b0 d\u00f6nmesini, istenilen \u00e7al\u0131\u015fma pozisyonuna ve y\u00fcksekli\u011fine kolayl\u0131kla ula\u015fmas\u0131n\u0131 sa\u011flar. Yerdeki p\u00fcr\u00fczlerin i\u015flemin kalitesini etkilemesini ve deformasyonlar\u0131 \u00f6nler. Kolay ba\u011flant\u0131 sistemi sayesinde saniyeler i\u00e7inde makineyi manip\u00fclat\u00f6re ba\u011flamak ve s\u00f6kmek m\u00fcmk\u00fcnd\u00fcr.<\/p>\n<p>&nbsp;<\/p>\n<ul>\n<li>Otomatik ilerleme h\u0131z\u0131 maksimum 1,2 m\/dk\u2019d\u0131r.<\/li>\n<li>Y\u00fcksek devirli freze usul\u00fc kesme i\u015flemi yapar ve b\u0131\u00e7aklar uzun \u00f6m\u00fcrl\u00fc kullan\u0131labilir.<\/li>\n<li>Kaynak a\u011fz\u0131 a\u00e7\u0131s\u0131 par\u00e7a de\u011fi\u015ftirmeye gerek olmadan 15\u00b0 ile 60 \u00b0 aras\u0131nda kolayl\u0131kla de\u011fi\u015ftirilebilir.<\/li>\n<li>Elektrik ve elektronik aksam\u0131 toza ve titre\u015fime dayan\u0131kl\u0131 pano i\u00e7erisindedir.<\/li>\n<li>T\u00fcm ekipmanlar g\u00fcvenlik normlar\u0131na uygun \u00fcretilmi\u015ftir.<\/li>\n<li>Paslanmaz \u00e7elik, Hardox, Weldox ve Domex gibi daha sert metallerin \u00fczerinde kaynak a\u011fz\u0131 i\u015flemi yapar.\u200b<\/li>\n<\/ul>\n","protected":false},"excerpt":{"rendered":"<p>UZ 50 Kaynak A\u011fz\u0131 A\u00e7ma Makinesi + 3D Manipulat\u00f6r \u00c7al\u0131\u015fma Voltaj\u0131 :400 V \u2013 3 fazl\u0131 50 Hz Maksimum Kaynak A\u011fz\u0131 Derinli\u011fi :62 mm Kaynak A\u011fz\u0131 A\u00e7\u0131s\u0131 :15\u00b0 &#8211; 60\u00b0 aras\u0131nda ayarlanabilir. Malzeme Kal\u0131nl\u0131\u011f\u0131 :7- 80 mm Motor G\u00fcc\u00fc :4000 W Besleme H\u0131z\u0131 :1,2 m\/dk Makine A\u011f\u0131rl\u0131\u011f\u0131 :175 kg Makine \u00d6l\u00e7\u00fcleri :1010 x 745 x 1326 mm B\u0131\u00e7ak Say\u0131s\u0131 :5 [&hellip;]<\/p>\n","protected":false},"featured_media":10826,"comment_status":"open","ping_status":"closed","template":"","meta":[],"product_brand":[],"product_cat":[15,131,133],"product_tag":[],"class_list":{"0":"post-10825","1":"product","2":"type-product","3":"status-publish","4":"has-post-thumbnail","6":"product_cat-genel","7":"product_cat-gaz-armaturleri-basinc-dusuruculer","8":"product_cat-kaynak-agiz-acma-makine","10":"first","11":"instock","12":"shipping-taxable","13":"product-type-simple"},"_links":{"self":[{"href":"http:\/\/basakcilastik.com.tr\/index.php?rest_route=\/wp\/v2\/product\/10825","targetHints":{"allow":["GET"]}}],"collection":[{"href":"http:\/\/basakcilastik.com.tr\/index.php?rest_route=\/wp\/v2\/product"}],"about":[{"href":"http:\/\/basakcilastik.com.tr\/index.php?rest_route=\/wp\/v2\/types\/product"}],"replies":[{"embeddable":true,"href":"http:\/\/basakcilastik.com.tr\/index.php?rest_route=%2Fwp%2Fv2%2Fcomments&post=10825"}],"wp:featuredmedia":[{"embeddable":true,"href":"http:\/\/basakcilastik.com.tr\/index.php?rest_route=\/wp\/v2\/media\/10826"}],"wp:attachment":[{"href":"http:\/\/basakcilastik.com.tr\/index.php?rest_route=%2Fwp%2Fv2%2Fmedia&parent=10825"}],"wp:term":[{"taxonomy":"product_brand","embeddable":true,"href":"http:\/\/basakcilastik.com.tr\/index.php?rest_route=%2Fwp%2Fv2%2Fproduct_brand&post=10825"},{"taxonomy":"product_cat","embeddable":true,"href":"http:\/\/basakcilastik.com.tr\/index.php?rest_route=%2Fwp%2Fv2%2Fproduct_cat&post=10825"},{"taxonomy":"product_tag","embeddable":true,"href":"http:\/\/basakcilastik.com.tr\/index.php?rest_route=%2Fwp%2Fv2%2Fproduct_tag&post=10825"}],"curies":[{"name":"wp","href":"https:\/\/api.w.org\/{rel}","templated":true}]}}