{"id":10808,"date":"2020-07-21T01:18:43","date_gmt":"2020-07-21T01:18:43","guid":{"rendered":"https:\/\/basakcilastik.com.tr\/?post_type=product&#038;p=10808"},"modified":"2020-07-21T01:33:03","modified_gmt":"2020-07-21T01:33:03","slug":"b15-elektra-kaynak-agzi-acma-makinesi-nko25250","status":"publish","type":"product","link":"http:\/\/basakcilastik.com.tr\/?product=b15-elektra-kaynak-agzi-acma-makinesi-nko25250","title":{"rendered":"B15-ELEKTRA Kaynak A\u011fz\u0131 A\u00e7ma Makinesi NKO25250"},"content":{"rendered":"<p>Kaynak A\u011fz\u0131 A\u00e7ma Makinesi<\/p>\n<table width=\"310\">\n<tbody>\n<tr>\n<td width=\"50%\"><strong>\u00c7al\u0131\u015fma Voltaj\u0131<\/strong><\/td>\n<td>:230 V \u2013 50-60 Hz<\/td>\n<\/tr>\n<tr>\n<td width=\"50%\"><strong>Kaynak A\u011fz\u0131 A\u00e7\u0131s\u0131<\/strong><\/td>\n<td>:Kafa a\u00e7\u0131lar\u0131; 30\u00b0, 37,5\u00b0, 45\u00b0, 50\u00b0, 60\u00b0<\/td>\n<\/tr>\n<tr>\n<td width=\"50%\"><strong>Kaynak A\u011fz\u0131 Derinli\u011fi<\/strong><\/td>\n<td>:0 &#8211; 15 mm<\/td>\n<\/tr>\n<tr>\n<td width=\"50%\"><strong>Motor G\u00fcc\u00fc<\/strong><\/td>\n<td>:2500 W \/ 2000 W<\/td>\n<\/tr>\n<tr>\n<td width=\"50%\"><strong>Motor H\u0131z\u0131<\/strong><\/td>\n<td>:6600 d\/dk<\/td>\n<\/tr>\n<tr>\n<td width=\"50%\"><strong>A\u011f\u0131rl\u0131k (kg)<\/strong><\/td>\n<td>:9,5 kg<\/td>\n<\/tr>\n<tr>\n<td width=\"50%\"><strong>B\u0131\u00e7ak Say\u0131s\u0131<\/strong><\/td>\n<td>:6 adet<\/td>\n<\/tr>\n<\/tbody>\n<\/table>\n<p>Teknik \u00d6zellik<\/p>\n<p>Metal plakalar \u00fczerinde, delik i\u00e7lerinde ve i\u00e7\/d\u0131\u015f rad\u00fcsl\u00fc b\u00f6lgelerde kaynak a\u011fz\u0131 a\u00e7mak, \u00e7apak temizlemek ve kenar yuvarlamak i\u00e7in tasarlanm\u0131\u015ft\u0131r. Bu makine ile kaynak \u00f6ncesi haz\u0131rl\u0131k yapabilir ve istenilen a\u00e7\u0131y\u0131 en temiz y\u00fczeyi elde ederek verebilirsiniz. A\u015f\u0131r\u0131 y\u00fcklenmeye dayan\u0131kl\u0131 g\u00fc\u00e7l\u00fc elektrikli motora sahiptir.<\/p>\n<p>&nbsp;<\/p>\n<ul>\n<li>\u200bAyar ba\u015fl\u0131\u011f\u0131 sayesinde kaynak a\u011fz\u0131 derinli\u011fi ayarlanabilir.<\/li>\n<li>\u00c7elik, al\u00fcminyum ve di\u011fer metal plakalar \u00fczerinde kullan\u0131labilir.<\/li>\n<li>De\u011fi\u015ftirilebilen kesici kafalar ile farkl\u0131 a\u00e7\u0131larda i\u015flemler yap\u0131labilir.<\/li>\n<li>Elde kullan\u0131lmak \u00fczere tasarlanm\u0131\u015f bu model, g\u00fc\u00e7l\u00fc donan\u0131ma sahiptir.<\/li>\n<li>Ergonomik d\u00f6ner tutamakl\u0131d\u0131r.<\/li>\n<li>Kaynak i\u015flemleri \u00f6ncesi kenar yuvarlama fonksiyonu bulunur.<\/li>\n<\/ul>\n","protected":false},"excerpt":{"rendered":"<p>Kaynak A\u011fz\u0131 A\u00e7ma Makinesi \u00c7al\u0131\u015fma Voltaj\u0131 :230 V \u2013 50-60 Hz Kaynak A\u011fz\u0131 A\u00e7\u0131s\u0131 :Kafa a\u00e7\u0131lar\u0131; 30\u00b0, 37,5\u00b0, 45\u00b0, 50\u00b0, 60\u00b0 Kaynak A\u011fz\u0131 Derinli\u011fi :0 &#8211; 15 mm Motor G\u00fcc\u00fc :2500 W \/ 2000 W Motor H\u0131z\u0131 :6600 d\/dk A\u011f\u0131rl\u0131k (kg) :9,5 kg B\u0131\u00e7ak Say\u0131s\u0131 :6 adet Teknik \u00d6zellik Metal plakalar \u00fczerinde, delik i\u00e7lerinde ve i\u00e7\/d\u0131\u015f rad\u00fcsl\u00fc b\u00f6lgelerde kaynak a\u011fz\u0131 [&hellip;]<\/p>\n","protected":false},"featured_media":10810,"comment_status":"open","ping_status":"closed","template":"","meta":[],"product_brand":[],"product_cat":[15,131,133],"product_tag":[],"class_list":{"0":"post-10808","1":"product","2":"type-product","3":"status-publish","4":"has-post-thumbnail","6":"product_cat-genel","7":"product_cat-gaz-armaturleri-basinc-dusuruculer","8":"product_cat-kaynak-agiz-acma-makine","10":"first","11":"instock","12":"shipping-taxable","13":"product-type-simple"},"_links":{"self":[{"href":"http:\/\/basakcilastik.com.tr\/index.php?rest_route=\/wp\/v2\/product\/10808","targetHints":{"allow":["GET"]}}],"collection":[{"href":"http:\/\/basakcilastik.com.tr\/index.php?rest_route=\/wp\/v2\/product"}],"about":[{"href":"http:\/\/basakcilastik.com.tr\/index.php?rest_route=\/wp\/v2\/types\/product"}],"replies":[{"embeddable":true,"href":"http:\/\/basakcilastik.com.tr\/index.php?rest_route=%2Fwp%2Fv2%2Fcomments&post=10808"}],"wp:featuredmedia":[{"embeddable":true,"href":"http:\/\/basakcilastik.com.tr\/index.php?rest_route=\/wp\/v2\/media\/10810"}],"wp:attachment":[{"href":"http:\/\/basakcilastik.com.tr\/index.php?rest_route=%2Fwp%2Fv2%2Fmedia&parent=10808"}],"wp:term":[{"taxonomy":"product_brand","embeddable":true,"href":"http:\/\/basakcilastik.com.tr\/index.php?rest_route=%2Fwp%2Fv2%2Fproduct_brand&post=10808"},{"taxonomy":"product_cat","embeddable":true,"href":"http:\/\/basakcilastik.com.tr\/index.php?rest_route=%2Fwp%2Fv2%2Fproduct_cat&post=10808"},{"taxonomy":"product_tag","embeddable":true,"href":"http:\/\/basakcilastik.com.tr\/index.php?rest_route=%2Fwp%2Fv2%2Fproduct_tag&post=10808"}],"curies":[{"name":"wp","href":"https:\/\/api.w.org\/{rel}","templated":true}]}}