{"id":10800,"date":"2020-07-21T01:15:21","date_gmt":"2020-07-21T01:15:21","guid":{"rendered":"https:\/\/basakcilastik.com.tr\/?post_type=product&#038;p=10800"},"modified":"2020-07-21T01:34:07","modified_gmt":"2020-07-21T01:34:07","slug":"b-22-zero-kaynak-agzi-acma-makinesi-nk029200","status":"publish","type":"product","link":"http:\/\/basakcilastik.com.tr\/?product=b-22-zero-kaynak-agzi-acma-makinesi-nk029200","title":{"rendered":"B 22 Zero Kaynak A\u011fz\u0131 A\u00e7ma Makinesi NK029200"},"content":{"rendered":"<p>B 22 Zero Kaynak A\u011fz\u0131 A\u00e7ma Makinesi<\/p>\n<table width=\"310\">\n<tbody>\n<tr>\n<td width=\"50%\"><strong>\u00c7al\u0131\u015fma Voltaj\u0131<\/strong><\/td>\n<td>:400 V \u2013 3 fazl\u0131 50 Hz<\/td>\n<\/tr>\n<tr>\n<td width=\"50%\"><strong>Kaynak A\u011fz\u0131 A\u00e7\u0131s\u0131<\/strong><\/td>\n<td>:0\u00b0- 60\u00b0 aras\u0131nda ayarlanabilir.<\/td>\n<\/tr>\n<tr>\n<td width=\"50%\"><strong>Kaynak A\u011fz\u0131 Derinli\u011fi<\/strong><\/td>\n<td>:0 &#8211; 20 mm<\/td>\n<\/tr>\n<tr>\n<td width=\"50%\"><strong>Motor G\u00fcc\u00fc<\/strong><\/td>\n<td>:1100 W<\/td>\n<\/tr>\n<tr>\n<td width=\"50%\"><strong>Motor H\u0131z\u0131<\/strong><\/td>\n<td>:2850 d\/dk<\/td>\n<\/tr>\n<tr>\n<td width=\"50%\"><strong>A\u011f\u0131rl\u0131k<\/strong><\/td>\n<td>:19,5 kg<\/td>\n<\/tr>\n<tr>\n<td width=\"50%\"><strong>B\u0131\u00e7ak Say\u0131s\u0131<\/strong><\/td>\n<td>:10 adet<\/td>\n<\/tr>\n<\/tbody>\n<\/table>\n<p>Teknik \u00d6zellik<\/p>\n<p>Kesme operasyonlar\u0131 sonras\u0131nda metaller \u00fczerinde olu\u015fan istenmeyen \u00e7apaklar\u0131 temizlemek, al\u0131n t\u0131ra\u015flama yapmak ve kaynak a\u011fz\u0131 a\u00e7mak i\u00e7in tasarlanm\u0131\u015ft\u0131r. Bu makine ile kaynak \u00f6ncesi haz\u0131rl\u0131k yapabilir ve istenilen a\u00e7\u0131y\u0131 en temiz y\u00fczeyi elde ederek verebilirsiniz. A\u015f\u0131r\u0131 y\u00fcklenmeye dayan\u0131kl\u0131 g\u00fc\u00e7l\u00fc elektrikli motora sahiptir.<\/p>\n<ul>\n<li>Y\u00fcksek performansl\u0131 3 fazl\u0131 motora sahiptir.<\/li>\n<li>Kaynak a\u011fz\u0131 a\u00e7ma a\u00e7\u0131s\u0131n\u0131 0\u00b0 &#8211; 60\u00b0 aras\u0131nda ayarlayabilme imkan\u0131 sunar.<\/li>\n<li>Kesme i\u015flemleri sonras\u0131nda olu\u015fan p\u00fcr\u00fczleri metal y\u00fczeyinden 0\u00b0\u2019ye kadar temizler.<\/li>\n<li>Hassas ayar mekanizmas\u0131 sayesinde istenilen derinli\u011fe ula\u015f\u0131l\u0131r.<\/li>\n<li>Kompakt ve ergonomik tasar\u0131m\u0131 sayesinde y\u00fcksek verimlilikle \u00e7al\u0131\u015fmak m\u00fcmk\u00fcnd\u00fcr.<\/li>\n<li>G\u00f6vdeyi saran koruma kalkan\u0131 makineyi \u00e7arpmaya ba\u011fl\u0131 hasarlardan korur ve \u00e7al\u0131\u015fma esnas\u0131nda kolay tutulmas\u0131n\u0131 sa\u011flar.<\/li>\n<li>Boru aparatlar\u0131 ile beraber 150 mm \u00e7ap \u00fczerinde kaynak a\u011fz\u0131 a\u00e7abilir.<\/li>\n<li>Opsiyonel olarak ilave edilebilir tutamak mevcuttur.<\/li>\n<\/ul>\n","protected":false},"excerpt":{"rendered":"<p>B 22 Zero Kaynak A\u011fz\u0131 A\u00e7ma Makinesi \u00c7al\u0131\u015fma Voltaj\u0131 :400 V \u2013 3 fazl\u0131 50 Hz Kaynak A\u011fz\u0131 A\u00e7\u0131s\u0131 :0\u00b0- 60\u00b0 aras\u0131nda ayarlanabilir. Kaynak A\u011fz\u0131 Derinli\u011fi :0 &#8211; 20 mm Motor G\u00fcc\u00fc :1100 W Motor H\u0131z\u0131 :2850 d\/dk A\u011f\u0131rl\u0131k :19,5 kg B\u0131\u00e7ak Say\u0131s\u0131 :10 adet Teknik \u00d6zellik Kesme operasyonlar\u0131 sonras\u0131nda metaller \u00fczerinde olu\u015fan istenmeyen \u00e7apaklar\u0131 temizlemek, al\u0131n t\u0131ra\u015flama yapmak ve [&hellip;]<\/p>\n","protected":false},"featured_media":10802,"comment_status":"open","ping_status":"closed","template":"","meta":[],"product_brand":[],"product_cat":[15,131,133],"product_tag":[],"class_list":{"0":"post-10800","1":"product","2":"type-product","3":"status-publish","4":"has-post-thumbnail","6":"product_cat-genel","7":"product_cat-gaz-armaturleri-basinc-dusuruculer","8":"product_cat-kaynak-agiz-acma-makine","10":"first","11":"instock","12":"shipping-taxable","13":"product-type-simple"},"_links":{"self":[{"href":"http:\/\/basakcilastik.com.tr\/index.php?rest_route=\/wp\/v2\/product\/10800","targetHints":{"allow":["GET"]}}],"collection":[{"href":"http:\/\/basakcilastik.com.tr\/index.php?rest_route=\/wp\/v2\/product"}],"about":[{"href":"http:\/\/basakcilastik.com.tr\/index.php?rest_route=\/wp\/v2\/types\/product"}],"replies":[{"embeddable":true,"href":"http:\/\/basakcilastik.com.tr\/index.php?rest_route=%2Fwp%2Fv2%2Fcomments&post=10800"}],"wp:featuredmedia":[{"embeddable":true,"href":"http:\/\/basakcilastik.com.tr\/index.php?rest_route=\/wp\/v2\/media\/10802"}],"wp:attachment":[{"href":"http:\/\/basakcilastik.com.tr\/index.php?rest_route=%2Fwp%2Fv2%2Fmedia&parent=10800"}],"wp:term":[{"taxonomy":"product_brand","embeddable":true,"href":"http:\/\/basakcilastik.com.tr\/index.php?rest_route=%2Fwp%2Fv2%2Fproduct_brand&post=10800"},{"taxonomy":"product_cat","embeddable":true,"href":"http:\/\/basakcilastik.com.tr\/index.php?rest_route=%2Fwp%2Fv2%2Fproduct_cat&post=10800"},{"taxonomy":"product_tag","embeddable":true,"href":"http:\/\/basakcilastik.com.tr\/index.php?rest_route=%2Fwp%2Fv2%2Fproduct_tag&post=10800"}],"curies":[{"name":"wp","href":"https:\/\/api.w.org\/{rel}","templated":true}]}}