{"id":10797,"date":"2020-07-21T01:14:16","date_gmt":"2020-07-21T01:14:16","guid":{"rendered":"https:\/\/basakcilastik.com.tr\/?post_type=product&#038;p=10797"},"modified":"2020-07-21T01:14:17","modified_gmt":"2020-07-21T01:14:17","slug":"b-3-kaynak-agzi-acma-makinesi-nko28220","status":"publish","type":"product","link":"http:\/\/basakcilastik.com.tr\/?product=b-3-kaynak-agzi-acma-makinesi-nko28220","title":{"rendered":"B 3 Kaynak A\u011fz\u0131 A\u00e7ma Makinesi NKO28220"},"content":{"rendered":"<p>B 3 Kaynak A\u011fz\u0131 A\u00e7ma Makinesi<\/p>\n<table width=\"310\">\n<tbody>\n<tr>\n<td width=\"50%\"><strong>\u00c7al\u0131\u015fma Voltaj\u0131<\/strong><\/td>\n<td>:400 V \u2013 3 faz 50 Hz<\/td>\n<\/tr>\n<tr>\n<td width=\"50%\"><strong>Kaynak A\u011fz\u0131 A\u00e7\u0131s\u0131<\/strong><\/td>\n<td>:30\u00b0 &#8211; 60\u00b0<\/td>\n<\/tr>\n<tr>\n<td width=\"50%\"><strong>Kaynak A\u011fz\u0131 Derinli\u011fi<\/strong><\/td>\n<td>:45\u00b0 &#8211; 0-5 mm<\/td>\n<\/tr>\n<tr>\n<td width=\"50%\"><strong>Kaynak A\u011fz\u0131 Derinli\u011fi<\/strong><\/td>\n<td>:60\u00b0 &#8211; 0-3 mm<\/td>\n<\/tr>\n<tr>\n<td width=\"50%\"><strong>Motor G\u00fcc\u00fc<\/strong><\/td>\n<td>:1300 W<\/td>\n<\/tr>\n<tr>\n<td width=\"50%\"><strong>Motor H\u0131z\u0131<\/strong><\/td>\n<td>:3 600 d\/dk<\/td>\n<\/tr>\n<tr>\n<td width=\"50%\"><strong>Besleme<\/strong><\/td>\n<td>:Manuel<\/td>\n<\/tr>\n<tr>\n<td width=\"50%\"><strong>A\u011f\u0131rl\u0131k<\/strong><\/td>\n<td>:31 kg<\/td>\n<\/tr>\n<tr>\n<td width=\"50%\"><strong>\u00d6l\u00e7\u00fcleri<\/strong><\/td>\n<td>:530x420x410 mm<\/td>\n<\/tr>\n<tr>\n<td width=\"50%\"><strong>B\u0131\u00e7ak Say\u0131s\u0131<\/strong><\/td>\n<td>:5 adet<\/td>\n<\/tr>\n<\/tbody>\n<\/table>\n<p>Teknik \u00d6zellik<\/p>\n<p>Tek par\u00e7adan olu\u015fan sabit model, d\u00fcz \u00e7elik ve \u00e7elik plakalar \u00fczerinde kaynak a\u011fz\u0131 a\u00e7mak ve \u00e7apak temizlemek i\u00e7in tasarlanm\u0131\u015ft\u0131r. Farkl\u0131 materyaller \u00fczerinde i\u015flem yap\u0131labilir.<\/p>\n<ul>\n<li>\u00dczerinde bulunan ayar aparat\u0131yla kaynak a\u011fz\u0131 derinli\u011fi ayarlanabilir.<\/li>\n<li>Koruyucu kapaklar\u0131 bulunur.<\/li>\n<li>Kaynak a\u011fz\u0131 a\u00e7\u0131s\u0131 ayar\u0131 yap\u0131labilir.<\/li>\n<li>\u00c7elik, paslanmaz \u00e7elik, al\u00fcminyum ve di\u011fer metal plakalar \u00fczerinde kullan\u0131labilir.<\/li>\n<li>Sa\u011flam, hassas ve uzat\u0131lm\u0131\u015f par\u00e7a y\u00fcr\u00fctme tablas\u0131 bulunmaktad\u0131r.<\/li>\n<\/ul>\n","protected":false},"excerpt":{"rendered":"<p>B 3 Kaynak A\u011fz\u0131 A\u00e7ma Makinesi \u00c7al\u0131\u015fma Voltaj\u0131 :400 V \u2013 3 faz 50 Hz Kaynak A\u011fz\u0131 A\u00e7\u0131s\u0131 :30\u00b0 &#8211; 60\u00b0 Kaynak A\u011fz\u0131 Derinli\u011fi :45\u00b0 &#8211; 0-5 mm Kaynak A\u011fz\u0131 Derinli\u011fi :60\u00b0 &#8211; 0-3 mm Motor G\u00fcc\u00fc :1300 W Motor H\u0131z\u0131 :3 600 d\/dk Besleme :Manuel A\u011f\u0131rl\u0131k :31 kg \u00d6l\u00e7\u00fcleri :530x420x410 mm B\u0131\u00e7ak Say\u0131s\u0131 :5 adet Teknik \u00d6zellik Tek par\u00e7adan [&hellip;]<\/p>\n","protected":false},"featured_media":10798,"comment_status":"open","ping_status":"closed","template":"","meta":[],"product_brand":[],"product_cat":[15,131,133],"product_tag":[],"class_list":{"0":"post-10797","1":"product","2":"type-product","3":"status-publish","4":"has-post-thumbnail","6":"product_cat-genel","7":"product_cat-gaz-armaturleri-basinc-dusuruculer","8":"product_cat-kaynak-agiz-acma-makine","10":"first","11":"instock","12":"shipping-taxable","13":"product-type-simple"},"_links":{"self":[{"href":"http:\/\/basakcilastik.com.tr\/index.php?rest_route=\/wp\/v2\/product\/10797","targetHints":{"allow":["GET"]}}],"collection":[{"href":"http:\/\/basakcilastik.com.tr\/index.php?rest_route=\/wp\/v2\/product"}],"about":[{"href":"http:\/\/basakcilastik.com.tr\/index.php?rest_route=\/wp\/v2\/types\/product"}],"replies":[{"embeddable":true,"href":"http:\/\/basakcilastik.com.tr\/index.php?rest_route=%2Fwp%2Fv2%2Fcomments&post=10797"}],"wp:featuredmedia":[{"embeddable":true,"href":"http:\/\/basakcilastik.com.tr\/index.php?rest_route=\/wp\/v2\/media\/10798"}],"wp:attachment":[{"href":"http:\/\/basakcilastik.com.tr\/index.php?rest_route=%2Fwp%2Fv2%2Fmedia&parent=10797"}],"wp:term":[{"taxonomy":"product_brand","embeddable":true,"href":"http:\/\/basakcilastik.com.tr\/index.php?rest_route=%2Fwp%2Fv2%2Fproduct_brand&post=10797"},{"taxonomy":"product_cat","embeddable":true,"href":"http:\/\/basakcilastik.com.tr\/index.php?rest_route=%2Fwp%2Fv2%2Fproduct_cat&post=10797"},{"taxonomy":"product_tag","embeddable":true,"href":"http:\/\/basakcilastik.com.tr\/index.php?rest_route=%2Fwp%2Fv2%2Fproduct_tag&post=10797"}],"curies":[{"name":"wp","href":"https:\/\/api.w.org\/{rel}","templated":true}]}}