{"id":10792,"date":"2020-07-21T01:10:40","date_gmt":"2020-07-21T01:10:40","guid":{"rendered":"https:\/\/basakcilastik.com.tr\/?post_type=product&#038;p=10792"},"modified":"2020-07-21T01:10:42","modified_gmt":"2020-07-21T01:10:42","slug":"lule-karisimli-kesme-hamlaci-44302601-kesme-lulesi-4435","status":"publish","type":"product","link":"http:\/\/basakcilastik.com.tr\/?product=lule-karisimli-kesme-hamlaci-44302601-kesme-lulesi-4435","title":{"rendered":"L\u00fcle Kar\u0131\u015f\u0131ml\u0131 Kesme Hamlac\u0131 (4430+2601) + Kesme L\u00fclesi 4435"},"content":{"rendered":"<p>L\u00fcle Kar\u0131\u015f\u0131ml\u0131 Kesme Hamlac\u0131 (4430+2601) + Kesme L\u00fclesi<\/p>\n<table width=\"310\">\n<tbody>\n<tr>\n<td width=\"50%\"><strong>Boyu<\/strong><\/td>\n<td>:460 mm<\/td>\n<\/tr>\n<tr>\n<td width=\"50%\"><strong>Kafa A\u00e7\u0131s\u0131<\/strong><\/td>\n<td>:90 Derece<\/td>\n<\/tr>\n<tr>\n<td width=\"50%\"><strong>Kesme Kapasitesi<\/strong><\/td>\n<td>:0-300 mm<\/td>\n<\/tr>\n<\/tbody>\n<\/table>\n<p>&nbsp;<\/p>\n<p>Teknik \u00d6zellik<\/p>\n<p>Teknik \u00d6zellikler<\/p>\n<ul>\n<li>Oksijen-Yan\u0131c\u0131 gaz kesme uygulamalar\u0131.<\/li>\n<li>EN ISO 5172 standard\u0131na uygunluk<\/li>\n<li>L\u00fcle kar\u0131\u015f\u0131ml\u0131 kesme ekipman\u0131<\/li>\n<li>T\u00fcm gazlarla kullan\u0131labilme \u00f6zelli\u011fi (Propan \/ Do\u011fal Gaz \/ Asetilen)<\/li>\n<li>Sa\u011flaml\u0131k , s\u0131zd\u0131rmazl\u0131k ve kullan\u0131m kolayl\u0131\u011f\u0131 dikkate al\u0131nm\u0131\u015f hafif tasar\u0131m<\/li>\n<li>Tutama\u011fa Kolay ba\u011flant\u0131.<\/li>\n<li>S\u0131zd\u0131rmazl\u0131\u011f\u0131 sa\u011flayan O-ring sistemi<\/li>\n<li>Geli\u015ftirilmi\u015f tetik sistemi<\/li>\n<li>0 -300 mm Kesme kapasitesi<\/li>\n<\/ul>\n","protected":false},"excerpt":{"rendered":"<p>L\u00fcle Kar\u0131\u015f\u0131ml\u0131 Kesme Hamlac\u0131 (4430+2601) + Kesme L\u00fclesi Boyu :460 mm Kafa A\u00e7\u0131s\u0131 :90 Derece Kesme Kapasitesi :0-300 mm &nbsp; Teknik \u00d6zellik Teknik \u00d6zellikler Oksijen-Yan\u0131c\u0131 gaz kesme uygulamalar\u0131. EN ISO 5172 standard\u0131na uygunluk L\u00fcle kar\u0131\u015f\u0131ml\u0131 kesme ekipman\u0131 T\u00fcm gazlarla kullan\u0131labilme \u00f6zelli\u011fi (Propan \/ Do\u011fal Gaz \/ Asetilen) Sa\u011flaml\u0131k , s\u0131zd\u0131rmazl\u0131k ve kullan\u0131m kolayl\u0131\u011f\u0131 dikkate al\u0131nm\u0131\u015f hafif tasar\u0131m Tutama\u011fa Kolay ba\u011flant\u0131. [&hellip;]<\/p>\n","protected":false},"featured_media":10793,"comment_status":"open","ping_status":"closed","template":"","meta":[],"product_brand":[],"product_cat":[15,132,131],"product_tag":[],"class_list":{"0":"post-10792","1":"product","2":"type-product","3":"status-publish","4":"has-post-thumbnail","6":"product_cat-genel","7":"product_cat-gaz-armaturleri","8":"product_cat-gaz-armaturleri-basinc-dusuruculer","10":"first","11":"instock","12":"shipping-taxable","13":"product-type-simple"},"_links":{"self":[{"href":"http:\/\/basakcilastik.com.tr\/index.php?rest_route=\/wp\/v2\/product\/10792","targetHints":{"allow":["GET"]}}],"collection":[{"href":"http:\/\/basakcilastik.com.tr\/index.php?rest_route=\/wp\/v2\/product"}],"about":[{"href":"http:\/\/basakcilastik.com.tr\/index.php?rest_route=\/wp\/v2\/types\/product"}],"replies":[{"embeddable":true,"href":"http:\/\/basakcilastik.com.tr\/index.php?rest_route=%2Fwp%2Fv2%2Fcomments&post=10792"}],"wp:featuredmedia":[{"embeddable":true,"href":"http:\/\/basakcilastik.com.tr\/index.php?rest_route=\/wp\/v2\/media\/10793"}],"wp:attachment":[{"href":"http:\/\/basakcilastik.com.tr\/index.php?rest_route=%2Fwp%2Fv2%2Fmedia&parent=10792"}],"wp:term":[{"taxonomy":"product_brand","embeddable":true,"href":"http:\/\/basakcilastik.com.tr\/index.php?rest_route=%2Fwp%2Fv2%2Fproduct_brand&post=10792"},{"taxonomy":"product_cat","embeddable":true,"href":"http:\/\/basakcilastik.com.tr\/index.php?rest_route=%2Fwp%2Fv2%2Fproduct_cat&post=10792"},{"taxonomy":"product_tag","embeddable":true,"href":"http:\/\/basakcilastik.com.tr\/index.php?rest_route=%2Fwp%2Fv2%2Fproduct_tag&post=10792"}],"curies":[{"name":"wp","href":"https:\/\/api.w.org\/{rel}","templated":true}]}}